{"id":25406,"date":"2024-02-24T15:15:23","date_gmt":"2024-02-24T12:15:23","guid":{"rendered":"http:\/\/atceenerji.com\/?post_type=product&#038;p=25406"},"modified":"2024-03-18T00:06:42","modified_gmt":"2024-03-17T21:06:42","slug":"external-tedas-type-ag-distribution-boards","status":"publish","type":"product","link":"https:\/\/atceenerji.com\/tr_tr\/urunler\/es-serisi\/eso-serisi\/tedas-tipi-panolar\/external-tedas-type-ag-distribution-boards\/","title":{"rendered":"HAR\u0130C\u0130 TEDA\u0218 T\u0130P\u0130 AG DA\u011eITIM PANOLARI"},"content":{"rendered":"","protected":false},"excerpt":{"rendered":"<p>TEDA\u0218 MYD \u015eartnamesine uygun olarak TEDA\u0218 b\u00fcnyesindeki Da\u011f\u0131t\u0131m \u015eirketlerinin ve\/veya y\u00fcklenci firmalar\u0131n proje ve ihtiya\u00e7lar\u0131 do\u011frultusunda 50-400 kVA g\u00fc\u00e7ler aras\u0131nda \u00fcretim yap\u0131lmaktad\u0131r. Bina d\u0131\u015f\u0131 kullan\u0131ma uygun olarak yap\u0131lan harici tip panolar genellikle \u0219ehir veya k\u00f6y enerji nakli hatlar\u0131ndaki al\u00e7ak gerilim abonelerini besleyen direklerin alt\u0131nda, montaj tipine g\u00f6re direk tipi veya kaide tipi olarak kullan\u0131lmaktad\u0131r.<\/p>\n<link rel=\"stylesheet\" id=\"elementor-post-25400-css\" href=\"https:\/\/atceenerji.com\/wp-content\/uploads\/elementor\/css\/post-25400.css?ver=1774680518\" type=\"text\/css\" media=\"all\">\n<div data-elementor-type=\"wp-post\" data-elementor-id=\"25400\" class=\"elementor elementor-25400\" data-elementor-post-type=\"cms_block\">\n<div class=\"wd-negative-gap elementor-element elementor-element-1f68cc5 ozellik e-flex e-con-boxed e-con e-parent\" data-id=\"1f68cc5\" data-element_type=\"container\">\n<div class=\"e-con-inner\">\n<div class=\"elementor-element elementor-element-2222dc1 elementor-widget elementor-widget-wd_text_block\" data-id=\"2222dc1\" data-element_type=\"widget\" data-widget_type=\"wd_text_block.default\">\n<div class=\"elementor-widget-container\">\n<div class=\"wd-text-block reset-last-child text-left\">\n<table style=\"display: flex;\">\n<tbody>\n<tr>\n<td><img decoding=\"async\" class=\" wd-lazy-fade alignnone wp-image-25112\" src=\"https:\/\/atceenerji.com\/wp-content\/themes\/woodmart\/images\/lazy.svg\" data-src=\"http:\/\/atceenerji.com\/wp-content\/uploads\/2021\/08\/saglam-ve-ergonomik-250x300.png\" alt=\"\" width=\"58\" height=\"70\" srcset=\"\" data-srcset=\"https:\/\/atceenerji.com\/wp-content\/uploads\/2021\/08\/saglam-ve-ergonomik-250x300.png 250w, https:\/\/atceenerji.com\/wp-content\/uploads\/2021\/08\/saglam-ve-ergonomik-150x180.png 150w, https:\/\/atceenerji.com\/wp-content\/uploads\/2021\/08\/saglam-ve-ergonomik-58x70.png 58w, https:\/\/atceenerji.com\/wp-content\/uploads\/2021\/08\/saglam-ve-ergonomik.png 300w\" sizes=\"(max-width: 58px) 100vw, 58px\" \/><\/td>\n<td><img decoding=\"async\" class=\" wd-lazy-fade alignnone wp-image-25113\" src=\"https:\/\/atceenerji.com\/wp-content\/themes\/woodmart\/images\/lazy.svg\" data-src=\"http:\/\/atceenerji.com\/wp-content\/uploads\/2021\/08\/ihtiyaca-gore-projelendirme.png\" alt=\"\" width=\"72\" height=\"70\" srcset=\"\" data-srcset=\"https:\/\/atceenerji.com\/wp-content\/uploads\/2021\/08\/ihtiyaca-gore-projelendirme.png 300w, https:\/\/atceenerji.com\/wp-content\/uploads\/2021\/08\/ihtiyaca-gore-projelendirme-150x147.png 150w, https:\/\/atceenerji.com\/wp-content\/uploads\/2021\/08\/ihtiyaca-gore-projelendirme-72x70.png 72w\" sizes=\"(max-width: 72px) 100vw, 72px\" \/><\/td>\n<td><img decoding=\"async\" class=\" wd-lazy-fade alignnone wp-image-25402\" src=\"https:\/\/atceenerji.com\/wp-content\/themes\/woodmart\/images\/lazy.svg\" data-src=\"http:\/\/atceenerji.com\/wp-content\/uploads\/2024\/02\/sartnameye-uygun-278x300.png\" alt=\"\" width=\"65\" height=\"70\" srcset=\"\" data-srcset=\"https:\/\/atceenerji.com\/wp-content\/uploads\/2024\/02\/sartnameye-uygun-278x300.png 278w, https:\/\/atceenerji.com\/wp-content\/uploads\/2024\/02\/sartnameye-uygun-150x162.png 150w, https:\/\/atceenerji.com\/wp-content\/uploads\/2024\/02\/sartnameye-uygun.png 300w\" sizes=\"(max-width: 65px) 100vw, 65px\" \/><\/td>\n<\/tr>\n<tr>\n<td><img loading=\"lazy\" decoding=\"async\" class=\" wd-lazy-fade alignnone wp-image-25115\" src=\"https:\/\/atceenerji.com\/wp-content\/themes\/woodmart\/images\/lazy.svg\" data-src=\"http:\/\/atceenerji.com\/wp-content\/uploads\/2021\/08\/elektrostatik-boyali.png\" alt=\"\" width=\"75\" height=\"70\" srcset=\"\" data-srcset=\"https:\/\/atceenerji.com\/wp-content\/uploads\/2021\/08\/elektrostatik-boyali.png 300w, https:\/\/atceenerji.com\/wp-content\/uploads\/2021\/08\/elektrostatik-boyali-150x141.png 150w, https:\/\/atceenerji.com\/wp-content\/uploads\/2021\/08\/elektrostatik-boyali-75x70.png 75w\" sizes=\"(max-width: 75px) 100vw, 75px\" \/><\/td>\n<td><img loading=\"lazy\" decoding=\"async\" class=\" wd-lazy-fade alignnone wp-image-25116\" src=\"https:\/\/atceenerji.com\/wp-content\/themes\/woodmart\/images\/lazy.svg\" data-src=\"http:\/\/atceenerji.com\/wp-content\/uploads\/2021\/08\/yuksek-verimli.png\" alt=\"\" width=\"75\" height=\"70\" srcset=\"\" data-srcset=\"https:\/\/atceenerji.com\/wp-content\/uploads\/2021\/08\/yuksek-verimli.png 300w, https:\/\/atceenerji.com\/wp-content\/uploads\/2021\/08\/yuksek-verimli-150x141.png 150w, https:\/\/atceenerji.com\/wp-content\/uploads\/2021\/08\/yuksek-verimli-75x70.png 75w\" sizes=\"(max-width: 75px) 100vw, 75px\" \/><\/td>\n<td>\u00a0<\/td>\n<\/tr>\n<\/tbody>\n<\/table><\/div>\n<\/p><\/div>\n<\/p><\/div>\n<\/p><\/div>\n<\/p><\/div>\n<\/p><\/div>\n","protected":false},"featured_media":25409,"template":"","meta":[],"product_brand":[],"product_cat":[32,103,105],"product_tag":[],"class_list":{"0":"post-25406","1":"product","2":"type-product","3":"status-publish","4":"has-post-thumbnail","6":"product_cat-es-serisi","7":"product_cat-eso-serisi","8":"product_cat-tedas-tipi-panolar","10":"first","11":"instock","12":"shipping-taxable","13":"product-type-simple"},"aioseo_notices":[],"_links":{"self":[{"href":"https:\/\/atceenerji.com\/tr_tr\/wp-json\/wp\/v2\/product\/25406","targetHints":{"allow":["GET"]}}],"collection":[{"href":"https:\/\/atceenerji.com\/tr_tr\/wp-json\/wp\/v2\/product"}],"about":[{"href":"https:\/\/atceenerji.com\/tr_tr\/wp-json\/wp\/v2\/types\/product"}],"version-history":[{"count":0,"href":"https:\/\/atceenerji.com\/tr_tr\/wp-json\/wp\/v2\/product\/25406\/revisions"}],"wp:featuredmedia":[{"embeddable":true,"href":"https:\/\/atceenerji.com\/tr_tr\/wp-json\/wp\/v2\/media\/25409"}],"wp:attachment":[{"href":"https:\/\/atceenerji.com\/tr_tr\/wp-json\/wp\/v2\/media?parent=25406"}],"wp:term":[{"taxonomy":"product_brand","embeddable":true,"href":"https:\/\/atceenerji.com\/tr_tr\/wp-json\/wp\/v2\/product_brand?post=25406"},{"taxonomy":"product_cat","embeddable":true,"href":"https:\/\/atceenerji.com\/tr_tr\/wp-json\/wp\/v2\/product_cat?post=25406"},{"taxonomy":"product_tag","embeddable":true,"href":"https:\/\/atceenerji.com\/tr_tr\/wp-json\/wp\/v2\/product_tag?post=25406"}],"curies":[{"name":"wp","href":"https:\/\/api.w.org\/{rel}","templated":true}]}}