{"id":25373,"date":"2024-02-24T12:35:52","date_gmt":"2024-02-24T09:35:52","guid":{"rendered":"http:\/\/atceenerji.com\/?post_type=product&#038;p=25373"},"modified":"2024-03-19T21:56:07","modified_gmt":"2024-03-19T18:56:07","slug":"external-type-coffra-boxes","status":"publish","type":"product","link":"https:\/\/atceenerji.com\/tr_tr\/urunler\/e-serisi\/ebo-serisi\/external-type-coffra-boxes\/","title":{"rendered":"HAR\u0130C\u0130 T\u0130P KOFRE KUTULARI"},"content":{"rendered":"","protected":false},"excerpt":{"rendered":"<p>Elektrik i\u00e7 tesisler y\u00f6netmeli\u011finde yap\u0131lar\u0131n elektrik tesisin \u015febekeye ba\u011flayan, sigortalar\u0131n tesis edilmesini ve ayn\u0131 zamanda genel elektrik \u015febekesinde t\u00fcketim tesisine elektrik enerjisi verilmesini sa\u011flayan a\u00e7\u0131k alanda s\u0131va \u00fcst\u00fc montaj\u0131na uygun tablolard\u0131r.<\/p>\n<link rel=\"stylesheet\" id=\"elementor-post-25205-css\" href=\"https:\/\/atceenerji.com\/wp-content\/uploads\/elementor\/css\/post-25205.css?ver=1774680350\" type=\"text\/css\" media=\"all\">\n<div data-elementor-type=\"wp-post\" data-elementor-id=\"25205\" class=\"elementor elementor-25205\" data-elementor-post-type=\"cms_block\">\n<div class=\"wd-negative-gap elementor-element elementor-element-1f68cc5 ozellik e-flex e-con-boxed e-con e-parent\" data-id=\"1f68cc5\" data-element_type=\"container\">\n<div class=\"e-con-inner\">\n<div class=\"elementor-element elementor-element-2222dc1 elementor-widget elementor-widget-wd_text_block\" data-id=\"2222dc1\" data-element_type=\"widget\" data-widget_type=\"wd_text_block.default\">\n<div class=\"elementor-widget-container\">\n<div class=\"wd-text-block reset-last-child text-left\">\n<table style=\"display: flex;\">\n<tbody>\n<tr>\n<td><img decoding=\"async\" class=\" wd-lazy-fade alignnone wp-image-25112\" src=\"https:\/\/atceenerji.com\/wp-content\/themes\/woodmart\/images\/lazy.svg\" data-src=\"http:\/\/atceenerji.com\/wp-content\/uploads\/2021\/08\/saglam-ve-ergonomik-250x300.png\" alt=\"\" width=\"58\" height=\"70\" srcset=\"\" data-srcset=\"https:\/\/atceenerji.com\/wp-content\/uploads\/2021\/08\/saglam-ve-ergonomik-250x300.png 250w, https:\/\/atceenerji.com\/wp-content\/uploads\/2021\/08\/saglam-ve-ergonomik-150x180.png 150w, https:\/\/atceenerji.com\/wp-content\/uploads\/2021\/08\/saglam-ve-ergonomik-58x70.png 58w, https:\/\/atceenerji.com\/wp-content\/uploads\/2021\/08\/saglam-ve-ergonomik.png 300w\" sizes=\"(max-width: 58px) 100vw, 58px\" \/><\/td>\n<td><img decoding=\"async\" class=\" wd-lazy-fade alignnone wp-image-25113\" src=\"https:\/\/atceenerji.com\/wp-content\/themes\/woodmart\/images\/lazy.svg\" data-src=\"http:\/\/atceenerji.com\/wp-content\/uploads\/2021\/08\/ihtiyaca-gore-projelendirme.png\" alt=\"\" width=\"72\" height=\"70\" srcset=\"\" data-srcset=\"https:\/\/atceenerji.com\/wp-content\/uploads\/2021\/08\/ihtiyaca-gore-projelendirme.png 300w, https:\/\/atceenerji.com\/wp-content\/uploads\/2021\/08\/ihtiyaca-gore-projelendirme-150x147.png 150w, https:\/\/atceenerji.com\/wp-content\/uploads\/2021\/08\/ihtiyaca-gore-projelendirme-72x70.png 72w\" sizes=\"(max-width: 72px) 100vw, 72px\" \/><\/td>\n<td><img decoding=\"async\" class=\" wd-lazy-fade alignnone wp-image-25207\" src=\"https:\/\/atceenerji.com\/wp-content\/themes\/woodmart\/images\/lazy.svg\" data-src=\"http:\/\/atceenerji.com\/wp-content\/uploads\/2024\/02\/lazer-kaynakli-212x300.png\" alt=\"\" width=\"50\" height=\"70\" srcset=\"\" data-srcset=\"https:\/\/atceenerji.com\/wp-content\/uploads\/2024\/02\/lazer-kaynakli-212x300.png 212w, https:\/\/atceenerji.com\/wp-content\/uploads\/2024\/02\/lazer-kaynakli-150x212.png 150w, https:\/\/atceenerji.com\/wp-content\/uploads\/2024\/02\/lazer-kaynakli.png 300w\" sizes=\"(max-width: 50px) 100vw, 50px\" \/><\/td>\n<\/tr>\n<tr>\n<td><img loading=\"lazy\" decoding=\"async\" class=\" wd-lazy-fade alignnone wp-image-25115\" src=\"https:\/\/atceenerji.com\/wp-content\/themes\/woodmart\/images\/lazy.svg\" data-src=\"http:\/\/atceenerji.com\/wp-content\/uploads\/2021\/08\/elektrostatik-boyali.png\" alt=\"\" width=\"75\" height=\"70\" srcset=\"\" data-srcset=\"https:\/\/atceenerji.com\/wp-content\/uploads\/2021\/08\/elektrostatik-boyali.png 300w, https:\/\/atceenerji.com\/wp-content\/uploads\/2021\/08\/elektrostatik-boyali-150x141.png 150w, https:\/\/atceenerji.com\/wp-content\/uploads\/2021\/08\/elektrostatik-boyali-75x70.png 75w\" sizes=\"(max-width: 75px) 100vw, 75px\" \/><\/td>\n<td><img loading=\"lazy\" decoding=\"async\" class=\" wd-lazy-fade alignnone wp-image-25116\" src=\"https:\/\/atceenerji.com\/wp-content\/themes\/woodmart\/images\/lazy.svg\" data-src=\"http:\/\/atceenerji.com\/wp-content\/uploads\/2021\/08\/yuksek-verimli.png\" alt=\"\" width=\"75\" height=\"70\" srcset=\"\" data-srcset=\"https:\/\/atceenerji.com\/wp-content\/uploads\/2021\/08\/yuksek-verimli.png 300w, https:\/\/atceenerji.com\/wp-content\/uploads\/2021\/08\/yuksek-verimli-150x141.png 150w, https:\/\/atceenerji.com\/wp-content\/uploads\/2021\/08\/yuksek-verimli-75x70.png 75w\" sizes=\"(max-width: 75px) 100vw, 75px\" \/><\/td>\n<td>\u00a0<\/td>\n<\/tr>\n<\/tbody>\n<\/table><\/div>\n<\/p><\/div>\n<\/p><\/div>\n<\/p><\/div>\n<\/p><\/div>\n<\/p><\/div>\n","protected":false},"featured_media":25371,"template":"","meta":[],"product_brand":[],"product_cat":[42,101],"product_tag":[],"class_list":{"0":"post-25373","1":"product","2":"type-product","3":"status-publish","4":"has-post-thumbnail","6":"product_cat-e-serisi","7":"product_cat-ebo-serisi","9":"first","10":"instock","11":"shipping-taxable","12":"product-type-simple"},"aioseo_notices":[],"_links":{"self":[{"href":"https:\/\/atceenerji.com\/tr_tr\/wp-json\/wp\/v2\/product\/25373","targetHints":{"allow":["GET"]}}],"collection":[{"href":"https:\/\/atceenerji.com\/tr_tr\/wp-json\/wp\/v2\/product"}],"about":[{"href":"https:\/\/atceenerji.com\/tr_tr\/wp-json\/wp\/v2\/types\/product"}],"version-history":[{"count":0,"href":"https:\/\/atceenerji.com\/tr_tr\/wp-json\/wp\/v2\/product\/25373\/revisions"}],"wp:featuredmedia":[{"embeddable":true,"href":"https:\/\/atceenerji.com\/tr_tr\/wp-json\/wp\/v2\/media\/25371"}],"wp:attachment":[{"href":"https:\/\/atceenerji.com\/tr_tr\/wp-json\/wp\/v2\/media?parent=25373"}],"wp:term":[{"taxonomy":"product_brand","embeddable":true,"href":"https:\/\/atceenerji.com\/tr_tr\/wp-json\/wp\/v2\/product_brand?post=25373"},{"taxonomy":"product_cat","embeddable":true,"href":"https:\/\/atceenerji.com\/tr_tr\/wp-json\/wp\/v2\/product_cat?post=25373"},{"taxonomy":"product_tag","embeddable":true,"href":"https:\/\/atceenerji.com\/tr_tr\/wp-json\/wp\/v2\/product_tag?post=25373"}],"curies":[{"name":"wp","href":"https:\/\/api.w.org\/{rel}","templated":true}]}}