{"id":25339,"date":"2024-02-23T20:55:31","date_gmt":"2024-02-23T17:55:31","guid":{"rendered":"http:\/\/atceenerji.com\/?post_type=product&#038;p=25339"},"modified":"2024-03-22T21:42:57","modified_gmt":"2024-03-22T18:42:57","slug":"pult-type-control-desk","status":"publish","type":"product","link":"https:\/\/atceenerji.com\/tr_tr\/urunler\/e-serisi\/epi-serisi\/kontrol-masalari\/pult-type-control-desk\/","title":{"rendered":"PULT T\u0130P\u0130 KONTROL MASASI"},"content":{"rendered":"","protected":false},"excerpt":{"rendered":"<p>\u00d6zel forma sahip kontrol panolar\u0131d\u0131r.<\/p>\n<link rel=\"stylesheet\" id=\"elementor-post-25238-css\" href=\"https:\/\/atceenerji.com\/wp-content\/uploads\/elementor\/css\/post-25238.css?ver=1774683091\" type=\"text\/css\" media=\"all\">\n<div data-elementor-type=\"wp-post\" data-elementor-id=\"25238\" class=\"elementor elementor-25238\" data-elementor-post-type=\"cms_block\">\n<div class=\"wd-negative-gap elementor-element elementor-element-1f68cc5 ozellik e-flex e-con-boxed e-con e-parent\" data-id=\"1f68cc5\" data-element_type=\"container\">\n<div class=\"e-con-inner\">\n<div class=\"elementor-element elementor-element-2222dc1 elementor-widget elementor-widget-wd_text_block\" data-id=\"2222dc1\" data-element_type=\"widget\" data-widget_type=\"wd_text_block.default\">\n<div class=\"elementor-widget-container\">\n<div class=\"wd-text-block reset-last-child text-left\">\n<table style=\"display: flex;\">\n<tbody>\n<tr>\n<td><img decoding=\"async\" class=\" wd-lazy-fade alignnone wp-image-25112\" src=\"https:\/\/atceenerji.com\/wp-content\/themes\/woodmart\/images\/lazy.svg\" data-src=\"http:\/\/atceenerji.com\/wp-content\/uploads\/2021\/08\/saglam-ve-ergonomik-250x300.png\" alt=\"\" width=\"58\" height=\"70\" srcset=\"\" data-srcset=\"https:\/\/atceenerji.com\/wp-content\/uploads\/2021\/08\/saglam-ve-ergonomik-250x300.png 250w, https:\/\/atceenerji.com\/wp-content\/uploads\/2021\/08\/saglam-ve-ergonomik-150x180.png 150w, https:\/\/atceenerji.com\/wp-content\/uploads\/2021\/08\/saglam-ve-ergonomik-58x70.png 58w, https:\/\/atceenerji.com\/wp-content\/uploads\/2021\/08\/saglam-ve-ergonomik.png 300w\" sizes=\"(max-width: 58px) 100vw, 58px\" \/><\/td>\n<td><img decoding=\"async\" class=\" wd-lazy-fade alignnone wp-image-25113\" src=\"https:\/\/atceenerji.com\/wp-content\/themes\/woodmart\/images\/lazy.svg\" data-src=\"http:\/\/atceenerji.com\/wp-content\/uploads\/2021\/08\/ihtiyaca-gore-projelendirme.png\" alt=\"\" width=\"72\" height=\"70\" srcset=\"\" data-srcset=\"https:\/\/atceenerji.com\/wp-content\/uploads\/2021\/08\/ihtiyaca-gore-projelendirme.png 300w, https:\/\/atceenerji.com\/wp-content\/uploads\/2021\/08\/ihtiyaca-gore-projelendirme-150x147.png 150w, https:\/\/atceenerji.com\/wp-content\/uploads\/2021\/08\/ihtiyaca-gore-projelendirme-72x70.png 72w\" sizes=\"(max-width: 72px) 100vw, 72px\" \/><\/td>\n<td>\u00a0<\/td>\n<\/tr>\n<tr>\n<td><img decoding=\"async\" class=\" wd-lazy-fade alignnone wp-image-25115\" src=\"https:\/\/atceenerji.com\/wp-content\/themes\/woodmart\/images\/lazy.svg\" data-src=\"http:\/\/atceenerji.com\/wp-content\/uploads\/2021\/08\/elektrostatik-boyali.png\" alt=\"\" width=\"75\" height=\"70\" srcset=\"\" data-srcset=\"https:\/\/atceenerji.com\/wp-content\/uploads\/2021\/08\/elektrostatik-boyali.png 300w, https:\/\/atceenerji.com\/wp-content\/uploads\/2021\/08\/elektrostatik-boyali-150x141.png 150w, https:\/\/atceenerji.com\/wp-content\/uploads\/2021\/08\/elektrostatik-boyali-75x70.png 75w\" sizes=\"(max-width: 75px) 100vw, 75px\" \/><\/td>\n<td><img loading=\"lazy\" decoding=\"async\" class=\" wd-lazy-fade alignnone wp-image-25116\" src=\"https:\/\/atceenerji.com\/wp-content\/themes\/woodmart\/images\/lazy.svg\" data-src=\"http:\/\/atceenerji.com\/wp-content\/uploads\/2021\/08\/yuksek-verimli.png\" alt=\"\" width=\"75\" height=\"70\" srcset=\"\" data-srcset=\"https:\/\/atceenerji.com\/wp-content\/uploads\/2021\/08\/yuksek-verimli.png 300w, https:\/\/atceenerji.com\/wp-content\/uploads\/2021\/08\/yuksek-verimli-150x141.png 150w, https:\/\/atceenerji.com\/wp-content\/uploads\/2021\/08\/yuksek-verimli-75x70.png 75w\" sizes=\"(max-width: 75px) 100vw, 75px\" \/><\/td>\n<td>\u00a0<\/td>\n<\/tr>\n<\/tbody>\n<\/table><\/div>\n<\/p><\/div>\n<\/p><\/div>\n<\/p><\/div>\n<\/p><\/div>\n<\/p><\/div>\n","protected":false},"featured_media":25340,"template":"","meta":[],"product_brand":[],"product_cat":[42,92,98],"product_tag":[],"class_list":{"0":"post-25339","1":"product","2":"type-product","3":"status-publish","4":"has-post-thumbnail","6":"product_cat-e-serisi","7":"product_cat-epi-serisi","8":"product_cat-kontrol-masalari","10":"first","11":"instock","12":"shipping-taxable","13":"product-type-simple"},"aioseo_notices":[],"_links":{"self":[{"href":"https:\/\/atceenerji.com\/tr_tr\/wp-json\/wp\/v2\/product\/25339","targetHints":{"allow":["GET"]}}],"collection":[{"href":"https:\/\/atceenerji.com\/tr_tr\/wp-json\/wp\/v2\/product"}],"about":[{"href":"https:\/\/atceenerji.com\/tr_tr\/wp-json\/wp\/v2\/types\/product"}],"version-history":[{"count":0,"href":"https:\/\/atceenerji.com\/tr_tr\/wp-json\/wp\/v2\/product\/25339\/revisions"}],"wp:featuredmedia":[{"embeddable":true,"href":"https:\/\/atceenerji.com\/tr_tr\/wp-json\/wp\/v2\/media\/25340"}],"wp:attachment":[{"href":"https:\/\/atceenerji.com\/tr_tr\/wp-json\/wp\/v2\/media?parent=25339"}],"wp:term":[{"taxonomy":"product_brand","embeddable":true,"href":"https:\/\/atceenerji.com\/tr_tr\/wp-json\/wp\/v2\/product_brand?post=25339"},{"taxonomy":"product_cat","embeddable":true,"href":"https:\/\/atceenerji.com\/tr_tr\/wp-json\/wp\/v2\/product_cat?post=25339"},{"taxonomy":"product_tag","embeddable":true,"href":"https:\/\/atceenerji.com\/tr_tr\/wp-json\/wp\/v2\/product_tag?post=25339"}],"curies":[{"name":"wp","href":"https:\/\/api.w.org\/{rel}","templated":true}]}}