{"id":27331,"date":"2026-01-14T14:56:43","date_gmt":"2026-01-14T11:56:43","guid":{"rendered":"https:\/\/atceenerji.com\/?page_id=27331"},"modified":"2026-01-14T16:43:14","modified_gmt":"2026-01-14T13:43:14","slug":"teknik-servis-2","status":"publish","type":"page","link":"https:\/\/atceenerji.com\/tr_tr\/teknik-servis-2\/","title":{"rendered":"Teknik Servis"},"content":{"rendered":"\t\t<div data-elementor-type=\"wp-page\" data-elementor-id=\"27331\" class=\"elementor elementor-27331\" data-elementor-post-type=\"page\">\n\t\t\t\t<div class=\"elementor-element elementor-element-323b94d1 e-con-full e-flex e-con e-parent\" data-id=\"323b94d1\" data-element_type=\"container\">\n\t\t<div class=\"elementor-element elementor-element-54217fe e-con-full e-flex e-con e-child\" data-id=\"54217fe\" data-element_type=\"container\">\n\t\t\t\t<div class=\"elementor-element elementor-element-56657f6d elementor-widget__width-initial wd-width-100 elementor-widget elementor-widget-wd_title\" data-id=\"56657f6d\" data-element_type=\"widget\" data-widget_type=\"wd_title.default\">\n\t\t\t\t<div class=\"elementor-widget-container\">\n\t\t\t\t\t\t\t<div class=\"title-wrapper wd-set-mb reset-last-child wd-title-color-primary wd-title-style-default wd-title-size-large text-left\">\n\n\t\t\t\t\t\t\t\t\t\t\t<div class=\"title-subtitle subtitle-color-primary subtitle-style-default wd-fontsize-xs\">\n\t\t\t\t\tTEKN\u0130K SERV\u0130S\t\t\t\t<\/div>\n\t\t\t\n\t\t\t<div class=\"liner-continer\">\n\t\t\t\t<h4 class=\"woodmart-title-container title wd-fontsize-xxl\">Profesyonel teknik destek<\/h4> \n\t\t\t\t\t\t\t<\/div>\n\n\t\t\t\t\t<\/div>\n\t\t\t\t\t\t<\/div>\n\t\t\t\t<\/div>\n\t\t\t\t<div class=\"elementor-element elementor-element-71431b1c elementor-widget elementor-widget-wd_text_block\" data-id=\"71431b1c\" data-element_type=\"widget\" data-widget_type=\"wd_text_block.default\">\n\t\t\t\t<div class=\"elementor-widget-container\">\n\t\t\t\t\t\t\t<div class=\"wd-text-block reset-last-child text-left\">\n\t\t\t\n\t\t\t<h2 style=\"text-align: left;\">ALMANYA TEKNiK SERViS i\u015e ORTA\u011eIMIZ<\/h2><h2 style=\"text-align: left;\"><img decoding=\"async\" class=\" wd-lazy-fade alignnone wp-image-27349\" src=\"https:\/\/atceenerji.com\/wp-content\/themes\/woodmart\/images\/lazy.svg\" data-src=\"https:\/\/atceenerji.com\/wp-content\/uploads\/2026\/01\/t-logo-atced-328x300.png\" alt=\"\" width=\"109\" height=\"100\" srcset=\"\" data-srcset=\"https:\/\/atceenerji.com\/wp-content\/uploads\/2026\/01\/t-logo-atced-328x300.png 328w, https:\/\/atceenerji.com\/wp-content\/uploads\/2026\/01\/t-logo-atced-13x12.png 13w, https:\/\/atceenerji.com\/wp-content\/uploads\/2026\/01\/t-logo-atced-430x393.png 430w, https:\/\/atceenerji.com\/wp-content\/uploads\/2026\/01\/t-logo-atced-150x137.png 150w, https:\/\/atceenerji.com\/wp-content\/uploads\/2026\/01\/t-logo-atced.png 602w\" sizes=\"(max-width: 109px) 100vw, 109px\" \/><\/h2><h5 style=\"text-align: left;\"><span style=\"font-size: 14pt;\"><strong data-start=\"65\" data-end=\"83\">Adres:<\/strong><\/span><\/h5><h5 style=\"text-align: left;\"><span style=\"font-size: 14pt;\"><strong data-start=\"65\" data-end=\"83\">Weberstra\u00dfe - <\/strong><strong data-start=\"65\" data-end=\"83\">12 <\/strong><strong data-start=\"86\" data-end=\"98\">Halle 2B - <\/strong><strong data-start=\"101\" data-end=\"118\">51491 Overath Almanya <\/strong><\/span><br><br><span style=\"font-size: 14pt;\"><strong data-start=\"101\" data-end=\"118\">Tel: +49 163  6200084<\/strong><\/span><\/h5><h5 style=\"text-align: left;\"><span style=\"font-size: 12pt;\">\u26a1 Elektrik ( Elektro)<\/span><\/h5><h5 style=\"text-align: left;\"><span style=\"font-family: Montserrat, Arial, Helvetica, sans-serif; font-size: 12pt; font-style: normal; font-weight: 600;\">\u26a1G\u00fcvenlik (Sicherheit)<\/span><\/h5><h5 style=\"text-align: left;\"><span style=\"font-family: Montserrat, Arial, Helvetica, sans-serif; font-size: 12pt; font-style: normal; font-weight: 600;\">\u26a1Ak\u0131ll\u0131 Ev (Smart Home)<\/span><\/h5><h6 style=\"text-align: left;\"><span style=\"font-size: 12pt;\">\u26a1Ayd\u0131nlatma (Beleuchtung)<br data-start=\"314\" data-end=\"317\"><\/span><\/h6><h6 style=\"text-align: left;\"><span style=\"font-size: 12pt;\">\u26a1 Servis \/ Teknik Servis (Service )<\/span><\/h6><h5 style=\"text-align: left;\"><span style=\"font-size: 14pt;\"><strong data-start=\"101\" data-end=\"118\">&nbsp;<\/strong><\/span><\/h5>\n\t\t\t\t\t<\/div>\n\t\t\t\t\t\t<\/div>\n\t\t\t\t<\/div>\n\t\t<div class=\"elementor-element elementor-element-26077014 e-con-full e-flex e-con e-child\" data-id=\"26077014\" data-element_type=\"container\">\n\t\t\t\t<div class=\"elementor-element elementor-element-8ea7a2b elementor-widget elementor-widget-wd_popup\" data-id=\"8ea7a2b\" data-element_type=\"widget\" data-widget_type=\"wd_popup.default\">\n\t\t\t\t<div class=\"elementor-widget-container\">\n\t\t\t\t\t\t\t\t\t<div class=\"wd-button-wrapper text-center\" >\n\t\t\t<a class=\"btn btn-style-default btn-shape-rectangle btn-size-default wd-open-popup btn-color-primary btn-icon-pos-right\"  href=\"#popup-65d279d42c0d6\">\n\t\t\t\t<span class=\"wd-btn-text\" data-elementor-setting-key=\"text\">\n\t\t\t\t\tHEMEN BA\u015eVUR\t\t\t\t<\/span>\n\n\t\t\t\t\t\t\t<\/a>\n\t\t<\/div>\n\t\t\t\t\t\t\t<div id=\"popup-65d279d42c0d6\" class=\"wd-popup wd-popup-element wd-entry-content mfp-hide\" style=\"--wd-popup-width:800px;\">\n\t\t\t\t\t\t\t<link rel=\"stylesheet\" id=\"elementor-post-808-css\" href=\"https:\/\/atceenerji.com\/wp-content\/uploads\/elementor\/css\/post-808.css?ver=1774694213\" type=\"text\/css\" media=\"all\">\n\t\t\t\t\t<div data-elementor-type=\"wp-post\" data-elementor-id=\"808\" class=\"elementor elementor-808\" data-elementor-post-type=\"cms_block\">\n\t\t\t\t<div class=\"wd-negative-gap elementor-element elementor-element-5c87614 e-flex e-con-boxed e-con e-parent\" data-id=\"5c87614\" data-element_type=\"container\">\n\t\t\t\t\t<div class=\"e-con-inner\">\n\t\t<div class=\"elementor-element elementor-element-dbf8cad e-con-full e-flex e-con e-child\" data-id=\"dbf8cad\" data-element_type=\"container\">\n\t\t\t\t<div class=\"elementor-element elementor-element-e09cd2c wd-width-100 elementor-widget elementor-widget-wd_title\" data-id=\"e09cd2c\" data-element_type=\"widget\" data-widget_type=\"wd_title.default\">\n\t\t\t\t<div class=\"elementor-widget-container\">\n\t\t\t\t\t\t\t<div class=\"title-wrapper wd-set-mb reset-last-child wd-title-color-default wd-title-style-default wd-title-size-default text-left\">\n\n\t\t\t\n\t\t\t<div class=\"liner-continer\">\n\t\t\t\t<h4 class=\"woodmart-title-container title wd-fontsize-l\">\u0130\u015e BA\u015eVURU FORMU<\/h4> \n\t\t\t\t\t\t\t<\/div>\n\n\t\t\t\t\t<\/div>\n\t\t\t\t\t\t<\/div>\n\t\t\t\t<\/div>\n\t\t\t\t<div class=\"elementor-element elementor-element-94e5aea elementor-widget elementor-widget-wpforms\" data-id=\"94e5aea\" data-element_type=\"widget\" data-widget_type=\"wpforms.default\">\n\t\t\t\t<div class=\"elementor-widget-container\">\n\t\t\t\t\t<div class=\"wpforms-container wpforms-container-full wpforms-render-modern\" id=\"wpforms-25705\"><form id=\"wpforms-form-25705\" class=\"wpforms-validate wpforms-form wpforms-ajax-form\" data-formid=\"25705\" method=\"post\" enctype=\"multipart\/form-data\" action=\"\/tr_tr\/wp-json\/wp\/v2\/pages\/27331?wpforms_form_id=25705\" data-token=\"3053e66556ddeb187abcff034dd278ea\" data-token-time=\"1777885864\"><noscript class=\"wpforms-error-noscript\">Bu formu bitirebilmek i\u00e7in taray\u0131c\u0131n\u0131zda JavaScript&#039;i etkinle\u015ftirin.<\/noscript><div id=\"wpforms-error-noscript\" style=\"display: none;\">Bu formu bitirebilmek i\u00e7in taray\u0131c\u0131n\u0131zda JavaScript&#039;i etkinle\u015ftirin.<\/div><div class=\"wpforms-field-container\"><div id=\"wpforms-25705-field_1-container\" class=\"wpforms-field wpforms-field-name\" data-field-id=\"1\"><fieldset><legend class=\"wpforms-field-label\">Ad\u0131n\u0131z Soyad\u0131n\u0131z <span class=\"wpforms-required-label\" aria-hidden=\"true\">*<\/span><\/legend><div class=\"wpforms-field-row wpforms-field-large\"><div class=\"wpforms-field-row-block wpforms-first wpforms-one-half\"><input type=\"text\" id=\"wpforms-25705-field_1\" class=\"wpforms-field-name-first wpforms-field-required\" name=\"wpforms[fields][1][first]\" aria-errormessage=\"wpforms-25705-field_1-error\" required><label for=\"wpforms-25705-field_1\" class=\"wpforms-field-sublabel after\">Ad<\/label><\/div><div class=\"wpforms-field-row-block wpforms-one-half\"><input type=\"text\" id=\"wpforms-25705-field_1-last\" class=\"wpforms-field-name-last wpforms-field-required\" name=\"wpforms[fields][1][last]\" aria-errormessage=\"wpforms-25705-field_1-last-error\" required><label for=\"wpforms-25705-field_1-last\" class=\"wpforms-field-sublabel after\">Soyad<\/label><\/div><\/div><\/fieldset><\/div><div id=\"wpforms-25705-field_2-container\" class=\"wpforms-field wpforms-field-email wpforms-one-half wpforms-first\" data-field-id=\"2\"><label class=\"wpforms-field-label\" for=\"wpforms-25705-field_2\">E-posta <span class=\"wpforms-required-label\" aria-hidden=\"true\">*<\/span><\/label><input type=\"email\" id=\"wpforms-25705-field_2\" class=\"wpforms-field-large wpforms-field-required\" name=\"wpforms[fields][2]\" spellcheck=\"false\" aria-errormessage=\"wpforms-25705-field_2-error\" required><\/div><div id=\"wpforms-25705-field_5-container\" class=\"wpforms-field wpforms-field-text wpforms-one-half\" data-field-id=\"5\"><label class=\"wpforms-field-label\" for=\"wpforms-25705-field_5\">Ya\u015fad\u0131\u011f\u0131n\u0131z \u015eehir - \u0130l\u00e7e<\/label><input type=\"text\" id=\"wpforms-25705-field_5\" class=\"wpforms-field-large\" name=\"wpforms[fields][5]\" aria-errormessage=\"wpforms-25705-field_5-error\" ><\/div><div id=\"wpforms-25705-field_6-container\" class=\"wpforms-field wpforms-field-text wpforms-one-half wpforms-first\" data-field-id=\"6\"><label class=\"wpforms-field-label\" for=\"wpforms-25705-field_6\">Ba\u015fvurdu\u011funuz Pozisyon\/Bran\u015f<\/label><input type=\"text\" id=\"wpforms-25705-field_6\" class=\"wpforms-field-large\" name=\"wpforms[fields][6]\" aria-errormessage=\"wpforms-25705-field_6-error\" ><\/div><div id=\"wpforms-25705-field_7-container\" class=\"wpforms-field wpforms-field-select wpforms-one-half wpforms-field-select-style-classic\" data-field-id=\"7\"><label class=\"wpforms-field-label\" for=\"wpforms-25705-field_7\">E\u011fitim Durumunuz<\/label><select id=\"wpforms-25705-field_7\" class=\"wpforms-field-large\" name=\"wpforms[fields][7]\"><option value=\"Lise\"  class=\"choice-1 depth-1\"  >Lise<\/option><option value=\"\u00d6n Lisans\"  class=\"choice-2 depth-1\"  >\u00d6n Lisans<\/option><option value=\"Lisans\"  class=\"choice-3 depth-1\"  >Lisans<\/option><option value=\"Y\u00fcksek Lisans\"  class=\"choice-4 depth-1\"  >Y\u00fcksek Lisans<\/option><\/select><\/div><div id=\"wpforms-25705-field_10-container\" class=\"wpforms-field wpforms-field-textarea\" data-field-id=\"10\"><label class=\"wpforms-field-label\" for=\"wpforms-25705-field_10\">Deneyim<\/label><textarea id=\"wpforms-25705-field_10\" class=\"wpforms-field-medium\" name=\"wpforms[fields][10]\" aria-errormessage=\"wpforms-25705-field_10-error\" ><\/textarea><\/div><div id=\"wpforms-25705-field_11-container\" class=\"wpforms-field wpforms-field-checkbox\" data-field-id=\"11\"><fieldset><legend class=\"wpforms-field-label wpforms-label-hide\" aria-hidden=\"false\">Onay kutusu <span class=\"wpforms-required-label\" aria-hidden=\"true\">*<\/span><\/legend><ul id=\"wpforms-25705-field_11\" class=\"wpforms-field-required\"><li class=\"choice-1 depth-1\"><input type=\"checkbox\" id=\"wpforms-25705-field_11_1\" name=\"wpforms[fields][11][]\" value=\"Bu formda vermi\u015f oldu\u011fum ki\u015fisel verilerimin ATCE Enerji taraf\u0131ndan KVKK Ayd\u0131nlatma Metninde belirtilen \u015fekilde ve ama\u00e7larda i\u015flenmesine r\u0131za veriyorum\" aria-errormessage=\"wpforms-25705-field_11_1-error\" required ><label class=\"wpforms-field-label-inline\" for=\"wpforms-25705-field_11_1\">Bu formda vermi\u015f oldu\u011fum ki\u015fisel verilerimin ATCE Enerji taraf\u0131ndan KVKK Ayd\u0131nlatma Metninde belirtilen \u015fekilde ve ama\u00e7larda i\u015flenmesine r\u0131za veriyorum<\/label><\/li><\/ul><\/fieldset><\/div><\/div><!-- .wpforms-field-container --><div class=\"wpforms-submit-container\" ><input type=\"hidden\" name=\"wpforms[id]\" value=\"25705\"><input type=\"hidden\" name=\"page_title\" value=\"\"><input type=\"hidden\" name=\"page_url\" value=\"https:\/\/atceenerji.com\/tr_tr\/wp-json\/wp\/v2\/pages\/27331\"><input type=\"hidden\" name=\"url_referer\" value=\"\"><button type=\"submit\" name=\"wpforms[submit]\" id=\"wpforms-submit-25705\" class=\"wpforms-submit\" data-alt-text=\"G\u00f6nderiliyor...\" data-submit-text=\"G\u00f6nder\" aria-live=\"assertive\" value=\"wpforms-submit\">G\u00f6nder<\/button><img decoding=\"async\" src=\"https:\/\/atceenerji.com\/wp-content\/plugins\/wpforms-lite\/assets\/images\/submit-spin.svg\" class=\"wpforms-submit-spinner\" style=\"display: none;\" width=\"26\" height=\"26\" alt=\"Y\u00fckleniyor\"><\/div><\/form><\/div>  <!-- .wpforms-container -->\t\t\t\t<\/div>\n\t\t\t\t<\/div>\n\t\t\t\t<\/div>\n\t\t\t\t\t<\/div>\n\t\t\t\t<\/div>\n\t\t\t\t<\/div>\n\t\t\t\t\t<\/div>\n\t\t\t\t\t\t\t\t<\/div>\n\t\t\t\t<\/div>\n\t\t\t\t<div class=\"elementor-element elementor-element-79f8e9a5 elementor-widget__width-auto elementor-hidden-phone elementor-widget elementor-widget-wd_social_buttons\" data-id=\"79f8e9a5\" data-element_type=\"widget\" data-widget_type=\"wd_social_buttons.default\">\n\t\t\t\t<div class=\"elementor-widget-container\">\n\t\t\t\t\t\t\t\t<div\n\t\t\t\t\t\tclass=\" wd-social-icons wd-style-colored-alt wd-size-small social-share wd-shape-circle color-scheme-dark text-left\">\n\t\t\t\t\n\t\t\t\t\n\t\t\t\t\t\t\t\t\t<a rel=\"noopener noreferrer nofollow\" href=\"https:\/\/www.facebook.com\/sharer\/sharer.php?u=https:\/\/atceenerji.com\/tr_tr\/teknik-servis-2\/\" target=\"_blank\" class=\" wd-social-icon social-facebook\" aria-label=\"Facebook social link\">\n\t\t\t\t\t\t<span class=\"wd-icon\"><\/span>\n\t\t\t\t\t\t\t\t\t\t\t<\/a>\n\t\t\t\t\n\t\t\t\t\t\t\t\t\t<a rel=\"noopener noreferrer nofollow\" href=\"https:\/\/x.com\/share?url=https:\/\/atceenerji.com\/tr_tr\/teknik-servis-2\/\" target=\"_blank\" class=\" wd-social-icon social-twitter\" aria-label=\"X social link\">\n\t\t\t\t\t\t<span class=\"wd-icon\"><\/span>\n\t\t\t\t\t\t\t\t\t\t\t<\/a>\n\t\t\t\t\n\t\t\t\t\n\t\t\t\t\n\t\t\t\t\n\t\t\t\t\n\t\t\t\t\n\t\t\t\t\n\t\t\t\t\n\t\t\t\t\t\t\t\t\t<a rel=\"noopener noreferrer nofollow\" href=\"https:\/\/www.linkedin.com\/shareArticle?mini=true&url=https:\/\/atceenerji.com\/tr_tr\/teknik-servis-2\/\" target=\"_blank\" class=\" wd-social-icon social-linkedin\" aria-label=\"Linkedin social link\">\n\t\t\t\t\t\t<span class=\"wd-icon\"><\/span>\n\t\t\t\t\t\t\t\t\t\t\t<\/a>\n\t\t\t\t\n\t\t\t\t\n\t\t\t\t\n\t\t\t\t\n\t\t\t\t\n\t\t\t\t\n\t\t\t\t\n\t\t\t\t\n\t\t\t\t\n\t\t\t\t\t\t\t\t\t<a rel=\"noopener noreferrer nofollow\" href=\"https:\/\/api.whatsapp.com\/send?text=https%3A%2F%2Fatceenerji.com%2Ftr_tr%2Fteknik-servis-2%2F\" target=\"_blank\" class=\"wd-hide-md  wd-social-icon social-whatsapp\" aria-label=\"WhatsApp social link\">\n\t\t\t\t\t\t<span class=\"wd-icon\"><\/span>\n\t\t\t\t\t\t\t\t\t\t\t<\/a>\n\n\t\t\t\t\t<a rel=\"noopener noreferrer nofollow\" href=\"whatsapp:\/\/send?text=https%3A%2F%2Fatceenerji.com%2Ftr_tr%2Fteknik-servis-2%2F\" target=\"_blank\" class=\"wd-hide-lg  wd-social-icon social-whatsapp\" aria-label=\"WhatsApp social link\">\n\t\t\t\t\t\t<span class=\"wd-icon\"><\/span>\n\t\t\t\t\t\t\t\t\t\t\t<\/a>\n\t\t\t\t\n\t\t\t\t\n\t\t\t\t\n\t\t\t\t\n\t\t\t\t\n\t\t\t\t\n\t\t\t\t\t\t\t\t\t<a rel=\"noopener noreferrer nofollow\" href=\"https:\/\/telegram.me\/share\/url?url=https:\/\/atceenerji.com\/tr_tr\/teknik-servis-2\/\" target=\"_blank\" class=\" wd-social-icon social-tg\" aria-label=\"Telegram social link\">\n\t\t\t\t\t\t<span class=\"wd-icon\"><\/span>\n\t\t\t\t\t\t\t\t\t\t\t<\/a>\n\t\t\t\t\n\t\t\t\t\n\t\t\t<\/div>\n\n\t\t\t\t\t\t<\/div>\n\t\t\t\t<\/div>\n\t\t\t\t<\/div>\n\t\t\t\t<\/div>\n\t\t<div class=\"elementor-element elementor-element-56653a46 e-con-full e-flex e-con e-child\" data-id=\"56653a46\" data-element_type=\"container\">\n\t\t\t\t<div class=\"elementor-element elementor-element-17289631 elementor-widget elementor-widget-wd_image_or_svg\" data-id=\"17289631\" data-element_type=\"widget\" data-widget_type=\"wd_image_or_svg.default\">\n\t\t\t\t<div class=\"elementor-widget-container\">\n\t\t\t\t\t\n\t\t<div class=\"wd-image text-right\">\n\t\t\t\t\t\t\t\t<img fetchpriority=\"high\" decoding=\"async\" width=\"1538\" height=\"2048\" src=\"https:\/\/atceenerji.com\/wp-content\/uploads\/2026\/01\/ATCE-TEKNIK-SERVIS-scaled.png\" class=\"attachment-2048x2048 size-2048x2048\" alt=\"\" srcset=\"https:\/\/atceenerji.com\/wp-content\/uploads\/2026\/01\/ATCE-TEKNIK-SERVIS-scaled.png 1923w, https:\/\/atceenerji.com\/wp-content\/uploads\/2026\/01\/ATCE-TEKNIK-SERVIS-225x300.png 225w, https:\/\/atceenerji.com\/wp-content\/uploads\/2026\/01\/ATCE-TEKNIK-SERVIS-601x800.png 601w, https:\/\/atceenerji.com\/wp-content\/uploads\/2026\/01\/ATCE-TEKNIK-SERVIS-768x1022.png 768w, https:\/\/atceenerji.com\/wp-content\/uploads\/2026\/01\/ATCE-TEKNIK-SERVIS-1154x1536.png 1154w, https:\/\/atceenerji.com\/wp-content\/uploads\/2026\/01\/ATCE-TEKNIK-SERVIS-1539x2048.png 1539w, https:\/\/atceenerji.com\/wp-content\/uploads\/2026\/01\/ATCE-TEKNIK-SERVIS-9x12.png 9w, https:\/\/atceenerji.com\/wp-content\/uploads\/2026\/01\/ATCE-TEKNIK-SERVIS-430x572.png 430w, https:\/\/atceenerji.com\/wp-content\/uploads\/2026\/01\/ATCE-TEKNIK-SERVIS-700x932.png 700w, https:\/\/atceenerji.com\/wp-content\/uploads\/2026\/01\/ATCE-TEKNIK-SERVIS-150x200.png 150w\" sizes=\"(max-width: 1538px) 100vw, 1538px\" \/>\t\t\t\t\t<\/div>\n\n\t\t\t\t\t\t<\/div>\n\t\t\t\t<\/div>\n\t\t\t\t<\/div>\n\t\t\t\t<\/div>\n\t\t<div class=\"wd-negative-gap elementor-element elementor-element-67335d8 e-flex e-con-boxed e-con e-parent\" data-id=\"67335d8\" data-element_type=\"container\">\n\t\t\t\t\t<div class=\"e-con-inner\">\n\t\t\t\t\t<\/div>\n\t\t\t\t<\/div>\n\t\t\t\t<\/div>\n\t\t","protected":false},"excerpt":{"rendered":"<p>TEKN\u0130K SERV\u0130S Profesyonel teknik destek ALMANYA TEKNiK SERViS i\u015e ORTA\u011eIMIZ Adres: Weberstra\u00dfe &#8211; 12 Halle 2B &#8211; 51491 Overath Almanya<\/p>\n","protected":false},"author":1,"featured_media":0,"parent":0,"menu_order":0,"comment_status":"closed","ping_status":"closed","template":"","meta":{"footnotes":""},"class_list":["post-27331","page","type-page","status-publish","hentry"],"aioseo_notices":[],"_links":{"self":[{"href":"https:\/\/atceenerji.com\/tr_tr\/wp-json\/wp\/v2\/pages\/27331","targetHints":{"allow":["GET"]}}],"collection":[{"href":"https:\/\/atceenerji.com\/tr_tr\/wp-json\/wp\/v2\/pages"}],"about":[{"href":"https:\/\/atceenerji.com\/tr_tr\/wp-json\/wp\/v2\/types\/page"}],"author":[{"embeddable":true,"href":"https:\/\/atceenerji.com\/tr_tr\/wp-json\/wp\/v2\/users\/1"}],"replies":[{"embeddable":true,"href":"https:\/\/atceenerji.com\/tr_tr\/wp-json\/wp\/v2\/comments?post=27331"}],"version-history":[{"count":20,"href":"https:\/\/atceenerji.com\/tr_tr\/wp-json\/wp\/v2\/pages\/27331\/revisions"}],"predecessor-version":[{"id":27358,"href":"https:\/\/atceenerji.com\/tr_tr\/wp-json\/wp\/v2\/pages\/27331\/revisions\/27358"}],"wp:attachment":[{"href":"https:\/\/atceenerji.com\/tr_tr\/wp-json\/wp\/v2\/media?parent=27331"}],"curies":[{"name":"wp","href":"https:\/\/api.w.org\/{rel}","templated":true}]}}