{"id":27219,"date":"2025-09-02T18:21:34","date_gmt":"2025-09-02T15:21:34","guid":{"rendered":"https:\/\/atceenerji.com\/?page_id=27219"},"modified":"2025-09-02T18:22:54","modified_gmt":"2025-09-02T15:22:54","slug":"teknik-cizimler","status":"publish","type":"page","link":"https:\/\/atceenerji.com\/tr_tr\/teknik-cizimler\/","title":{"rendered":"Teknik \u00c7izimler"},"content":{"rendered":"\t\t<div data-elementor-type=\"wp-page\" data-elementor-id=\"27219\" class=\"elementor elementor-27219\" data-elementor-post-type=\"page\">\n\t\t\t\t<div class=\"wd-negative-gap elementor-element elementor-element-675c33da e-flex e-con-boxed e-con e-parent\" data-id=\"675c33da\" data-element_type=\"container\">\n\t\t\t\t\t<div class=\"e-con-inner\">\n\t\t<div class=\"elementor-element elementor-element-10a7376e e-con-full e-flex e-con e-child\" data-id=\"10a7376e\" data-element_type=\"container\">\n\t\t\t\t<div class=\"elementor-element elementor-element-5c067f16 wd-width-100 elementor-widget elementor-widget-wd_title\" data-id=\"5c067f16\" data-element_type=\"widget\" data-widget_type=\"wd_title.default\">\n\t\t\t\t<div class=\"elementor-widget-container\">\n\t\t\t\t\t\t\t<div class=\"title-wrapper wd-set-mb reset-last-child wd-title-color-default wd-title-style-default wd-title-size-default text-center\">\n\n\t\t\t\n\t\t\t<div class=\"liner-continer\">\n\t\t\t\t<h4 class=\"woodmart-title-container title wd-fontsize-l\">Teknik \u00c7izimler<\/h4> \n\t\t\t\t\t\t\t<\/div>\n\n\t\t\t\t\t<\/div>\n\t\t\t\t\t\t<\/div>\n\t\t\t\t<\/div>\n\t\t\t\t<\/div>\n\t\t<div class=\"elementor-element elementor-element-10bae3e6 e-con-full e-flex e-con e-child\" data-id=\"10bae3e6\" data-element_type=\"container\">\n\t\t<div class=\"elementor-element elementor-element-3f306643 e-con-full e-flex e-con e-child\" data-id=\"3f306643\" data-element_type=\"container\">\n\t\t\t\t<div class=\"elementor-element elementor-element-7f8d0d58 elementor-widget elementor-widget-wd_infobox\" data-id=\"7f8d0d58\" data-element_type=\"widget\" data-widget_type=\"wd_infobox.default\">\n\t\t\t\t<div class=\"elementor-widget-container\">\n\t\t\t\t\t\t\t<div class=\"info-box-wrapper\">\n\t\t\t<div class=\"wd-info-box text-center box-icon-align-top box-style-base color-scheme- with-btn box-btn-static\">\n\t\t\t\t\t\t\t\t\t<div class=\"box-icon-wrapper  box-with-icon box-icon-with-border\">\n\t\t\t\t\t\t<div class=\"info-box-icon\">\n\t\t\t\t\t\t\t\t\t\t\t\t\t\t\t<img decoding=\"async\" width=\"70\" height=\"70\" src=\"https:\/\/atceenerji.com\/wp-content\/uploads\/2025\/09\/4208479-70x70.png\" class=\"attachment-x70 size-x70\" alt=\"\" srcset=\"https:\/\/atceenerji.com\/wp-content\/uploads\/2025\/09\/4208479-70x70.png 70w, https:\/\/atceenerji.com\/wp-content\/uploads\/2025\/09\/4208479-300x300.png 300w, https:\/\/atceenerji.com\/wp-content\/uploads\/2025\/09\/4208479-150x150.png 150w, https:\/\/atceenerji.com\/wp-content\/uploads\/2025\/09\/4208479-12x12.png 12w, https:\/\/atceenerji.com\/wp-content\/uploads\/2025\/09\/4208479-430x430.png 430w, https:\/\/atceenerji.com\/wp-content\/uploads\/2025\/09\/4208479-40x40.png 40w, https:\/\/atceenerji.com\/wp-content\/uploads\/2025\/09\/4208479-50x50.png 50w, https:\/\/atceenerji.com\/wp-content\/uploads\/2025\/09\/4208479.png 512w\" sizes=\"(max-width: 70px) 100vw, 70px\" \/>\t\t\t\t\t\t\t\t\t\t\t\t\t<\/div>\n\t\t\t\t\t<\/div>\n\t\t\t\t\n\t\t\t\t<div class=\"info-box-content\">\n\t\t\t\t\t\n\t\t\t\t\t\t\t\t\t\t\t<h4\t\t\t\t\t\tclass=\"info-box-title title box-title-style-default wd-fontsize-m\" data-elementor-setting-key=\"title\">\n\t\t\t\t\t\t\t\tTeknik \u00c7izim 1\t\t\t\t\t\t<\/h4>\n\t\t\t\t\t\n\t\t\t\t\t<div class=\"info-box-inner reset-last-child\"data-elementor-setting-key=\"content\"><\/div>\n\n\t\t\t\t\t\t\t\t\t\t\t<div class=\"info-btn-wrapper\">\n\t\t\t\t\t\t\t\t\t<div class=\"wd-button-wrapper text-center\" >\n\t\t\t<a class=\"btn btn-style-default btn-shape-round btn-size-default btn-color-primary btn-icon-pos-right\"  href=\"https:\/\/atceenerji.com\/wp-content\/uploads\/2024\/02\/ATCE-2023-KATALOG.pdf\">\n\t\t\t\t<span class=\"wd-btn-text\" data-elementor-setting-key=\"text\">\n\t\t\t\t\t\u0130ND\u0130R\t\t\t\t<\/span>\n\n\t\t\t\t\t\t\t<\/a>\n\t\t<\/div>\n\t\t\t\t\t\t\t\t<\/div>\n\t\t\t\t\t\t\t\t\t<\/div>\n\n\t\t\t\t\t\t\t<\/div>\n\t\t<\/div>\n\t\t\t\t\t\t<\/div>\n\t\t\t\t<\/div>\n\t\t\t\t<\/div>\n\t\t<div class=\"elementor-element elementor-element-691500f e-con-full e-flex e-con e-child\" data-id=\"691500f\" data-element_type=\"container\">\n\t\t\t\t<div class=\"elementor-element elementor-element-23f18a0e elementor-widget elementor-widget-wd_infobox\" data-id=\"23f18a0e\" data-element_type=\"widget\" data-widget_type=\"wd_infobox.default\">\n\t\t\t\t<div class=\"elementor-widget-container\">\n\t\t\t\t\t\t\t<div class=\"info-box-wrapper\">\n\t\t\t<div class=\"wd-info-box text-center box-icon-align-top box-style-base color-scheme- with-btn box-btn-static\">\n\t\t\t\t\t\t\t\t\t<div class=\"box-icon-wrapper  box-with-icon box-icon-with-border\">\n\t\t\t\t\t\t<div class=\"info-box-icon\">\n\t\t\t\t\t\t\t\t\t\t\t\t\t\t\t<img decoding=\"async\" width=\"70\" height=\"70\" src=\"https:\/\/atceenerji.com\/wp-content\/uploads\/2025\/09\/4208479-70x70.png\" class=\"attachment-x70 size-x70\" alt=\"\" srcset=\"https:\/\/atceenerji.com\/wp-content\/uploads\/2025\/09\/4208479-70x70.png 70w, https:\/\/atceenerji.com\/wp-content\/uploads\/2025\/09\/4208479-300x300.png 300w, https:\/\/atceenerji.com\/wp-content\/uploads\/2025\/09\/4208479-150x150.png 150w, https:\/\/atceenerji.com\/wp-content\/uploads\/2025\/09\/4208479-12x12.png 12w, https:\/\/atceenerji.com\/wp-content\/uploads\/2025\/09\/4208479-430x430.png 430w, https:\/\/atceenerji.com\/wp-content\/uploads\/2025\/09\/4208479-40x40.png 40w, https:\/\/atceenerji.com\/wp-content\/uploads\/2025\/09\/4208479-50x50.png 50w, https:\/\/atceenerji.com\/wp-content\/uploads\/2025\/09\/4208479.png 512w\" sizes=\"(max-width: 70px) 100vw, 70px\" \/>\t\t\t\t\t\t\t\t\t\t\t\t\t<\/div>\n\t\t\t\t\t<\/div>\n\t\t\t\t\n\t\t\t\t<div class=\"info-box-content\">\n\t\t\t\t\t\n\t\t\t\t\t\t\t\t\t\t\t<h4\t\t\t\t\t\tclass=\"info-box-title title box-title-style-default wd-fontsize-m\" data-elementor-setting-key=\"title\">\n\t\t\t\t\t\t\t\tTeknik \u00c7izim 2\t\t\t\t\t\t<\/h4>\n\t\t\t\t\t\n\t\t\t\t\t<div class=\"info-box-inner reset-last-child\"data-elementor-setting-key=\"content\"><\/div>\n\n\t\t\t\t\t\t\t\t\t\t\t<div class=\"info-btn-wrapper\">\n\t\t\t\t\t\t\t\t\t<div class=\"wd-button-wrapper text-center\" >\n\t\t\t<a class=\"btn btn-style-default btn-shape-round btn-size-default btn-color-primary btn-icon-pos-right\"  href=\"https:\/\/atceenerji.com\/wp-content\/uploads\/2024\/03\/atce_web_katalog_eng.pdf\">\n\t\t\t\t<span class=\"wd-btn-text\" data-elementor-setting-key=\"text\">\n\t\t\t\t\t\u0130ND\u0130R\t\t\t\t<\/span>\n\n\t\t\t\t\t\t\t<\/a>\n\t\t<\/div>\n\t\t\t\t\t\t\t\t<\/div>\n\t\t\t\t\t\t\t\t\t<\/div>\n\n\t\t\t\t\t\t\t<\/div>\n\t\t<\/div>\n\t\t\t\t\t\t<\/div>\n\t\t\t\t<\/div>\n\t\t\t\t<\/div>\n\t\t<div class=\"elementor-element elementor-element-22a1a8c2 e-con-full e-flex e-con e-child\" data-id=\"22a1a8c2\" data-element_type=\"container\">\n\t\t\t\t<div class=\"elementor-element elementor-element-4a3fa5ee elementor-widget elementor-widget-wd_infobox\" data-id=\"4a3fa5ee\" data-element_type=\"widget\" data-widget_type=\"wd_infobox.default\">\n\t\t\t\t<div class=\"elementor-widget-container\">\n\t\t\t\t\t\t\t<div class=\"info-box-wrapper\">\n\t\t\t<div class=\"wd-info-box text-center box-icon-align-top box-style-base color-scheme- with-btn box-btn-static\">\n\t\t\t\t\t\t\t\t\t<div class=\"box-icon-wrapper  box-with-icon box-icon-with-border\">\n\t\t\t\t\t\t<div class=\"info-box-icon\">\n\t\t\t\t\t\t\t\t\t\t\t\t\t\t\t<img decoding=\"async\" width=\"70\" height=\"70\" src=\"https:\/\/atceenerji.com\/wp-content\/uploads\/2025\/09\/4208479-70x70.png\" class=\"attachment-x70 size-x70\" alt=\"\" srcset=\"https:\/\/atceenerji.com\/wp-content\/uploads\/2025\/09\/4208479-70x70.png 70w, https:\/\/atceenerji.com\/wp-content\/uploads\/2025\/09\/4208479-300x300.png 300w, https:\/\/atceenerji.com\/wp-content\/uploads\/2025\/09\/4208479-150x150.png 150w, https:\/\/atceenerji.com\/wp-content\/uploads\/2025\/09\/4208479-12x12.png 12w, https:\/\/atceenerji.com\/wp-content\/uploads\/2025\/09\/4208479-430x430.png 430w, https:\/\/atceenerji.com\/wp-content\/uploads\/2025\/09\/4208479-40x40.png 40w, https:\/\/atceenerji.com\/wp-content\/uploads\/2025\/09\/4208479-50x50.png 50w, https:\/\/atceenerji.com\/wp-content\/uploads\/2025\/09\/4208479.png 512w\" sizes=\"(max-width: 70px) 100vw, 70px\" \/>\t\t\t\t\t\t\t\t\t\t\t\t\t<\/div>\n\t\t\t\t\t<\/div>\n\t\t\t\t\n\t\t\t\t<div class=\"info-box-content\">\n\t\t\t\t\t\n\t\t\t\t\t\t\t\t\t\t\t<h4\t\t\t\t\t\tclass=\"info-box-title title box-title-style-default wd-fontsize-m\" data-elementor-setting-key=\"title\">\n\t\t\t\t\t\t\t\tTeknik \u00c7izim 3\t\t\t\t\t\t<\/h4>\n\t\t\t\t\t\n\t\t\t\t\t<div class=\"info-box-inner reset-last-child\"data-elementor-setting-key=\"content\"><\/div>\n\n\t\t\t\t\t\t\t\t\t\t\t<div class=\"info-btn-wrapper\">\n\t\t\t\t\t\t\t\t\t<div class=\"wd-button-wrapper text-center\" >\n\t\t\t<a class=\"btn btn-style-default btn-shape-round btn-size-default btn-color-primary btn-icon-pos-right\"  href=\"https:\/\/atceenerji.com\/wp-content\/uploads\/2024\/06\/ATCE-2024-RU-KATALOG-BASKI.pdf\">\n\t\t\t\t<span class=\"wd-btn-text\" data-elementor-setting-key=\"text\">\n\t\t\t\t\t\u0130ND\u0130R\t\t\t\t<\/span>\n\n\t\t\t\t\t\t\t<\/a>\n\t\t<\/div>\n\t\t\t\t\t\t\t\t<\/div>\n\t\t\t\t\t\t\t\t\t<\/div>\n\n\t\t\t\t\t\t\t<\/div>\n\t\t<\/div>\n\t\t\t\t\t\t<\/div>\n\t\t\t\t<\/div>\n\t\t\t\t<\/div>\n\t\t<div class=\"elementor-element elementor-element-576e67e0 e-con-full e-flex e-con e-child\" data-id=\"576e67e0\" data-element_type=\"container\">\n\t\t\t\t<div class=\"elementor-element elementor-element-5e57939f elementor-widget elementor-widget-wd_infobox\" data-id=\"5e57939f\" data-element_type=\"widget\" data-widget_type=\"wd_infobox.default\">\n\t\t\t\t<div class=\"elementor-widget-container\">\n\t\t\t\t\t\t\t<div class=\"info-box-wrapper\">\n\t\t\t<div class=\"wd-info-box text-center box-icon-align-top box-style-base color-scheme- with-btn box-btn-static\">\n\t\t\t\t\t\t\t\t\t<div class=\"box-icon-wrapper  box-with-icon box-icon-with-border\">\n\t\t\t\t\t\t<div class=\"info-box-icon\">\n\t\t\t\t\t\t\t\t\t\t\t\t\t\t\t<img decoding=\"async\" width=\"70\" height=\"70\" src=\"https:\/\/atceenerji.com\/wp-content\/uploads\/2025\/09\/4208479-70x70.png\" class=\"attachment-x70 size-x70\" alt=\"\" srcset=\"https:\/\/atceenerji.com\/wp-content\/uploads\/2025\/09\/4208479-70x70.png 70w, https:\/\/atceenerji.com\/wp-content\/uploads\/2025\/09\/4208479-300x300.png 300w, https:\/\/atceenerji.com\/wp-content\/uploads\/2025\/09\/4208479-150x150.png 150w, https:\/\/atceenerji.com\/wp-content\/uploads\/2025\/09\/4208479-12x12.png 12w, https:\/\/atceenerji.com\/wp-content\/uploads\/2025\/09\/4208479-430x430.png 430w, https:\/\/atceenerji.com\/wp-content\/uploads\/2025\/09\/4208479-40x40.png 40w, https:\/\/atceenerji.com\/wp-content\/uploads\/2025\/09\/4208479-50x50.png 50w, https:\/\/atceenerji.com\/wp-content\/uploads\/2025\/09\/4208479.png 512w\" sizes=\"(max-width: 70px) 100vw, 70px\" \/>\t\t\t\t\t\t\t\t\t\t\t\t\t<\/div>\n\t\t\t\t\t<\/div>\n\t\t\t\t\n\t\t\t\t<div class=\"info-box-content\">\n\t\t\t\t\t\n\t\t\t\t\t\t\t\t\t\t\t<h4\t\t\t\t\t\tclass=\"info-box-title title box-title-style-default wd-fontsize-m\" data-elementor-setting-key=\"title\">\n\t\t\t\t\t\t\t\tTeknik \u00c7izim 4\t\t\t\t\t\t<\/h4>\n\t\t\t\t\t\n\t\t\t\t\t<div class=\"info-box-inner reset-last-child\"data-elementor-setting-key=\"content\"><\/div>\n\n\t\t\t\t\t\t\t\t\t\t\t<div class=\"info-btn-wrapper\">\n\t\t\t\t\t\t\t\t\t<div class=\"wd-button-wrapper text-center\" >\n\t\t\t<a class=\"btn btn-style-default btn-shape-round btn-size-default btn-color-primary btn-icon-pos-right\"  href=\"#\">\n\t\t\t\t<span class=\"wd-btn-text\" data-elementor-setting-key=\"text\">\n\t\t\t\t\t\u0130ND\u0130R\t\t\t\t<\/span>\n\n\t\t\t\t\t\t\t<\/a>\n\t\t<\/div>\n\t\t\t\t\t\t\t\t<\/div>\n\t\t\t\t\t\t\t\t\t<\/div>\n\n\t\t\t\t\t\t\t<\/div>\n\t\t<\/div>\n\t\t\t\t\t\t<\/div>\n\t\t\t\t<\/div>\n\t\t\t\t<\/div>\n\t\t\t\t<\/div>\n\t\t<div class=\"elementor-element elementor-element-115c7e87 e-con-full e-flex e-con e-child\" data-id=\"115c7e87\" data-element_type=\"container\">\n\t\t<div class=\"elementor-element elementor-element-e3342c3 e-con-full e-flex e-con e-child\" data-id=\"e3342c3\" data-element_type=\"container\">\n\t\t\t\t<div class=\"elementor-element elementor-element-7863a4d3 elementor-widget elementor-widget-wd_infobox\" data-id=\"7863a4d3\" data-element_type=\"widget\" data-widget_type=\"wd_infobox.default\">\n\t\t\t\t<div class=\"elementor-widget-container\">\n\t\t\t\t\t\t\t<div class=\"info-box-wrapper\">\n\t\t\t<div class=\"wd-info-box text-center box-icon-align-top box-style-base color-scheme- with-btn box-btn-static\">\n\t\t\t\t\t\t\t\t\t<div class=\"box-icon-wrapper  box-with-icon box-icon-with-border\">\n\t\t\t\t\t\t<div class=\"info-box-icon\">\n\t\t\t\t\t\t\t\t\t\t\t\t\t\t\t<img decoding=\"async\" width=\"70\" height=\"70\" src=\"https:\/\/atceenerji.com\/wp-content\/uploads\/2025\/09\/4208479-70x70.png\" class=\"attachment-x70 size-x70\" alt=\"\" srcset=\"https:\/\/atceenerji.com\/wp-content\/uploads\/2025\/09\/4208479-70x70.png 70w, https:\/\/atceenerji.com\/wp-content\/uploads\/2025\/09\/4208479-300x300.png 300w, https:\/\/atceenerji.com\/wp-content\/uploads\/2025\/09\/4208479-150x150.png 150w, https:\/\/atceenerji.com\/wp-content\/uploads\/2025\/09\/4208479-12x12.png 12w, https:\/\/atceenerji.com\/wp-content\/uploads\/2025\/09\/4208479-430x430.png 430w, https:\/\/atceenerji.com\/wp-content\/uploads\/2025\/09\/4208479-40x40.png 40w, https:\/\/atceenerji.com\/wp-content\/uploads\/2025\/09\/4208479-50x50.png 50w, https:\/\/atceenerji.com\/wp-content\/uploads\/2025\/09\/4208479.png 512w\" sizes=\"(max-width: 70px) 100vw, 70px\" \/>\t\t\t\t\t\t\t\t\t\t\t\t\t<\/div>\n\t\t\t\t\t<\/div>\n\t\t\t\t\n\t\t\t\t<div class=\"info-box-content\">\n\t\t\t\t\t\n\t\t\t\t\t\t\t\t\t\t\t<h4\t\t\t\t\t\tclass=\"info-box-title title box-title-style-default wd-fontsize-m\" data-elementor-setting-key=\"title\">\n\t\t\t\t\t\t\t\tTeknik \u00c7izim 5\t\t\t\t\t\t<\/h4>\n\t\t\t\t\t\n\t\t\t\t\t<div class=\"info-box-inner reset-last-child\"data-elementor-setting-key=\"content\"><\/div>\n\n\t\t\t\t\t\t\t\t\t\t\t<div class=\"info-btn-wrapper\">\n\t\t\t\t\t\t\t\t\t<div class=\"wd-button-wrapper text-center\" >\n\t\t\t<a class=\"btn btn-style-default btn-shape-round btn-size-default btn-color-primary btn-icon-pos-right\"  href=\"#\">\n\t\t\t\t<span class=\"wd-btn-text\" data-elementor-setting-key=\"text\">\n\t\t\t\t\t\u0130ND\u0130R\t\t\t\t<\/span>\n\n\t\t\t\t\t\t\t<\/a>\n\t\t<\/div>\n\t\t\t\t\t\t\t\t<\/div>\n\t\t\t\t\t\t\t\t\t<\/div>\n\n\t\t\t\t\t\t\t<\/div>\n\t\t<\/div>\n\t\t\t\t\t\t<\/div>\n\t\t\t\t<\/div>\n\t\t\t\t<\/div>\n\t\t\t\t<\/div>\n\t\t\t\t\t<\/div>\n\t\t\t\t<\/div>\n\t\t\t\t<\/div>\n\t\t","protected":false},"excerpt":{"rendered":"<p>Teknik \u00c7izimler Teknik \u00c7izim 1 \u0130ND\u0130R Teknik \u00c7izim 2 \u0130ND\u0130R Teknik \u00c7izim 3 \u0130ND\u0130R Teknik \u00c7izim 4 \u0130ND\u0130R Teknik \u00c7izim<\/p>\n","protected":false},"author":1,"featured_media":0,"parent":0,"menu_order":0,"comment_status":"closed","ping_status":"closed","template":"","meta":{"footnotes":""},"class_list":["post-27219","page","type-page","status-publish","hentry"],"aioseo_notices":[],"_links":{"self":[{"href":"https:\/\/atceenerji.com\/tr_tr\/wp-json\/wp\/v2\/pages\/27219","targetHints":{"allow":["GET"]}}],"collection":[{"href":"https:\/\/atceenerji.com\/tr_tr\/wp-json\/wp\/v2\/pages"}],"about":[{"href":"https:\/\/atceenerji.com\/tr_tr\/wp-json\/wp\/v2\/types\/page"}],"author":[{"embeddable":true,"href":"https:\/\/atceenerji.com\/tr_tr\/wp-json\/wp\/v2\/users\/1"}],"replies":[{"embeddable":true,"href":"https:\/\/atceenerji.com\/tr_tr\/wp-json\/wp\/v2\/comments?post=27219"}],"version-history":[{"count":5,"href":"https:\/\/atceenerji.com\/tr_tr\/wp-json\/wp\/v2\/pages\/27219\/revisions"}],"predecessor-version":[{"id":27225,"href":"https:\/\/atceenerji.com\/tr_tr\/wp-json\/wp\/v2\/pages\/27219\/revisions\/27225"}],"wp:attachment":[{"href":"https:\/\/atceenerji.com\/tr_tr\/wp-json\/wp\/v2\/media?parent=27219"}],"curies":[{"name":"wp","href":"https:\/\/api.w.org\/{rel}","templated":true}]}}