{"id":27211,"date":"2025-09-02T18:19:49","date_gmt":"2025-09-02T15:19:49","guid":{"rendered":"https:\/\/atceenerji.com\/?page_id=27211"},"modified":"2026-03-25T15:13:04","modified_gmt":"2026-03-25T12:13:04","slug":"kataloglar","status":"publish","type":"page","link":"https:\/\/atceenerji.com\/tr_tr\/kataloglar\/","title":{"rendered":"Kataloglar"},"content":{"rendered":"\t\t<div data-elementor-type=\"wp-page\" data-elementor-id=\"27211\" class=\"elementor elementor-27211\" data-elementor-post-type=\"page\">\n\t\t\t\t<div class=\"wd-negative-gap elementor-element elementor-element-4f8a8bd1 e-flex e-con-boxed e-con e-parent\" data-id=\"4f8a8bd1\" data-element_type=\"container\">\n\t\t\t\t\t<div class=\"e-con-inner\">\n\t\t<div class=\"elementor-element elementor-element-13fbc7c0 e-con-full e-flex e-con e-child\" data-id=\"13fbc7c0\" data-element_type=\"container\">\n\t\t\t\t<div class=\"elementor-element elementor-element-43ac9e10 wd-width-100 elementor-widget elementor-widget-wd_title\" data-id=\"43ac9e10\" data-element_type=\"widget\" data-widget_type=\"wd_title.default\">\n\t\t\t\t<div class=\"elementor-widget-container\">\n\t\t\t\t\t\t\t<div class=\"title-wrapper wd-set-mb reset-last-child wd-title-color-default wd-title-style-default wd-title-size-default text-center\">\n\n\t\t\t\n\t\t\t<div class=\"liner-continer\">\n\t\t\t\t<h4 class=\"woodmart-title-container title wd-fontsize-l\">Kataloglar<\/h4> \n\t\t\t\t\t\t\t<\/div>\n\n\t\t\t\t\t<\/div>\n\t\t\t\t\t\t<\/div>\n\t\t\t\t<\/div>\n\t\t\t\t<\/div>\n\t\t<div class=\"elementor-element elementor-element-53b1c2b4 e-con-full e-flex e-con e-child\" data-id=\"53b1c2b4\" data-element_type=\"container\">\n\t\t<div class=\"elementor-element elementor-element-6623bbb2 e-con-full e-flex e-con e-child\" data-id=\"6623bbb2\" data-element_type=\"container\">\n\t\t\t\t<div class=\"elementor-element elementor-element-541d07a1 elementor-widget__width-initial elementor-widget elementor-widget-wd_infobox\" data-id=\"541d07a1\" data-element_type=\"widget\" data-widget_type=\"wd_infobox.default\">\n\t\t\t\t<div class=\"elementor-widget-container\">\n\t\t\t\t\t\t\t<div class=\"info-box-wrapper\">\n\t\t\t<div class=\"wd-info-box text-center box-icon-align-top box-style-base color-scheme- with-btn box-btn-static\">\n\t\t\t\t\t\t\t\t\t<div class=\"box-icon-wrapper  box-with-icon box-icon-with-border\">\n\t\t\t\t\t\t<div class=\"info-box-icon\">\n\t\t\t\t\t\t\t\t\t\t\t\t\t\t\t<img decoding=\"async\" width=\"70\" height=\"70\" src=\"https:\/\/atceenerji.com\/wp-content\/uploads\/2025\/09\/4208479-70x70.png\" class=\"attachment-x70 size-x70\" alt=\"\" srcset=\"https:\/\/atceenerji.com\/wp-content\/uploads\/2025\/09\/4208479-70x70.png 70w, https:\/\/atceenerji.com\/wp-content\/uploads\/2025\/09\/4208479-300x300.png 300w, https:\/\/atceenerji.com\/wp-content\/uploads\/2025\/09\/4208479-150x150.png 150w, https:\/\/atceenerji.com\/wp-content\/uploads\/2025\/09\/4208479-12x12.png 12w, https:\/\/atceenerji.com\/wp-content\/uploads\/2025\/09\/4208479-430x430.png 430w, https:\/\/atceenerji.com\/wp-content\/uploads\/2025\/09\/4208479-40x40.png 40w, https:\/\/atceenerji.com\/wp-content\/uploads\/2025\/09\/4208479-50x50.png 50w, https:\/\/atceenerji.com\/wp-content\/uploads\/2025\/09\/4208479.png 512w\" sizes=\"(max-width: 70px) 100vw, 70px\" \/>\t\t\t\t\t\t\t\t\t\t\t\t\t<\/div>\n\t\t\t\t\t<\/div>\n\t\t\t\t\n\t\t\t\t<div class=\"info-box-content\">\n\t\t\t\t\t\n\t\t\t\t\t\t\t\t\t\t\t<h4\t\t\t\t\t\tclass=\"info-box-title title box-title-style-default wd-fontsize-m\" data-elementor-setting-key=\"title\">\n\t\t\t\t\t\t\t\t2026 T\u00fcrk\u00e7e Kurumsal Katalog\t\t\t\t\t\t<\/h4>\n\t\t\t\t\t\n\t\t\t\t\t<div class=\"info-box-inner reset-last-child\"data-elementor-setting-key=\"content\"><\/div>\n\n\t\t\t\t\t\t\t\t\t\t\t<div class=\"info-btn-wrapper\">\n\t\t\t\t\t\t\t\t\t<div class=\"wd-button-wrapper text-center\" >\n\t\t\t<a class=\"btn btn-style-default btn-shape-round btn-size-default btn-color-primary btn-icon-pos-right\"  href=\"https:\/\/atceenerji.com\/wp-content\/uploads\/2026\/03\/atce-enerji-katalog-tr-1.pdf\">\n\t\t\t\t<span class=\"wd-btn-text\" data-elementor-setting-key=\"text\">\n\t\t\t\t\t\u0130ND\u0130R\t\t\t\t<\/span>\n\n\t\t\t\t\t\t\t<\/a>\n\t\t<\/div>\n\t\t\t\t\t\t\t\t<\/div>\n\t\t\t\t\t\t\t\t\t<\/div>\n\n\t\t\t\t\t\t\t<\/div>\n\t\t<\/div>\n\t\t\t\t\t\t<\/div>\n\t\t\t\t<\/div>\n\t\t\t\t<\/div>\n\t\t<div class=\"elementor-element elementor-element-587714f e-con-full e-flex e-con e-child\" data-id=\"587714f\" data-element_type=\"container\">\n\t\t\t\t<div class=\"elementor-element elementor-element-718fe4b2 elementor-widget__width-initial elementor-widget elementor-widget-wd_infobox\" data-id=\"718fe4b2\" data-element_type=\"widget\" data-widget_type=\"wd_infobox.default\">\n\t\t\t\t<div class=\"elementor-widget-container\">\n\t\t\t\t\t\t\t<div class=\"info-box-wrapper\">\n\t\t\t<div class=\"wd-info-box text-center box-icon-align-top box-style-base color-scheme- with-btn box-btn-static\">\n\t\t\t\t\t\t\t\t\t<div class=\"box-icon-wrapper  box-with-icon box-icon-with-border\">\n\t\t\t\t\t\t<div class=\"info-box-icon\">\n\t\t\t\t\t\t\t\t\t\t\t\t\t\t\t<img decoding=\"async\" width=\"70\" height=\"70\" src=\"https:\/\/atceenerji.com\/wp-content\/uploads\/2025\/09\/4208479-70x70.png\" class=\"attachment-x70 size-x70\" alt=\"\" srcset=\"https:\/\/atceenerji.com\/wp-content\/uploads\/2025\/09\/4208479-70x70.png 70w, https:\/\/atceenerji.com\/wp-content\/uploads\/2025\/09\/4208479-300x300.png 300w, https:\/\/atceenerji.com\/wp-content\/uploads\/2025\/09\/4208479-150x150.png 150w, https:\/\/atceenerji.com\/wp-content\/uploads\/2025\/09\/4208479-12x12.png 12w, https:\/\/atceenerji.com\/wp-content\/uploads\/2025\/09\/4208479-430x430.png 430w, https:\/\/atceenerji.com\/wp-content\/uploads\/2025\/09\/4208479-40x40.png 40w, https:\/\/atceenerji.com\/wp-content\/uploads\/2025\/09\/4208479-50x50.png 50w, https:\/\/atceenerji.com\/wp-content\/uploads\/2025\/09\/4208479.png 512w\" sizes=\"(max-width: 70px) 100vw, 70px\" \/>\t\t\t\t\t\t\t\t\t\t\t\t\t<\/div>\n\t\t\t\t\t<\/div>\n\t\t\t\t\n\t\t\t\t<div class=\"info-box-content\">\n\t\t\t\t\t\n\t\t\t\t\t\t\t\t\t\t\t<h4\t\t\t\t\t\tclass=\"info-box-title title box-title-style-default wd-fontsize-m\" data-elementor-setting-key=\"title\">\n\t\t\t\t\t\t\t\t2026 English Corporate Catalog<br \/>\n\t\t\t\t\t\t<\/h4>\n\t\t\t\t\t\n\t\t\t\t\t<div class=\"info-box-inner reset-last-child\"data-elementor-setting-key=\"content\"><\/div>\n\n\t\t\t\t\t\t\t\t\t\t\t<div class=\"info-btn-wrapper\">\n\t\t\t\t\t\t\t\t\t<div class=\"wd-button-wrapper text-center\" >\n\t\t\t<a class=\"btn btn-style-default btn-shape-round btn-size-default btn-color-primary btn-icon-pos-right\"  href=\"https:\/\/atceenerji.com\/wp-content\/uploads\/2026\/03\/atce-enerji-katalog-eng-1.pdf\">\n\t\t\t\t<span class=\"wd-btn-text\" data-elementor-setting-key=\"text\">\n\t\t\t\t\t\u0130ND\u0130R\t\t\t\t<\/span>\n\n\t\t\t\t\t\t\t<\/a>\n\t\t<\/div>\n\t\t\t\t\t\t\t\t<\/div>\n\t\t\t\t\t\t\t\t\t<\/div>\n\n\t\t\t\t\t\t\t<\/div>\n\t\t<\/div>\n\t\t\t\t\t\t<\/div>\n\t\t\t\t<\/div>\n\t\t\t\t<\/div>\n\t\t<div class=\"elementor-element elementor-element-228a1557 e-con-full e-flex e-con e-child\" data-id=\"228a1557\" data-element_type=\"container\">\n\t\t\t\t<div class=\"elementor-element elementor-element-6f536863 elementor-widget__width-initial elementor-widget elementor-widget-wd_infobox\" data-id=\"6f536863\" data-element_type=\"widget\" data-widget_type=\"wd_infobox.default\">\n\t\t\t\t<div class=\"elementor-widget-container\">\n\t\t\t\t\t\t\t<div class=\"info-box-wrapper\">\n\t\t\t<div class=\"wd-info-box text-center box-icon-align-top box-style-base color-scheme- with-btn box-btn-static\">\n\t\t\t\t\t\t\t\t\t<div class=\"box-icon-wrapper  box-with-icon box-icon-with-border\">\n\t\t\t\t\t\t<div class=\"info-box-icon\">\n\t\t\t\t\t\t\t\t\t\t\t\t\t\t\t<img decoding=\"async\" width=\"70\" height=\"70\" src=\"https:\/\/atceenerji.com\/wp-content\/uploads\/2025\/09\/4208479-70x70.png\" class=\"attachment-x70 size-x70\" alt=\"\" srcset=\"https:\/\/atceenerji.com\/wp-content\/uploads\/2025\/09\/4208479-70x70.png 70w, https:\/\/atceenerji.com\/wp-content\/uploads\/2025\/09\/4208479-300x300.png 300w, https:\/\/atceenerji.com\/wp-content\/uploads\/2025\/09\/4208479-150x150.png 150w, https:\/\/atceenerji.com\/wp-content\/uploads\/2025\/09\/4208479-12x12.png 12w, https:\/\/atceenerji.com\/wp-content\/uploads\/2025\/09\/4208479-430x430.png 430w, https:\/\/atceenerji.com\/wp-content\/uploads\/2025\/09\/4208479-40x40.png 40w, https:\/\/atceenerji.com\/wp-content\/uploads\/2025\/09\/4208479-50x50.png 50w, https:\/\/atceenerji.com\/wp-content\/uploads\/2025\/09\/4208479.png 512w\" sizes=\"(max-width: 70px) 100vw, 70px\" \/>\t\t\t\t\t\t\t\t\t\t\t\t\t<\/div>\n\t\t\t\t\t<\/div>\n\t\t\t\t\n\t\t\t\t<div class=\"info-box-content\">\n\t\t\t\t\t\n\t\t\t\t\t\t\t\t\t\t\t<h4\t\t\t\t\t\tclass=\"info-box-title title box-title-style-default wd-fontsize-m\" data-elementor-setting-key=\"title\">\n\t\t\t\t\t\t\t\t2026 \u0420\u043e\u0441\u0441\u0438\u0439\u0441\u043a\u0438\u0439 \u043a\u043e\u0440\u043f\u043e\u0440\u0430\u0442\u0438\u0432\u043d\u044b\u0439 \u043a\u0430\u0442\u0430\u043b\u043e\u0433<br \/>\n\t\t\t\t\t\t<\/h4>\n\t\t\t\t\t\n\t\t\t\t\t<div class=\"info-box-inner reset-last-child\"data-elementor-setting-key=\"content\"><\/div>\n\n\t\t\t\t\t\t\t\t\t\t\t<div class=\"info-btn-wrapper\">\n\t\t\t\t\t\t\t\t\t<div class=\"wd-button-wrapper text-center\" >\n\t\t\t<a class=\"btn btn-style-default btn-shape-round btn-size-default btn-color-primary btn-icon-pos-right\"  href=\"https:\/\/atceenerji.com\/wp-content\/uploads\/2026\/03\/atce-enerji-katalog-ru-1.pdf\">\n\t\t\t\t<span class=\"wd-btn-text\" data-elementor-setting-key=\"text\">\n\t\t\t\t\t\u0130ND\u0130R\t\t\t\t<\/span>\n\n\t\t\t\t\t\t\t<\/a>\n\t\t<\/div>\n\t\t\t\t\t\t\t\t<\/div>\n\t\t\t\t\t\t\t\t\t<\/div>\n\n\t\t\t\t\t\t\t<\/div>\n\t\t<\/div>\n\t\t\t\t\t\t<\/div>\n\t\t\t\t<\/div>\n\t\t\t\t<\/div>\n\t\t<div class=\"elementor-element elementor-element-21e98e92 e-con-full e-flex e-con e-child\" data-id=\"21e98e92\" data-element_type=\"container\">\n\t\t\t\t<div class=\"elementor-element elementor-element-6b535385 elementor-widget__width-initial elementor-widget elementor-widget-wd_infobox\" data-id=\"6b535385\" data-element_type=\"widget\" data-widget_type=\"wd_infobox.default\">\n\t\t\t\t<div class=\"elementor-widget-container\">\n\t\t\t\t\t\t\t<div class=\"info-box-wrapper\">\n\t\t\t<div class=\"wd-info-box text-center box-icon-align-top box-style-base color-scheme- with-btn box-btn-static\">\n\t\t\t\t\t\t\t\t\t<div class=\"box-icon-wrapper  box-with-icon box-icon-with-border\">\n\t\t\t\t\t\t<div class=\"info-box-icon\">\n\t\t\t\t\t\t\t\t\t\t\t\t\t\t\t<img decoding=\"async\" width=\"70\" height=\"70\" src=\"https:\/\/atceenerji.com\/wp-content\/uploads\/2025\/09\/4208479-70x70.png\" class=\"attachment-x70 size-x70\" alt=\"\" srcset=\"https:\/\/atceenerji.com\/wp-content\/uploads\/2025\/09\/4208479-70x70.png 70w, https:\/\/atceenerji.com\/wp-content\/uploads\/2025\/09\/4208479-300x300.png 300w, https:\/\/atceenerji.com\/wp-content\/uploads\/2025\/09\/4208479-150x150.png 150w, https:\/\/atceenerji.com\/wp-content\/uploads\/2025\/09\/4208479-12x12.png 12w, https:\/\/atceenerji.com\/wp-content\/uploads\/2025\/09\/4208479-430x430.png 430w, https:\/\/atceenerji.com\/wp-content\/uploads\/2025\/09\/4208479-40x40.png 40w, https:\/\/atceenerji.com\/wp-content\/uploads\/2025\/09\/4208479-50x50.png 50w, https:\/\/atceenerji.com\/wp-content\/uploads\/2025\/09\/4208479.png 512w\" sizes=\"(max-width: 70px) 100vw, 70px\" \/>\t\t\t\t\t\t\t\t\t\t\t\t\t<\/div>\n\t\t\t\t\t<\/div>\n\t\t\t\t\n\t\t\t\t<div class=\"info-box-content\">\n\t\t\t\t\t\n\t\t\t\t\t\t\t\t\t\t\t<h4\t\t\t\t\t\tclass=\"info-box-title title box-title-style-default wd-fontsize-m\" data-elementor-setting-key=\"title\">\n\t\t\t\t\t\t\t\t2024 Catalogue Corporatif Fran\u00e7ais\t\t\t\t\t\t<\/h4>\n\t\t\t\t\t\n\t\t\t\t\t<div class=\"info-box-inner reset-last-child\"data-elementor-setting-key=\"content\"><\/div>\n\n\t\t\t\t\t\t\t\t\t\t\t<div class=\"info-btn-wrapper\">\n\t\t\t\t\t\t\t\t\t<div class=\"wd-button-wrapper text-center\" >\n\t\t\t<a class=\"btn btn-style-default btn-shape-round btn-size-default btn-color-primary btn-icon-pos-right\"  href=\"#\">\n\t\t\t\t<span class=\"wd-btn-text\" data-elementor-setting-key=\"text\">\n\t\t\t\t\t\u0130ND\u0130R\t\t\t\t<\/span>\n\n\t\t\t\t\t\t\t<\/a>\n\t\t<\/div>\n\t\t\t\t\t\t\t\t<\/div>\n\t\t\t\t\t\t\t\t\t<\/div>\n\n\t\t\t\t\t\t\t<\/div>\n\t\t<\/div>\n\t\t\t\t\t\t<\/div>\n\t\t\t\t<\/div>\n\t\t\t\t<\/div>\n\t\t\t\t<\/div>\n\t\t<div class=\"elementor-element elementor-element-5b001818 e-con-full e-flex e-con e-child\" data-id=\"5b001818\" data-element_type=\"container\">\n\t\t<div class=\"elementor-element elementor-element-6a1338a2 e-con-full e-flex e-con e-child\" data-id=\"6a1338a2\" data-element_type=\"container\">\n\t\t\t\t<div class=\"elementor-element elementor-element-35ccbacd elementor-widget elementor-widget-wd_infobox\" data-id=\"35ccbacd\" data-element_type=\"widget\" data-widget_type=\"wd_infobox.default\">\n\t\t\t\t<div class=\"elementor-widget-container\">\n\t\t\t\t\t\t\t<div class=\"info-box-wrapper\">\n\t\t\t<div class=\"wd-info-box text-center box-icon-align-top box-style-base color-scheme- with-btn box-btn-static\">\n\t\t\t\t\t\t\t\t\t<div class=\"box-icon-wrapper  box-with-icon box-icon-with-border\">\n\t\t\t\t\t\t<div class=\"info-box-icon\">\n\t\t\t\t\t\t\t\t\t\t\t\t\t\t\t<img decoding=\"async\" width=\"70\" height=\"70\" src=\"https:\/\/atceenerji.com\/wp-content\/uploads\/2025\/09\/4208479-70x70.png\" class=\"attachment-x70 size-x70\" alt=\"\" srcset=\"https:\/\/atceenerji.com\/wp-content\/uploads\/2025\/09\/4208479-70x70.png 70w, https:\/\/atceenerji.com\/wp-content\/uploads\/2025\/09\/4208479-300x300.png 300w, https:\/\/atceenerji.com\/wp-content\/uploads\/2025\/09\/4208479-150x150.png 150w, https:\/\/atceenerji.com\/wp-content\/uploads\/2025\/09\/4208479-12x12.png 12w, https:\/\/atceenerji.com\/wp-content\/uploads\/2025\/09\/4208479-430x430.png 430w, https:\/\/atceenerji.com\/wp-content\/uploads\/2025\/09\/4208479-40x40.png 40w, https:\/\/atceenerji.com\/wp-content\/uploads\/2025\/09\/4208479-50x50.png 50w, https:\/\/atceenerji.com\/wp-content\/uploads\/2025\/09\/4208479.png 512w\" sizes=\"(max-width: 70px) 100vw, 70px\" \/>\t\t\t\t\t\t\t\t\t\t\t\t\t<\/div>\n\t\t\t\t\t<\/div>\n\t\t\t\t\n\t\t\t\t<div class=\"info-box-content\">\n\t\t\t\t\t\n\t\t\t\t\t\t\t\t\t\t\t<h4\t\t\t\t\t\tclass=\"info-box-title title box-title-style-default wd-fontsize-m\" data-elementor-setting-key=\"title\">\n\t\t\t\t\t\t\t\t2024 \u0643\u062a\u0627\u0644\u0648\u062c \u0627\u0644\u0634\u0631\u0643\u0627\u062a \u0627\u0644\u0639\u0631\u0628\u064a\u0629\t\t\t\t\t\t<\/h4>\n\t\t\t\t\t\n\t\t\t\t\t<div class=\"info-box-inner reset-last-child\"data-elementor-setting-key=\"content\"><\/div>\n\n\t\t\t\t\t\t\t\t\t\t\t<div class=\"info-btn-wrapper\">\n\t\t\t\t\t\t\t\t\t<div class=\"wd-button-wrapper text-center\" >\n\t\t\t<a class=\"btn btn-style-default btn-shape-round btn-size-default btn-color-primary btn-icon-pos-right\"  href=\"#\">\n\t\t\t\t<span class=\"wd-btn-text\" data-elementor-setting-key=\"text\">\n\t\t\t\t\t\u0130ND\u0130R\t\t\t\t<\/span>\n\n\t\t\t\t\t\t\t<\/a>\n\t\t<\/div>\n\t\t\t\t\t\t\t\t<\/div>\n\t\t\t\t\t\t\t\t\t<\/div>\n\n\t\t\t\t\t\t\t<\/div>\n\t\t<\/div>\n\t\t\t\t\t\t<\/div>\n\t\t\t\t<\/div>\n\t\t\t\t<\/div>\n\t\t\t\t<\/div>\n\t\t\t\t\t<\/div>\n\t\t\t\t<\/div>\n\t\t\t\t<\/div>\n\t\t","protected":false},"excerpt":{"rendered":"<p>Kataloglar 2026 T\u00fcrk\u00e7e Kurumsal Katalog \u0130ND\u0130R 2026 English Corporate Catalog \u0130ND\u0130R 2026 \u0420\u043e\u0441\u0441\u0438\u0439\u0441\u043a\u0438\u0439 \u043a\u043e\u0440\u043f\u043e\u0440\u0430\u0442\u0438\u0432\u043d\u044b\u0439 \u043a\u0430\u0442\u0430\u043b\u043e\u0433 \u0130ND\u0130R 2024 Catalogue Corporatif Fran\u00e7ais<\/p>\n","protected":false},"author":1,"featured_media":0,"parent":0,"menu_order":0,"comment_status":"closed","ping_status":"closed","template":"","meta":{"footnotes":""},"class_list":["post-27211","page","type-page","status-publish","hentry"],"aioseo_notices":[],"_links":{"self":[{"href":"https:\/\/atceenerji.com\/tr_tr\/wp-json\/wp\/v2\/pages\/27211","targetHints":{"allow":["GET"]}}],"collection":[{"href":"https:\/\/atceenerji.com\/tr_tr\/wp-json\/wp\/v2\/pages"}],"about":[{"href":"https:\/\/atceenerji.com\/tr_tr\/wp-json\/wp\/v2\/types\/page"}],"author":[{"embeddable":true,"href":"https:\/\/atceenerji.com\/tr_tr\/wp-json\/wp\/v2\/users\/1"}],"replies":[{"embeddable":true,"href":"https:\/\/atceenerji.com\/tr_tr\/wp-json\/wp\/v2\/comments?post=27211"}],"version-history":[{"count":8,"href":"https:\/\/atceenerji.com\/tr_tr\/wp-json\/wp\/v2\/pages\/27211\/revisions"}],"predecessor-version":[{"id":27494,"href":"https:\/\/atceenerji.com\/tr_tr\/wp-json\/wp\/v2\/pages\/27211\/revisions\/27494"}],"wp:attachment":[{"href":"https:\/\/atceenerji.com\/tr_tr\/wp-json\/wp\/v2\/media?parent=27211"}],"curies":[{"name":"wp","href":"https:\/\/api.w.org\/{rel}","templated":true}]}}