{"id":26996,"date":"2025-04-03T00:49:09","date_gmt":"2025-04-02T21:49:09","guid":{"rendered":"https:\/\/atceenerji.com\/?page_id=26996"},"modified":"2025-04-03T23:03:54","modified_gmt":"2025-04-03T20:03:54","slug":"panolar","status":"publish","type":"page","link":"https:\/\/atceenerji.com\/tr_tr\/projeler\/panolar\/","title":{"rendered":"Panolar"},"content":{"rendered":"\t\t<div data-elementor-type=\"wp-page\" data-elementor-id=\"26996\" class=\"elementor elementor-26996\" data-elementor-post-type=\"page\">\n\t\t\t\t<div class=\"wd-negative-gap elementor-element elementor-element-3ccc93a e-flex e-con-boxed e-con e-parent\" data-id=\"3ccc93a\" data-element_type=\"container\">\n\t\t\t\t\t<div class=\"e-con-inner\">\n\t\t\t\t<div class=\"elementor-element elementor-element-e9a13c2 elementor-widget__width-initial elementor-absolute elementor-widget elementor-widget-wd_button\" data-id=\"e9a13c2\" data-element_type=\"widget\" data-settings=\"{&quot;_position&quot;:&quot;absolute&quot;}\" data-widget_type=\"wd_button.default\">\n\t\t\t\t<div class=\"elementor-widget-container\">\n\t\t\t\t\t\t\t<div class=\"wd-button-wrapper text-right\" >\n\t\t\t<a class=\"btn btn-style-link btn-shape- btn-size-default btn-color-alt btn-icon-pos-right\"  href=\"#\">\n\t\t\t\t<span class=\"wd-btn-text\" data-elementor-setting-key=\"text\">\n\t\t\t\t\tPanolar\t\t\t\t<\/span>\n\n\t\t\t\t\t\t\t<\/a>\n\t\t<\/div>\n\t\t\t\t\t\t<\/div>\n\t\t\t\t<\/div>\n\t\t\t\t<div class=\"elementor-element elementor-element-a42fbd9 elementor-widget__width-initial elementor-widget elementor-widget-wd_button\" data-id=\"a42fbd9\" data-element_type=\"widget\" data-widget_type=\"wd_button.default\">\n\t\t\t\t<div class=\"elementor-widget-container\">\n\t\t\t\t\t\t\t<div class=\"wd-button-wrapper text-left\" >\n\t\t\t<a class=\"btn btn-style-link btn-shape- btn-size-default btn-color-custom btn-icon-pos-right\"  href=\"https:\/\/atceenerji.com\/projeler\/\">\n\t\t\t\t<span class=\"wd-btn-text\" data-elementor-setting-key=\"text\">\n\t\t\t\t\t Taahh\u00fct Projeleri\t\t\t\t<\/span>\n\n\t\t\t\t\t\t\t<\/a>\n\t\t<\/div>\n\t\t\t\t\t\t<\/div>\n\t\t\t\t<\/div>\n\t\t\t\t<div class=\"elementor-element elementor-element-3dd0164 wd-width-100 elementor-widget elementor-widget-wd_portfolio\" data-id=\"3dd0164\" data-element_type=\"widget\" data-widget_type=\"wd_portfolio.default\">\n\t\t\t\t<div class=\"elementor-widget-container\">\n\t\t\t\t\t\t\t\t\t\t\t\t\t\t<div class=\"wd-portfolio-element\">\n\t\t\t\t\t\n\t\t\t\t\t\n\t\t\t\t\t<div class=\"wd-projects wd-masonry wd-grid-f-col\" data-atts=\"{&quot;posts_per_page&quot;:&quot;6&quot;,&quot;filters&quot;:&quot;&quot;,&quot;filters_type&quot;:null,&quot;categories&quot;:[&quot;30&quot;],&quot;style&quot;:&quot;inherit&quot;,&quot;columns&quot;:3,&quot;columns_tablet&quot;:{&quot;size&quot;:&quot;&quot;},&quot;columns_mobile&quot;:{&quot;size&quot;:&quot;&quot;},&quot;spacing&quot;:&quot;&quot;,&quot;spacing_tablet&quot;:&quot;&quot;,&quot;spacing_mobile&quot;:&quot;&quot;,&quot;pagination&quot;:&quot;&quot;,&quot;ajax_page&quot;:&quot;&quot;,&quot;orderby&quot;:&quot;id&quot;,&quot;order&quot;:&quot;ASC&quot;,&quot;layout&quot;:&quot;grid&quot;,&quot;lazy_loading&quot;:&quot;&quot;,&quot;elementor&quot;:true,&quot;custom_sizes&quot;:false,&quot;image_size&quot;:&quot;medium_large&quot;,&quot;element_title&quot;:&quot;&quot;,&quot;element_title_tag&quot;:&quot;h4&quot;,&quot;speed&quot;:null,&quot;slides_per_view&quot;:null,&quot;slides_per_view_tablet&quot;:{&quot;size&quot;:&quot;&quot;},&quot;slides_per_view_mobile&quot;:{&quot;size&quot;:&quot;&quot;},&quot;wrap&quot;:null,&quot;autoplay&quot;:null,&quot;hide_pagination_control&quot;:null,&quot;hide_prev_next_buttons&quot;:null,&quot;scroll_per_page&quot;:null,&quot;scroll_carousel_init&quot;:null}\" data-source=\"shortcode\" data-paged=\"1\" style=\"--wd-col-lg:3;--wd-col-md:3;--wd-col-sm:1;--wd-gap-lg:0px;\">\n\t\t\t\n\t\t\t\t\t\t\t\t\t\t\t\n<article id=\"post-26990\" class=\"wd-project portfolio-entry wd-col masonry-item portfolio-hover-inverse proj-cat-panolar post-26990 portfolio type-portfolio status-publish has-post-thumbnail hentry project-cat-panolar\">\n\t<header class=\"entry-header\">\n\t\t\t\t\t<figure class=\"entry-thumbnail color-scheme-light\">\n\t\t\t\t<a href=\"https:\/\/atceenerji.com\/tr_tr\/projeler1\/u-serisi\/\" class=\"portfolio-thumbnail\">\n\t\t\t\t\t<img fetchpriority=\"high\" decoding=\"async\" width=\"703\" height=\"489\" src=\"https:\/\/atceenerji.com\/wp-content\/uploads\/2024\/03\/2.png\" class=\"attachment-medium_large size-medium_large\" alt=\"Pano karkas\u0131\" srcset=\"https:\/\/atceenerji.com\/wp-content\/uploads\/2024\/03\/2.png 703w, https:\/\/atceenerji.com\/wp-content\/uploads\/2024\/03\/2-400x278.png 400w, https:\/\/atceenerji.com\/wp-content\/uploads\/2024\/03\/2-18x12.png 18w, https:\/\/atceenerji.com\/wp-content\/uploads\/2024\/03\/2-430x299.png 430w, https:\/\/atceenerji.com\/wp-content\/uploads\/2024\/03\/2-700x487.png 700w, https:\/\/atceenerji.com\/wp-content\/uploads\/2024\/03\/2-150x104.png 150w\" sizes=\"(max-width: 703px) 100vw, 703px\" \/>\t\t\t\t<\/a>\n\t\t\t\t<div class=\"wd-portfolio-btns\">\n\t\t\t\t\t<div class=\"portfolio-enlarge wd-action-btn wd-style-icon wd-enlarge-icon\">\n\t\t\t\t\t\t<a href=\"https:\/\/atceenerji.com\/wp-content\/uploads\/2024\/03\/2.png\" data-elementor-open-lightbox=\"no\">View Large<\/a>\n\t\t\t\t\t<\/div>\n\t\t\t\t\t\t\t\t\t\t\t<div class=\"social-icons-wrapper wd-action-btn wd-style-icon wd-share-icon wd-tltp\">\n\t\t\t\t\t\t\t<a><\/a>\n\t\t\t\t\t\t\t<div class=\"tooltip left\">\n\t\t\t\t\t\t\t\t<div class=\"tooltip-arrow\"><\/div>\n\t\t\t\t\t\t\t\t<div class=\"tooltip-inner\">\n\t\t\t\t\t\t\t\t\t\t\t\t<div\n\t\t\t\t\t\tclass=\" wd-social-icons wd-style-default wd-size-small social-share wd-shape-circle color-scheme-light text-center\">\n\t\t\t\t\n\t\t\t\t\n\t\t\t\t\t\t\t\t\t<a rel=\"noopener noreferrer nofollow\" href=\"https:\/\/www.facebook.com\/sharer\/sharer.php?u=https:\/\/atceenerji.com\/tr_tr\/projeler1\/u-serisi\/\" target=\"_blank\" class=\" wd-social-icon social-facebook\" aria-label=\"Facebook social link\">\n\t\t\t\t\t\t<span class=\"wd-icon\"><\/span>\n\t\t\t\t\t\t\t\t\t\t\t<\/a>\n\t\t\t\t\n\t\t\t\t\t\t\t\t\t<a rel=\"noopener noreferrer nofollow\" href=\"https:\/\/x.com\/share?url=https:\/\/atceenerji.com\/tr_tr\/projeler1\/u-serisi\/\" target=\"_blank\" class=\" wd-social-icon social-twitter\" aria-label=\"X social link\">\n\t\t\t\t\t\t<span class=\"wd-icon\"><\/span>\n\t\t\t\t\t\t\t\t\t\t\t<\/a>\n\t\t\t\t\n\t\t\t\t\n\t\t\t\t\n\t\t\t\t\n\t\t\t\t\n\t\t\t\t\n\t\t\t\t\n\t\t\t\t\n\t\t\t\t\t\t\t\t\t<a rel=\"noopener noreferrer nofollow\" href=\"https:\/\/www.linkedin.com\/shareArticle?mini=true&url=https:\/\/atceenerji.com\/tr_tr\/projeler1\/u-serisi\/\" target=\"_blank\" class=\" wd-social-icon social-linkedin\" aria-label=\"Linkedin social link\">\n\t\t\t\t\t\t<span class=\"wd-icon\"><\/span>\n\t\t\t\t\t\t\t\t\t\t\t<\/a>\n\t\t\t\t\n\t\t\t\t\n\t\t\t\t\n\t\t\t\t\n\t\t\t\t\n\t\t\t\t\n\t\t\t\t\n\t\t\t\t\n\t\t\t\t\n\t\t\t\t\t\t\t\t\t<a rel=\"noopener noreferrer nofollow\" href=\"https:\/\/api.whatsapp.com\/send?text=https%3A%2F%2Fatceenerji.com%2Ftr_tr%2Fprojeler1%2Fu-serisi%2F\" target=\"_blank\" class=\"wd-hide-md  wd-social-icon social-whatsapp\" aria-label=\"WhatsApp social link\">\n\t\t\t\t\t\t<span class=\"wd-icon\"><\/span>\n\t\t\t\t\t\t\t\t\t\t\t<\/a>\n\n\t\t\t\t\t<a rel=\"noopener noreferrer nofollow\" href=\"whatsapp:\/\/send?text=https%3A%2F%2Fatceenerji.com%2Ftr_tr%2Fprojeler1%2Fu-serisi%2F\" target=\"_blank\" class=\"wd-hide-lg  wd-social-icon social-whatsapp\" aria-label=\"WhatsApp social link\">\n\t\t\t\t\t\t<span class=\"wd-icon\"><\/span>\n\t\t\t\t\t\t\t\t\t\t\t<\/a>\n\t\t\t\t\n\t\t\t\t\n\t\t\t\t\n\t\t\t\t\n\t\t\t\t\n\t\t\t\t\n\t\t\t\t\t\t\t\t\t<a rel=\"noopener noreferrer nofollow\" href=\"https:\/\/telegram.me\/share\/url?url=https:\/\/atceenerji.com\/tr_tr\/projeler1\/u-serisi\/\" target=\"_blank\" class=\" wd-social-icon social-tg\" aria-label=\"Telegram social link\">\n\t\t\t\t\t\t<span class=\"wd-icon\"><\/span>\n\t\t\t\t\t\t\t\t\t\t\t<\/a>\n\t\t\t\t\n\t\t\t\t\n\t\t\t<\/div>\n\n\t\t\t\t\t\t\t\t\t\t<\/div>\n\t\t\t\t\t\t\t<\/div>\n\t\t\t\t\t\t<\/div>\n\t\t\t\t\t\t\t\t\t<\/div>\n\t\t\t<\/figure>\n\t\t\n\t\t<div class=\"portfolio-info color-scheme-light\">\n\t\t\t\t\t\t\t<div class=\"wrap-meta\">\n\t\t\t\t\t<ul class=\"proj-cats-list\">\n\t\t\t\t\t\t\t\t\t\t\t\t\t\t\t\t\t\t\t\t<li>Panolar<\/li>\n\t\t\t\t\t\t\t\t\t\t\t<\/ul>\n\t\t\t\t<\/div>\n\t\t\t\n\t\t\t<div class=\"wrap-title\">\n\t\t\t\t<h3 class=\"wd-entities-title\">\n\t\t\t\t\t<a href=\"https:\/\/atceenerji.com\/tr_tr\/projeler1\/u-serisi\/\" rel=\"bookmark\">U SER\u0130S\u0130<\/a>\n\t\t\t\t<\/h3>\n\t\t\t<\/div>\n\t\t<\/div>\n\t<\/header>\n<\/article>\n\t\t\t\t\t\t\t\t\t\t\t\n<article id=\"post-27015\" class=\"wd-project portfolio-entry wd-col masonry-item portfolio-hover-inverse proj-cat-panolar post-27015 portfolio type-portfolio status-publish has-post-thumbnail hentry project-cat-panolar\">\n\t<header class=\"entry-header\">\n\t\t\t\t\t<figure class=\"entry-thumbnail color-scheme-light\">\n\t\t\t\t<a href=\"https:\/\/atceenerji.com\/tr_tr\/projeler1\/e-serisi\/\" class=\"portfolio-thumbnail\">\n\t\t\t\t\t<img decoding=\"async\" width=\"589\" height=\"531\" src=\"https:\/\/atceenerji.com\/wp-content\/uploads\/2024\/02\/banner3.png\" class=\"attachment-medium_large size-medium_large\" alt=\"\" srcset=\"https:\/\/atceenerji.com\/wp-content\/uploads\/2024\/02\/banner3.png 589w, https:\/\/atceenerji.com\/wp-content\/uploads\/2024\/02\/banner3-333x300.png 333w, https:\/\/atceenerji.com\/wp-content\/uploads\/2024\/02\/banner3-430x388.png 430w, https:\/\/atceenerji.com\/wp-content\/uploads\/2024\/02\/banner3-150x135.png 150w\" sizes=\"(max-width: 589px) 100vw, 589px\" \/>\t\t\t\t<\/a>\n\t\t\t\t<div class=\"wd-portfolio-btns\">\n\t\t\t\t\t<div class=\"portfolio-enlarge wd-action-btn wd-style-icon wd-enlarge-icon\">\n\t\t\t\t\t\t<a href=\"https:\/\/atceenerji.com\/wp-content\/uploads\/2024\/02\/banner3.png\" data-elementor-open-lightbox=\"no\">View Large<\/a>\n\t\t\t\t\t<\/div>\n\t\t\t\t\t\t\t\t\t\t\t<div class=\"social-icons-wrapper wd-action-btn wd-style-icon wd-share-icon wd-tltp\">\n\t\t\t\t\t\t\t<a><\/a>\n\t\t\t\t\t\t\t<div class=\"tooltip left\">\n\t\t\t\t\t\t\t\t<div class=\"tooltip-arrow\"><\/div>\n\t\t\t\t\t\t\t\t<div class=\"tooltip-inner\">\n\t\t\t\t\t\t\t\t\t\t\t\t<div\n\t\t\t\t\t\tclass=\" wd-social-icons wd-style-default wd-size-small social-share wd-shape-circle color-scheme-light text-center\">\n\t\t\t\t\n\t\t\t\t\n\t\t\t\t\t\t\t\t\t<a rel=\"noopener noreferrer nofollow\" href=\"https:\/\/www.facebook.com\/sharer\/sharer.php?u=https:\/\/atceenerji.com\/tr_tr\/projeler1\/e-serisi\/\" target=\"_blank\" class=\" wd-social-icon social-facebook\" aria-label=\"Facebook social link\">\n\t\t\t\t\t\t<span class=\"wd-icon\"><\/span>\n\t\t\t\t\t\t\t\t\t\t\t<\/a>\n\t\t\t\t\n\t\t\t\t\t\t\t\t\t<a rel=\"noopener noreferrer nofollow\" href=\"https:\/\/x.com\/share?url=https:\/\/atceenerji.com\/tr_tr\/projeler1\/e-serisi\/\" target=\"_blank\" class=\" wd-social-icon social-twitter\" aria-label=\"X social link\">\n\t\t\t\t\t\t<span class=\"wd-icon\"><\/span>\n\t\t\t\t\t\t\t\t\t\t\t<\/a>\n\t\t\t\t\n\t\t\t\t\n\t\t\t\t\n\t\t\t\t\n\t\t\t\t\n\t\t\t\t\n\t\t\t\t\n\t\t\t\t\n\t\t\t\t\t\t\t\t\t<a rel=\"noopener noreferrer nofollow\" href=\"https:\/\/www.linkedin.com\/shareArticle?mini=true&url=https:\/\/atceenerji.com\/tr_tr\/projeler1\/e-serisi\/\" target=\"_blank\" class=\" wd-social-icon social-linkedin\" aria-label=\"Linkedin social link\">\n\t\t\t\t\t\t<span class=\"wd-icon\"><\/span>\n\t\t\t\t\t\t\t\t\t\t\t<\/a>\n\t\t\t\t\n\t\t\t\t\n\t\t\t\t\n\t\t\t\t\n\t\t\t\t\n\t\t\t\t\n\t\t\t\t\n\t\t\t\t\n\t\t\t\t\n\t\t\t\t\t\t\t\t\t<a rel=\"noopener noreferrer nofollow\" href=\"https:\/\/api.whatsapp.com\/send?text=https%3A%2F%2Fatceenerji.com%2Ftr_tr%2Fprojeler1%2Fe-serisi%2F\" target=\"_blank\" class=\"wd-hide-md  wd-social-icon social-whatsapp\" aria-label=\"WhatsApp social link\">\n\t\t\t\t\t\t<span class=\"wd-icon\"><\/span>\n\t\t\t\t\t\t\t\t\t\t\t<\/a>\n\n\t\t\t\t\t<a rel=\"noopener noreferrer nofollow\" href=\"whatsapp:\/\/send?text=https%3A%2F%2Fatceenerji.com%2Ftr_tr%2Fprojeler1%2Fe-serisi%2F\" target=\"_blank\" class=\"wd-hide-lg  wd-social-icon social-whatsapp\" aria-label=\"WhatsApp social link\">\n\t\t\t\t\t\t<span class=\"wd-icon\"><\/span>\n\t\t\t\t\t\t\t\t\t\t\t<\/a>\n\t\t\t\t\n\t\t\t\t\n\t\t\t\t\n\t\t\t\t\n\t\t\t\t\n\t\t\t\t\n\t\t\t\t\t\t\t\t\t<a rel=\"noopener noreferrer nofollow\" href=\"https:\/\/telegram.me\/share\/url?url=https:\/\/atceenerji.com\/tr_tr\/projeler1\/e-serisi\/\" target=\"_blank\" class=\" wd-social-icon social-tg\" aria-label=\"Telegram social link\">\n\t\t\t\t\t\t<span class=\"wd-icon\"><\/span>\n\t\t\t\t\t\t\t\t\t\t\t<\/a>\n\t\t\t\t\n\t\t\t\t\n\t\t\t<\/div>\n\n\t\t\t\t\t\t\t\t\t\t<\/div>\n\t\t\t\t\t\t\t<\/div>\n\t\t\t\t\t\t<\/div>\n\t\t\t\t\t\t\t\t\t<\/div>\n\t\t\t<\/figure>\n\t\t\n\t\t<div class=\"portfolio-info color-scheme-light\">\n\t\t\t\t\t\t\t<div class=\"wrap-meta\">\n\t\t\t\t\t<ul class=\"proj-cats-list\">\n\t\t\t\t\t\t\t\t\t\t\t\t\t\t\t\t\t\t\t\t<li>Panolar<\/li>\n\t\t\t\t\t\t\t\t\t\t\t<\/ul>\n\t\t\t\t<\/div>\n\t\t\t\n\t\t\t<div class=\"wrap-title\">\n\t\t\t\t<h3 class=\"wd-entities-title\">\n\t\t\t\t\t<a href=\"https:\/\/atceenerji.com\/tr_tr\/projeler1\/e-serisi\/\" rel=\"bookmark\">E SER\u0130S\u0130<\/a>\n\t\t\t\t<\/h3>\n\t\t\t<\/div>\n\t\t<\/div>\n\t<\/header>\n<\/article>\n\t\t\t\t\t\t\t\t\t\t\t\n<article id=\"post-27023\" class=\"wd-project portfolio-entry wd-col masonry-item portfolio-hover-inverse proj-cat-panolar post-27023 portfolio type-portfolio status-publish has-post-thumbnail hentry project-cat-panolar\">\n\t<header class=\"entry-header\">\n\t\t\t\t\t<figure class=\"entry-thumbnail color-scheme-light\">\n\t\t\t\t<a href=\"https:\/\/atceenerji.com\/tr_tr\/projeler1\/es-serisi\/\" class=\"portfolio-thumbnail\">\n\t\t\t\t\t<img decoding=\"async\" width=\"649\" height=\"553\" src=\"https:\/\/atceenerji.com\/wp-content\/uploads\/2024\/02\/banner2.png\" class=\"attachment-medium_large size-medium_large\" alt=\"\" srcset=\"https:\/\/atceenerji.com\/wp-content\/uploads\/2024\/02\/banner2.png 649w, https:\/\/atceenerji.com\/wp-content\/uploads\/2024\/02\/banner2-352x300.png 352w, https:\/\/atceenerji.com\/wp-content\/uploads\/2024\/02\/banner2-430x366.png 430w, https:\/\/atceenerji.com\/wp-content\/uploads\/2024\/02\/banner2-150x128.png 150w\" sizes=\"(max-width: 649px) 100vw, 649px\" \/>\t\t\t\t<\/a>\n\t\t\t\t<div class=\"wd-portfolio-btns\">\n\t\t\t\t\t<div class=\"portfolio-enlarge wd-action-btn wd-style-icon wd-enlarge-icon\">\n\t\t\t\t\t\t<a href=\"https:\/\/atceenerji.com\/wp-content\/uploads\/2024\/02\/banner2.png\" data-elementor-open-lightbox=\"no\">View Large<\/a>\n\t\t\t\t\t<\/div>\n\t\t\t\t\t\t\t\t\t\t\t<div class=\"social-icons-wrapper wd-action-btn wd-style-icon wd-share-icon wd-tltp\">\n\t\t\t\t\t\t\t<a><\/a>\n\t\t\t\t\t\t\t<div class=\"tooltip left\">\n\t\t\t\t\t\t\t\t<div class=\"tooltip-arrow\"><\/div>\n\t\t\t\t\t\t\t\t<div class=\"tooltip-inner\">\n\t\t\t\t\t\t\t\t\t\t\t\t<div\n\t\t\t\t\t\tclass=\" wd-social-icons wd-style-default wd-size-small social-share wd-shape-circle color-scheme-light text-center\">\n\t\t\t\t\n\t\t\t\t\n\t\t\t\t\t\t\t\t\t<a rel=\"noopener noreferrer nofollow\" href=\"https:\/\/www.facebook.com\/sharer\/sharer.php?u=https:\/\/atceenerji.com\/tr_tr\/projeler1\/es-serisi\/\" target=\"_blank\" class=\" wd-social-icon social-facebook\" aria-label=\"Facebook social link\">\n\t\t\t\t\t\t<span class=\"wd-icon\"><\/span>\n\t\t\t\t\t\t\t\t\t\t\t<\/a>\n\t\t\t\t\n\t\t\t\t\t\t\t\t\t<a rel=\"noopener noreferrer nofollow\" href=\"https:\/\/x.com\/share?url=https:\/\/atceenerji.com\/tr_tr\/projeler1\/es-serisi\/\" target=\"_blank\" class=\" wd-social-icon social-twitter\" aria-label=\"X social link\">\n\t\t\t\t\t\t<span class=\"wd-icon\"><\/span>\n\t\t\t\t\t\t\t\t\t\t\t<\/a>\n\t\t\t\t\n\t\t\t\t\n\t\t\t\t\n\t\t\t\t\n\t\t\t\t\n\t\t\t\t\n\t\t\t\t\n\t\t\t\t\n\t\t\t\t\t\t\t\t\t<a rel=\"noopener noreferrer nofollow\" href=\"https:\/\/www.linkedin.com\/shareArticle?mini=true&url=https:\/\/atceenerji.com\/tr_tr\/projeler1\/es-serisi\/\" target=\"_blank\" class=\" wd-social-icon social-linkedin\" aria-label=\"Linkedin social link\">\n\t\t\t\t\t\t<span class=\"wd-icon\"><\/span>\n\t\t\t\t\t\t\t\t\t\t\t<\/a>\n\t\t\t\t\n\t\t\t\t\n\t\t\t\t\n\t\t\t\t\n\t\t\t\t\n\t\t\t\t\n\t\t\t\t\n\t\t\t\t\n\t\t\t\t\n\t\t\t\t\t\t\t\t\t<a rel=\"noopener noreferrer nofollow\" href=\"https:\/\/api.whatsapp.com\/send?text=https%3A%2F%2Fatceenerji.com%2Ftr_tr%2Fprojeler1%2Fes-serisi%2F\" target=\"_blank\" class=\"wd-hide-md  wd-social-icon social-whatsapp\" aria-label=\"WhatsApp social link\">\n\t\t\t\t\t\t<span class=\"wd-icon\"><\/span>\n\t\t\t\t\t\t\t\t\t\t\t<\/a>\n\n\t\t\t\t\t<a rel=\"noopener noreferrer nofollow\" href=\"whatsapp:\/\/send?text=https%3A%2F%2Fatceenerji.com%2Ftr_tr%2Fprojeler1%2Fes-serisi%2F\" target=\"_blank\" class=\"wd-hide-lg  wd-social-icon social-whatsapp\" aria-label=\"WhatsApp social link\">\n\t\t\t\t\t\t<span class=\"wd-icon\"><\/span>\n\t\t\t\t\t\t\t\t\t\t\t<\/a>\n\t\t\t\t\n\t\t\t\t\n\t\t\t\t\n\t\t\t\t\n\t\t\t\t\n\t\t\t\t\n\t\t\t\t\t\t\t\t\t<a rel=\"noopener noreferrer nofollow\" href=\"https:\/\/telegram.me\/share\/url?url=https:\/\/atceenerji.com\/tr_tr\/projeler1\/es-serisi\/\" target=\"_blank\" class=\" wd-social-icon social-tg\" aria-label=\"Telegram social link\">\n\t\t\t\t\t\t<span class=\"wd-icon\"><\/span>\n\t\t\t\t\t\t\t\t\t\t\t<\/a>\n\t\t\t\t\n\t\t\t\t\n\t\t\t<\/div>\n\n\t\t\t\t\t\t\t\t\t\t<\/div>\n\t\t\t\t\t\t\t<\/div>\n\t\t\t\t\t\t<\/div>\n\t\t\t\t\t\t\t\t\t<\/div>\n\t\t\t<\/figure>\n\t\t\n\t\t<div class=\"portfolio-info color-scheme-light\">\n\t\t\t\t\t\t\t<div class=\"wrap-meta\">\n\t\t\t\t\t<ul class=\"proj-cats-list\">\n\t\t\t\t\t\t\t\t\t\t\t\t\t\t\t\t\t\t\t\t<li>Panolar<\/li>\n\t\t\t\t\t\t\t\t\t\t\t<\/ul>\n\t\t\t\t<\/div>\n\t\t\t\n\t\t\t<div class=\"wrap-title\">\n\t\t\t\t<h3 class=\"wd-entities-title\">\n\t\t\t\t\t<a href=\"https:\/\/atceenerji.com\/tr_tr\/projeler1\/es-serisi\/\" rel=\"bookmark\">ES SER\u0130S\u0130<\/a>\n\t\t\t\t<\/h3>\n\t\t\t<\/div>\n\t\t<\/div>\n\t<\/header>\n<\/article>\n\t\t\t\n\t\t\t\t\t\t\t\t<\/div>\n\n\t\t\t\t\t\t\t\t\t<\/div>\n\t\t\t\n\t\t\t\t\t\t\t\t<\/div>\n\t\t\t\t<\/div>\n\t\t\t\t\t<\/div>\n\t\t\t\t<\/div>\n\t\t\t\t<\/div>\n\t\t","protected":false},"excerpt":{"rendered":"<p>Panolar Taahh\u00fct Projeleri View Large Panolar U SER\u0130S\u0130 View Large Panolar E SER\u0130S\u0130 View Large Panolar ES SER\u0130S\u0130<\/p>\n","protected":false},"author":1,"featured_media":0,"parent":26960,"menu_order":0,"comment_status":"closed","ping_status":"closed","template":"","meta":{"footnotes":""},"class_list":["post-26996","page","type-page","status-publish","hentry"],"aioseo_notices":[],"_links":{"self":[{"href":"https:\/\/atceenerji.com\/tr_tr\/wp-json\/wp\/v2\/pages\/26996","targetHints":{"allow":["GET"]}}],"collection":[{"href":"https:\/\/atceenerji.com\/tr_tr\/wp-json\/wp\/v2\/pages"}],"about":[{"href":"https:\/\/atceenerji.com\/tr_tr\/wp-json\/wp\/v2\/types\/page"}],"author":[{"embeddable":true,"href":"https:\/\/atceenerji.com\/tr_tr\/wp-json\/wp\/v2\/users\/1"}],"replies":[{"embeddable":true,"href":"https:\/\/atceenerji.com\/tr_tr\/wp-json\/wp\/v2\/comments?post=26996"}],"version-history":[{"count":23,"href":"https:\/\/atceenerji.com\/tr_tr\/wp-json\/wp\/v2\/pages\/26996\/revisions"}],"predecessor-version":[{"id":27034,"href":"https:\/\/atceenerji.com\/tr_tr\/wp-json\/wp\/v2\/pages\/26996\/revisions\/27034"}],"up":[{"embeddable":true,"href":"https:\/\/atceenerji.com\/tr_tr\/wp-json\/wp\/v2\/pages\/26960"}],"wp:attachment":[{"href":"https:\/\/atceenerji.com\/tr_tr\/wp-json\/wp\/v2\/media?parent=26996"}],"curies":[{"name":"wp","href":"https:\/\/api.w.org\/{rel}","templated":true}]}}