{"id":26144,"date":"2024-03-25T07:16:42","date_gmt":"2024-03-25T04:16:42","guid":{"rendered":"https:\/\/atceenerji.com\/?page_id=26144"},"modified":"2024-05-02T11:26:38","modified_gmt":"2024-05-02T08:26:38","slug":"blog","status":"publish","type":"page","link":"https:\/\/atceenerji.com\/tr_tr\/blog\/","title":{"rendered":"Blog"},"content":{"rendered":"\t\t<div data-elementor-type=\"wp-page\" data-elementor-id=\"26144\" class=\"elementor elementor-26144\" data-elementor-post-type=\"page\">\n\t\t\t\t<div class=\"elementor-element elementor-element-54d16c4 e-flex e-con-boxed e-con e-parent\" data-id=\"54d16c4\" data-element_type=\"container\">\n\t\t\t\t\t<div class=\"e-con-inner\">\n\t\t<div class=\"elementor-element elementor-element-b792a15 e-con-full e-flex e-con e-child\" data-id=\"b792a15\" data-element_type=\"container\">\n\t\t\t\t<div class=\"elementor-element elementor-element-a38f9bd blfe-pagination-align-center elementor-widget elementor-widget-blfe-post-grid\" data-id=\"a38f9bd\" data-element_type=\"widget\" data-settings=\"{&quot;hero1_layout_column_gap&quot;:{&quot;unit&quot;:&quot;px&quot;,&quot;size&quot;:10,&quot;sizes&quot;:[]},&quot;hero1_layout_row_gap&quot;:{&quot;unit&quot;:&quot;px&quot;,&quot;size&quot;:20,&quot;sizes&quot;:[]},&quot;columns&quot;:&quot;3&quot;,&quot;columns_tablet&quot;:&quot;6&quot;,&quot;columns_mobile&quot;:&quot;12&quot;,&quot;hero1_layout_column_gap_widescreen&quot;:{&quot;unit&quot;:&quot;px&quot;,&quot;size&quot;:&quot;&quot;,&quot;sizes&quot;:[]},&quot;hero1_layout_column_gap_laptop&quot;:{&quot;unit&quot;:&quot;px&quot;,&quot;size&quot;:&quot;&quot;,&quot;sizes&quot;:[]},&quot;hero1_layout_column_gap_tablet_extra&quot;:{&quot;unit&quot;:&quot;px&quot;,&quot;size&quot;:&quot;&quot;,&quot;sizes&quot;:[]},&quot;hero1_layout_column_gap_tablet&quot;:{&quot;unit&quot;:&quot;px&quot;,&quot;size&quot;:&quot;&quot;,&quot;sizes&quot;:[]},&quot;hero1_layout_column_gap_mobile_extra&quot;:{&quot;unit&quot;:&quot;px&quot;,&quot;size&quot;:&quot;&quot;,&quot;sizes&quot;:[]},&quot;hero1_layout_column_gap_mobile&quot;:{&quot;unit&quot;:&quot;px&quot;,&quot;size&quot;:&quot;&quot;,&quot;sizes&quot;:[]},&quot;hero1_layout_row_gap_widescreen&quot;:{&quot;unit&quot;:&quot;px&quot;,&quot;size&quot;:&quot;&quot;,&quot;sizes&quot;:[]},&quot;hero1_layout_row_gap_laptop&quot;:{&quot;unit&quot;:&quot;px&quot;,&quot;size&quot;:&quot;&quot;,&quot;sizes&quot;:[]},&quot;hero1_layout_row_gap_tablet_extra&quot;:{&quot;unit&quot;:&quot;px&quot;,&quot;size&quot;:&quot;&quot;,&quot;sizes&quot;:[]},&quot;hero1_layout_row_gap_tablet&quot;:{&quot;unit&quot;:&quot;px&quot;,&quot;size&quot;:&quot;&quot;,&quot;sizes&quot;:[]},&quot;hero1_layout_row_gap_mobile_extra&quot;:{&quot;unit&quot;:&quot;px&quot;,&quot;size&quot;:&quot;&quot;,&quot;sizes&quot;:[]},&quot;hero1_layout_row_gap_mobile&quot;:{&quot;unit&quot;:&quot;px&quot;,&quot;size&quot;:&quot;&quot;,&quot;sizes&quot;:[]}}\" data-widget_type=\"blfe-post-grid.hero1\">\n\t\t\t\t<div class=\"elementor-widget-container\">\n\t\t\t\t\t\n                        <div class=\"blfe-post-grid-container blfe-active-post-loader\">\n            \n                <div data-skin=\"hero1\" class=\"blfe-row blfe-posts-inner blfe-hero1 blfe-posts-inner blfe-col-3 blfe-col-tab-6 blfe-col-mob-12     \">\n                            <div class=\"blfe-post-grid-item\">\n            <div class=\"blfe-post-grid-item-inner blfe-modern-zoom\">\n                        <div class=\"blfe-post-grid-bg-image\">\n            <a class=\"blfe-post-grid-image-inner\" href=\"https:\/\/atceenerji.com\/tr_tr\/elektrik-enerjisi-neden-yuksek-gerilimle-iletilir\/\" title=\"Elektrik Enerjisi Neden Y\u00fcksek Gerilimle \u0130letilir?\" rel=\"nofollow\" target=\"_self\"><img decoding=\"async\" src=\"https:\/\/atceenerji.com\/wp-content\/uploads\/2025\/12\/Basliksiz-3-scaled.png\" alt=\"Elektrik Enerjisi Neden Y\u00fcksek Gerilimle \u0130letilir?\"\/><\/a>        <\/div>\n                        <div class=\"blfe-post-grid-details\">\n                    <div class=\"blfe-post-grid-details-inner\">\n                                                <h3 class=\"blfe-post-grid-title\">\n            <a href=\"https:\/\/atceenerji.com\/tr_tr\/elektrik-enerjisi-neden-yuksek-gerilimle-iletilir\/\" title=\"Elektrik Enerjisi Neden Y\u00fcksek Gerilimle \u0130letilir?\" rel=\"nofollow\" target=\"_self\">Elektrik Enerjisi Neden Y\u00fcksek Gerilimle \u0130letilir?<\/a>\n            <\/h3>                        <p class=\"blfe-post-grid-excerpt\">Elektrik enerjisi \u00fcretildi\u011fi yer ile t\u00fcketildi\u011fi yer aras\u0131nda \u00e7o\u011fu zaman y\u00fczlerce, hatta binlerce kilometrelik bir...<\/p>                                                                    <\/div>\n                <\/div>\n\n            <\/div>\n        <\/div>\n                <div class=\"blfe-post-grid-item\">\n            <div class=\"blfe-post-grid-item-inner blfe-modern-zoom\">\n                        <div class=\"blfe-post-grid-bg-image\">\n            <a class=\"blfe-post-grid-image-inner\" href=\"https:\/\/atceenerji.com\/tr_tr\/redresor-nedir-ac-gerilimin-dcye-donusumundeki-kritik-rolu\/\" title=\"Redres\u00f6r Nedir? AC Gerilimin DC\u2019ye D\u00f6n\u00fc\u015f\u00fcm\u00fcndeki Kritik Rol\u00fc\" rel=\"nofollow\" target=\"_self\"><img decoding=\"async\" src=\"https:\/\/atceenerji.com\/wp-content\/uploads\/2025\/12\/Basliksiz-1-scaled.png\" alt=\"Redres\u00f6r Nedir? AC Gerilimin DC\u2019ye D\u00f6n\u00fc\u015f\u00fcm\u00fcndeki Kritik Rol\u00fc\"\/><\/a>        <\/div>\n                        <div class=\"blfe-post-grid-details\">\n                    <div class=\"blfe-post-grid-details-inner\">\n                                                <h3 class=\"blfe-post-grid-title\">\n            <a href=\"https:\/\/atceenerji.com\/tr_tr\/redresor-nedir-ac-gerilimin-dcye-donusumundeki-kritik-rolu\/\" title=\"Redres\u00f6r Nedir? AC Gerilimin DC\u2019ye D\u00f6n\u00fc\u015f\u00fcm\u00fcndeki Kritik Rol\u00fc\" rel=\"nofollow\" target=\"_self\">Redres\u00f6r Nedir? AC Gerilimin DC\u2019ye D\u00f6n\u00fc\u015f\u00fcm\u00fcndeki Kritik Rol\u00fc<\/a>\n            <\/h3>                        <p class=\"blfe-post-grid-excerpt\">Elektrik enerjisi iletim ve da\u011f\u0131t\u0131m sistemlerinde alternatif ak\u0131m (AC) kullan\u0131l\u0131rken, elektronik cihazlar\u0131n b\u00fcy\u00fck b\u00f6l\u00fcm\u00fc do\u011fru...<\/p>                                                                    <\/div>\n                <\/div>\n\n            <\/div>\n        <\/div>\n                <div class=\"blfe-post-grid-item\">\n            <div class=\"blfe-post-grid-item-inner blfe-modern-zoom\">\n                        <div class=\"blfe-post-grid-bg-image\">\n            <a class=\"blfe-post-grid-image-inner\" href=\"https:\/\/atceenerji.com\/tr_tr\/elektrik-devrelerinde-akim-olcumu-dogru-baglantinin-onemi-ve-yaygin-hatalar\/\" title=\"Elektrik Devrelerinde Ak\u0131m \u00d6l\u00e7\u00fcm\u00fc: Do\u011fru Ba\u011flant\u0131n\u0131n \u00d6nemi ve Yayg\u0131n Hatalar\" rel=\"nofollow\" target=\"_self\"><img decoding=\"async\" src=\"https:\/\/atceenerji.com\/wp-content\/uploads\/2025\/12\/multimeter-multifunctional-measuring-device-closeup-scaled.jpg\" alt=\"Elektrik Devrelerinde Ak\u0131m \u00d6l\u00e7\u00fcm\u00fc: Do\u011fru Ba\u011flant\u0131n\u0131n \u00d6nemi ve Yayg\u0131n Hatalar\"\/><\/a>        <\/div>\n                        <div class=\"blfe-post-grid-details\">\n                    <div class=\"blfe-post-grid-details-inner\">\n                                                <h3 class=\"blfe-post-grid-title\">\n            <a href=\"https:\/\/atceenerji.com\/tr_tr\/elektrik-devrelerinde-akim-olcumu-dogru-baglantinin-onemi-ve-yaygin-hatalar\/\" title=\"Elektrik Devrelerinde Ak\u0131m \u00d6l\u00e7\u00fcm\u00fc: Do\u011fru Ba\u011flant\u0131n\u0131n \u00d6nemi ve Yayg\u0131n Hatalar\" rel=\"nofollow\" target=\"_self\">Elektrik Devrelerinde Ak\u0131m \u00d6l\u00e7\u00fcm\u00fc: Do\u011fru Ba\u011flant\u0131n\u0131n \u00d6nemi ve Yayg\u0131n Hatalar<\/a>\n            <\/h3>                        <p class=\"blfe-post-grid-excerpt\">Elektrik devrelerinde yap\u0131lan \u00f6l\u00e7\u00fcmler, sistemin g\u00fcvenli ve sa\u011fl\u0131kl\u0131 \u00e7al\u0131\u015fmas\u0131 a\u00e7\u0131s\u0131ndan kritik \u00f6neme sahiptir. \u00d6zellikle ak\u0131m...<\/p>                                                                    <\/div>\n                <\/div>\n\n            <\/div>\n        <\/div>\n                <div class=\"blfe-post-grid-item\">\n            <div class=\"blfe-post-grid-item-inner blfe-modern-zoom\">\n                        <div class=\"blfe-post-grid-bg-image\">\n            <a class=\"blfe-post-grid-image-inner\" href=\"https:\/\/atceenerji.com\/tr_tr\/elektrik-panolarinda-bakim-oncesi-guvenli-calisma-prosedurleri\/\" title=\"Elektrik Panolar\u0131nda Bak\u0131m \u00d6ncesi G\u00fcvenli \u00c7al\u0131\u015fma Prosed\u00fcrleri\" rel=\"nofollow\" target=\"_self\"><img decoding=\"async\" src=\"https:\/\/atceenerji.com\/wp-content\/uploads\/2025\/12\/man-electrical-technician-working-switchboard-with-fuses-scaled.jpg\" alt=\"Elektrik Panolar\u0131nda Bak\u0131m \u00d6ncesi G\u00fcvenli \u00c7al\u0131\u015fma Prosed\u00fcrleri\"\/><\/a>        <\/div>\n                        <div class=\"blfe-post-grid-details\">\n                    <div class=\"blfe-post-grid-details-inner\">\n                                                <h3 class=\"blfe-post-grid-title\">\n            <a href=\"https:\/\/atceenerji.com\/tr_tr\/elektrik-panolarinda-bakim-oncesi-guvenli-calisma-prosedurleri\/\" title=\"Elektrik Panolar\u0131nda Bak\u0131m \u00d6ncesi G\u00fcvenli \u00c7al\u0131\u015fma Prosed\u00fcrleri\" rel=\"nofollow\" target=\"_self\">Elektrik Panolar\u0131nda Bak\u0131m \u00d6ncesi G\u00fcvenli \u00c7al\u0131\u015fma Prosed\u00fcrleri<\/a>\n            <\/h3>                        <p class=\"blfe-post-grid-excerpt\">Elektrik panolar\u0131nda bak\u0131m yapmak son derece dikkat gerektiren bir i\u015ftir. Yanl\u0131\u015f bir ad\u0131m, ciddi elektrik...<\/p>                                                                    <\/div>\n                <\/div>\n\n            <\/div>\n        <\/div>\n                <div class=\"blfe-post-grid-item\">\n            <div class=\"blfe-post-grid-item-inner blfe-modern-zoom\">\n                        <div class=\"blfe-post-grid-bg-image\">\n            <a class=\"blfe-post-grid-image-inner\" href=\"https:\/\/atceenerji.com\/tr_tr\/ges-santrallerinde-gizli-tehlike-pano-arizalari-ve-ark-riski\/\" title=\"GES Santrallerinde Gizli Tehlike: Pano Ar\u0131zalar\u0131 ve Ark Riski\" rel=\"nofollow\" target=\"_self\"><img decoding=\"async\" src=\"https:\/\/atceenerji.com\/wp-content\/uploads\/2025\/12\/blue-solar-photo-voltaic-panels-system-producing-renewable-clean-energy-rural-landscape-scaled.jpg\" alt=\"GES Santrallerinde Gizli Tehlike: Pano Ar\u0131zalar\u0131 ve Ark Riski\"\/><\/a>        <\/div>\n                        <div class=\"blfe-post-grid-details\">\n                    <div class=\"blfe-post-grid-details-inner\">\n                                                <h3 class=\"blfe-post-grid-title\">\n            <a href=\"https:\/\/atceenerji.com\/tr_tr\/ges-santrallerinde-gizli-tehlike-pano-arizalari-ve-ark-riski\/\" title=\"GES Santrallerinde Gizli Tehlike: Pano Ar\u0131zalar\u0131 ve Ark Riski\" rel=\"nofollow\" target=\"_self\">GES Santrallerinde Gizli Tehlike: Pano Ar\u0131zalar\u0131 ve Ark Riski<\/a>\n            <\/h3>                        <p class=\"blfe-post-grid-excerpt\">Giri\u015f G\u00fcne\u015f enerjisi santralleri (GES), s\u00fcrd\u00fcr\u00fclebilir \u00fcretim ve d\u00fc\u015f\u00fck i\u015fletme maliyeti sayesinde end\u00fcstride h\u0131zla b\u00fcy\u00fcyor....<\/p>                                                                    <\/div>\n                <\/div>\n\n            <\/div>\n        <\/div>\n                <div class=\"blfe-post-grid-item\">\n            <div class=\"blfe-post-grid-item-inner blfe-modern-zoom\">\n                        <div class=\"blfe-post-grid-bg-image\">\n            <a class=\"blfe-post-grid-image-inner\" href=\"https:\/\/atceenerji.com\/tr_tr\/endustriyel-elektrik-panolarinda-isi-yonetimi-neden-bu-kadar-kritik\/\" title=\"End\u00fcstriyel Elektrik Panolar\u0131nda Is\u0131 Y\u00f6netimi Neden Bu Kadar Kritik?\" rel=\"nofollow\" target=\"_self\"><img decoding=\"async\" src=\"https:\/\/atceenerji.com\/wp-content\/uploads\/2025\/11\/factory-floor-with-equipment-undergoing-scheduled-maintenance-ensuring-minimal-downtime.jpg\" alt=\"End\u00fcstriyel Elektrik Panolar\u0131nda Is\u0131 Y\u00f6netimi Neden Bu Kadar Kritik?\"\/><\/a>        <\/div>\n                        <div class=\"blfe-post-grid-details\">\n                    <div class=\"blfe-post-grid-details-inner\">\n                                                <h3 class=\"blfe-post-grid-title\">\n            <a href=\"https:\/\/atceenerji.com\/tr_tr\/endustriyel-elektrik-panolarinda-isi-yonetimi-neden-bu-kadar-kritik\/\" title=\"End\u00fcstriyel Elektrik Panolar\u0131nda Is\u0131 Y\u00f6netimi Neden Bu Kadar Kritik?\" rel=\"nofollow\" target=\"_self\">End\u00fcstriyel Elektrik Panolar\u0131nda Is\u0131 Y\u00f6netimi Neden Bu Kadar Kritik?<\/a>\n            <\/h3>                        <p class=\"blfe-post-grid-excerpt\">End\u00fcstriyel tesislerde elektrik panolar\u0131, \u00fcretim s\u00fcre\u00e7lerini ayakta tutan g\u00f6r\u00fcnmez bir omurga gibidir. Bu panolar\u0131n g\u00fcvenli...<\/p>                                                                    <\/div>\n                <\/div>\n\n            <\/div>\n        <\/div>\n                        <\/div>\n\n                        <\/div>\n            \n                        <div class=\"blfe-post-footer\">\n            \n                            <nav class=\"blfe-grid-pagination\" role=\"navigation\" aria-label=\"Pagination\" data-total=\"9\">\n                    <span aria-current=\"page\" class=\"page-numbers current\">1<\/span>\n<a class=\"page-numbers\" href=\"https:\/\/atceenerji.com\/tr_tr\/wp-json\/wp\/v2\/pages\/26144\/page\/2\/\">2<\/a>\n<a class=\"page-numbers\" href=\"https:\/\/atceenerji.com\/tr_tr\/wp-json\/wp\/v2\/pages\/26144\/page\/3\/\">3<\/a>\n<span class=\"page-numbers dots\">&hellip;<\/span>\n<a class=\"page-numbers\" href=\"https:\/\/atceenerji.com\/tr_tr\/wp-json\/wp\/v2\/pages\/26144\/page\/9\/\">9<\/a>\n<a class=\"next page-numbers\" href=\"https:\/\/atceenerji.com\/tr_tr\/wp-json\/wp\/v2\/pages\/26144\/page\/2\/\">Sonraki &raquo;<\/a>                <\/nav>\n            \n                                                <\/div>\n            \t\t\t\t<\/div>\n\t\t\t\t<\/div>\n\t\t\t\t<\/div>\n\t\t\t\t\t<\/div>\n\t\t\t\t<\/div>\n\t\t\t\t<\/div>\n\t\t","protected":false},"excerpt":{"rendered":"<p>DAH\u0130L\u0130 T\u0130P PULT T\u0130P\u0130 KONTROL MASASI DAH\u0130L\u0130 PULT T\u0130P\u0130 KONTROL MASASI \u00d6zel forma sahip kontrol panolar\u0131d\u0131r. DAH\u0130L\u0130 PULT T\u0130P\u0130 KONTROL<\/p>\n","protected":false},"author":1,"featured_media":0,"parent":0,"menu_order":0,"comment_status":"closed","ping_status":"closed","template":"","meta":{"footnotes":""},"class_list":["post-26144","page","type-page","status-publish","hentry"],"aioseo_notices":[],"_links":{"self":[{"href":"https:\/\/atceenerji.com\/tr_tr\/wp-json\/wp\/v2\/pages\/26144","targetHints":{"allow":["GET"]}}],"collection":[{"href":"https:\/\/atceenerji.com\/tr_tr\/wp-json\/wp\/v2\/pages"}],"about":[{"href":"https:\/\/atceenerji.com\/tr_tr\/wp-json\/wp\/v2\/types\/page"}],"author":[{"embeddable":true,"href":"https:\/\/atceenerji.com\/tr_tr\/wp-json\/wp\/v2\/users\/1"}],"replies":[{"embeddable":true,"href":"https:\/\/atceenerji.com\/tr_tr\/wp-json\/wp\/v2\/comments?post=26144"}],"version-history":[{"count":0,"href":"https:\/\/atceenerji.com\/tr_tr\/wp-json\/wp\/v2\/pages\/26144\/revisions"}],"wp:attachment":[{"href":"https:\/\/atceenerji.com\/tr_tr\/wp-json\/wp\/v2\/media?parent=26144"}],"curies":[{"name":"wp","href":"https:\/\/api.w.org\/{rel}","templated":true}]}}