{"id":24651,"date":"2024-02-18T00:17:23","date_gmt":"2024-02-17T21:17:23","guid":{"rendered":"http:\/\/atceenerji.com\/?page_id=24651"},"modified":"2024-04-06T22:12:59","modified_gmt":"2024-04-06T19:12:59","slug":"cevre-politikamiz","status":"publish","type":"page","link":"https:\/\/atceenerji.com\/tr_tr\/cevre-politikamiz\/","title":{"rendered":"\u00c7evre Politikam\u0131z"},"content":{"rendered":"\t\t<div data-elementor-type=\"wp-page\" data-elementor-id=\"24651\" class=\"elementor elementor-24651\" data-elementor-post-type=\"page\">\n\t\t\t\t\t\t<section class=\"wd-negative-gap elementor-section elementor-top-section elementor-element elementor-element-42619288 wd-section-stretch elementor-section-content-middle elementor-section-boxed elementor-section-height-default elementor-section-height-default\" data-id=\"42619288\" data-element_type=\"section\" data-settings=\"{&quot;background_background&quot;:&quot;classic&quot;}\">\n\t\t\t\t\t\t\t<div class=\"elementor-background-overlay\"><\/div>\n\t\t\t\t\t\t\t<div class=\"elementor-container elementor-column-gap-no\">\n\t\t\t\t\t<div class=\"elementor-column elementor-col-50 elementor-top-column elementor-element elementor-element-48e41b1d\" data-id=\"48e41b1d\" data-element_type=\"column\" data-settings=\"{&quot;background_background&quot;:&quot;classic&quot;}\">\n\t\t\t<div class=\"elementor-widget-wrap elementor-element-populated\">\n\t\t\t\t\t\t<section class=\"wd-negative-gap elementor-section elementor-inner-section elementor-element elementor-element-4e4e15ec elementor-section-boxed elementor-section-height-default elementor-section-height-default\" data-id=\"4e4e15ec\" data-element_type=\"section\" data-settings=\"{&quot;background_background&quot;:&quot;classic&quot;}\">\n\t\t\t\t\t\t<div class=\"elementor-container elementor-column-gap-default\">\n\t\t\t\t\t<div class=\"elementor-column elementor-col-100 elementor-inner-column elementor-element elementor-element-51002c83\" data-id=\"51002c83\" data-element_type=\"column\">\n\t\t\t<div class=\"elementor-widget-wrap elementor-element-populated\">\n\t\t\t\t\t\t<div class=\"elementor-element elementor-element-61aa733f wd-width-100 elementor-widget elementor-widget-wd_title\" data-id=\"61aa733f\" data-element_type=\"widget\" data-widget_type=\"wd_title.default\">\n\t\t\t\t<div class=\"elementor-widget-container\">\n\t\t\t\t\t\t\t<div class=\"title-wrapper wd-set-mb reset-last-child wd-title-color-default wd-title-style-default wd-title-size-default text-left\">\n\n\t\t\t\n\t\t\t<div class=\"liner-continer\">\n\t\t\t\t<h4 class=\"woodmart-title-container title wd-fontsize-l\">Her y\u00f6n\u00fcyle \u00e7evreci ve ileri teknoloji bir \u00fcretim sistemiyle tan\u0131\u015f\u0131n.<\/h4> \n\t\t\t\t\t\t\t<\/div>\n\n\t\t\t\t\t<\/div>\n\t\t\t\t\t\t<\/div>\n\t\t\t\t<\/div>\n\t\t\t\t<div class=\"elementor-element elementor-element-6fd88f24 elementor-widget elementor-widget-wd_text_block\" data-id=\"6fd88f24\" data-element_type=\"widget\" data-widget_type=\"wd_text_block.default\">\n\t\t\t\t<div class=\"elementor-widget-container\">\n\t\t\t\t\t\t\t<div class=\"wd-text-block reset-last-child text-left\">\n\t\t\t\n\t\t\t<p>Faaliyetlerimizle ilgili t\u00fcm \u00e7evre mevzuat\u0131 d\u00fczenlemelerine uymak ve \u00e7evresel t\u00fcm etkileri dikkate almak<\/p><p>\u00c7evre \u00fczerindeki olumsuz etkileri en aza indirecek \u015fekilde enerji, yak\u0131t ve suyun ekonomik kullan\u0131m\u0131n\u0131, \u00fcretim s\u0131ras\u0131nda olu\u015fan at\u0131k olu\u015fumunun en aza indirilmesini, at\u0131klar\u0131 m\u00fcmk\u00fcn olan her yerde yeniden kullan\u0131lmas\u0131n\u0131 ve geri d\u00f6n\u00fc\u015ft\u00fcr\u00fclmesini tercih ederek, at\u0131k depolama sahas\u0131na giden at\u0131\u011f\u0131 en aza indirmek.<\/p><p>\u00c7evrenin korunmas\u0131 konusunda ba\u015far\u0131ya ula\u015fmak i\u00e7in t\u00fcm \u00e7al\u0131\u015fanlar\u0131m\u0131z\u0131 bilin\u00e7lendirmek ve bireysel sorumluluk kazand\u0131rmak i\u00e7in e\u011fitimlere tabi tutmak.<\/p><p>\u00c7evreye zarar veren ve insan sa\u011fl\u0131\u011f\u0131na zarar veren madde ve malzemelerin kullan\u0131m\u0131ndan m\u00fcmk\u00fcn oldu\u011fu \u00f6l\u00e7\u00fcde ka\u00e7\u0131nmak.<\/p><p>M\u00fcmk\u00fcn olan her yerde arazimizdeki biyolojik \u00e7e\u015fitlili\u011fi korumak ve geli\u015ftirmek.<\/p>\n\t\t\t\t\t<\/div>\n\t\t\t\t\t\t<\/div>\n\t\t\t\t<\/div>\n\t\t\t\t<div class=\"elementor-element elementor-element-328abf08 elementor-widget__width-auto elementor-widget elementor-widget-wd_social_buttons\" data-id=\"328abf08\" data-element_type=\"widget\" data-widget_type=\"wd_social_buttons.default\">\n\t\t\t\t<div class=\"elementor-widget-container\">\n\t\t\t\t\t\t\t\t<div\n\t\t\t\t\t\tclass=\" wd-social-icons wd-style-bordered wd-size-small social-share wd-shape-circle color-scheme-dark text-left\">\n\t\t\t\t\n\t\t\t\t\n\t\t\t\t\t\t\t\t\t<a rel=\"noopener noreferrer nofollow\" href=\"https:\/\/www.facebook.com\/sharer\/sharer.php?u=https:\/\/atceenerji.com\/tr_tr\/cevre-politikamiz\/\" target=\"_blank\" class=\" wd-social-icon social-facebook\" aria-label=\"Facebook social link\">\n\t\t\t\t\t\t<span class=\"wd-icon\"><\/span>\n\t\t\t\t\t\t\t\t\t\t\t<\/a>\n\t\t\t\t\n\t\t\t\t\t\t\t\t\t<a rel=\"noopener noreferrer nofollow\" href=\"https:\/\/x.com\/share?url=https:\/\/atceenerji.com\/tr_tr\/cevre-politikamiz\/\" target=\"_blank\" class=\" wd-social-icon social-twitter\" aria-label=\"X social link\">\n\t\t\t\t\t\t<span class=\"wd-icon\"><\/span>\n\t\t\t\t\t\t\t\t\t\t\t<\/a>\n\t\t\t\t\n\t\t\t\t\n\t\t\t\t\n\t\t\t\t\n\t\t\t\t\n\t\t\t\t\n\t\t\t\t\n\t\t\t\t\n\t\t\t\t\t\t\t\t\t<a rel=\"noopener noreferrer nofollow\" href=\"https:\/\/www.linkedin.com\/shareArticle?mini=true&url=https:\/\/atceenerji.com\/tr_tr\/cevre-politikamiz\/\" target=\"_blank\" class=\" wd-social-icon social-linkedin\" aria-label=\"Linkedin social link\">\n\t\t\t\t\t\t<span class=\"wd-icon\"><\/span>\n\t\t\t\t\t\t\t\t\t\t\t<\/a>\n\t\t\t\t\n\t\t\t\t\n\t\t\t\t\n\t\t\t\t\n\t\t\t\t\n\t\t\t\t\n\t\t\t\t\n\t\t\t\t\n\t\t\t\t\n\t\t\t\t\t\t\t\t\t<a rel=\"noopener noreferrer nofollow\" href=\"https:\/\/api.whatsapp.com\/send?text=https%3A%2F%2Fatceenerji.com%2Ftr_tr%2Fcevre-politikamiz%2F\" target=\"_blank\" class=\"wd-hide-md  wd-social-icon social-whatsapp\" aria-label=\"WhatsApp social link\">\n\t\t\t\t\t\t<span class=\"wd-icon\"><\/span>\n\t\t\t\t\t\t\t\t\t\t\t<\/a>\n\n\t\t\t\t\t<a rel=\"noopener noreferrer nofollow\" href=\"whatsapp:\/\/send?text=https%3A%2F%2Fatceenerji.com%2Ftr_tr%2Fcevre-politikamiz%2F\" target=\"_blank\" class=\"wd-hide-lg  wd-social-icon social-whatsapp\" aria-label=\"WhatsApp social link\">\n\t\t\t\t\t\t<span class=\"wd-icon\"><\/span>\n\t\t\t\t\t\t\t\t\t\t\t<\/a>\n\t\t\t\t\n\t\t\t\t\n\t\t\t\t\n\t\t\t\t\n\t\t\t\t\n\t\t\t\t\n\t\t\t\t\t\t\t\t\t<a rel=\"noopener noreferrer nofollow\" href=\"https:\/\/telegram.me\/share\/url?url=https:\/\/atceenerji.com\/tr_tr\/cevre-politikamiz\/\" target=\"_blank\" class=\" wd-social-icon social-tg\" aria-label=\"Telegram social link\">\n\t\t\t\t\t\t<span class=\"wd-icon\"><\/span>\n\t\t\t\t\t\t\t\t\t\t\t<\/a>\n\t\t\t\t\n\t\t\t\t\n\t\t\t<\/div>\n\n\t\t\t\t\t\t<\/div>\n\t\t\t\t<\/div>\n\t\t\t\t\t<\/div>\n\t\t<\/div>\n\t\t\t\t\t<\/div>\n\t\t<\/section>\n\t\t\t\t\t<\/div>\n\t\t<\/div>\n\t\t\t\t<div class=\"elementor-column elementor-col-50 elementor-top-column elementor-element elementor-element-47238caf\" data-id=\"47238caf\" data-element_type=\"column\">\n\t\t\t<div class=\"elementor-widget-wrap elementor-element-populated\">\n\t\t\t\t\t\t<div class=\"elementor-element elementor-element-3e8aaa6 elementor-widget elementor-widget-wd_image_or_svg\" data-id=\"3e8aaa6\" data-element_type=\"widget\" data-widget_type=\"wd_image_or_svg.default\">\n\t\t\t\t<div class=\"elementor-widget-container\">\n\t\t\t\t\t\n\t\t<div class=\"wd-image text-center\">\n\t\t\t\t\t\t\t\t<img fetchpriority=\"high\" decoding=\"async\" width=\"2476\" height=\"2560\" src=\"https:\/\/atceenerji.com\/wp-content\/uploads\/2024\/02\/123123jpg-scaled-1.jpg\" class=\"attachment-full size-full\" alt=\"\" srcset=\"https:\/\/atceenerji.com\/wp-content\/uploads\/2024\/02\/123123jpg-scaled-1.jpg 2476w, https:\/\/atceenerji.com\/wp-content\/uploads\/2024\/02\/123123jpg-scaled-1-430x445.jpg 430w, https:\/\/atceenerji.com\/wp-content\/uploads\/2024\/02\/123123jpg-scaled-1-150x155.jpg 150w, https:\/\/atceenerji.com\/wp-content\/uploads\/2024\/02\/123123jpg-scaled-1-700x724.jpg 700w, https:\/\/atceenerji.com\/wp-content\/uploads\/2024\/02\/123123jpg-scaled-1-290x300.jpg 290w, https:\/\/atceenerji.com\/wp-content\/uploads\/2024\/02\/123123jpg-scaled-1-774x800.jpg 774w, https:\/\/atceenerji.com\/wp-content\/uploads\/2024\/02\/123123jpg-scaled-1-768x794.jpg 768w, https:\/\/atceenerji.com\/wp-content\/uploads\/2024\/02\/123123jpg-scaled-1-1486x1536.jpg 1486w, https:\/\/atceenerji.com\/wp-content\/uploads\/2024\/02\/123123jpg-scaled-1-1981x2048.jpg 1981w, https:\/\/atceenerji.com\/wp-content\/uploads\/2024\/02\/123123jpg-scaled-1-860x889.jpg 860w\" sizes=\"(max-width: 2476px) 100vw, 2476px\" \/>\t\t\t\t\t<\/div>\n\n\t\t\t\t\t\t<\/div>\n\t\t\t\t<\/div>\n\t\t\t\t\t<\/div>\n\t\t<\/div>\n\t\t\t\t\t<\/div>\n\t\t<\/section>\n\t\t\t\t<\/div>\n\t\t","protected":false},"excerpt":{"rendered":"<p>Her y\u00f6n\u00fcyle \u00e7evreci ve ileri teknoloji bir \u00fcretim sistemiyle tan\u0131\u015f\u0131n. Faaliyetlerimizle ilgili t\u00fcm \u00e7evre mevzuat\u0131 d\u00fczenlemelerine uymak ve \u00e7evresel t\u00fcm<\/p>\n","protected":false},"author":1,"featured_media":0,"parent":0,"menu_order":0,"comment_status":"closed","ping_status":"closed","template":"","meta":{"footnotes":""},"class_list":["post-24651","page","type-page","status-publish","hentry"],"aioseo_notices":[],"_links":{"self":[{"href":"https:\/\/atceenerji.com\/tr_tr\/wp-json\/wp\/v2\/pages\/24651","targetHints":{"allow":["GET"]}}],"collection":[{"href":"https:\/\/atceenerji.com\/tr_tr\/wp-json\/wp\/v2\/pages"}],"about":[{"href":"https:\/\/atceenerji.com\/tr_tr\/wp-json\/wp\/v2\/types\/page"}],"author":[{"embeddable":true,"href":"https:\/\/atceenerji.com\/tr_tr\/wp-json\/wp\/v2\/users\/1"}],"replies":[{"embeddable":true,"href":"https:\/\/atceenerji.com\/tr_tr\/wp-json\/wp\/v2\/comments?post=24651"}],"version-history":[{"count":0,"href":"https:\/\/atceenerji.com\/tr_tr\/wp-json\/wp\/v2\/pages\/24651\/revisions"}],"wp:attachment":[{"href":"https:\/\/atceenerji.com\/tr_tr\/wp-json\/wp\/v2\/media?parent=24651"}],"curies":[{"name":"wp","href":"https:\/\/api.w.org\/{rel}","templated":true}]}}