{"id":24614,"date":"2024-02-17T23:22:55","date_gmt":"2024-02-17T20:22:55","guid":{"rendered":"http:\/\/atceenerji.com\/?page_id=24614"},"modified":"2024-04-06T22:13:36","modified_gmt":"2024-04-06T19:13:36","slug":"insan-kaynaklari","status":"publish","type":"page","link":"https:\/\/atceenerji.com\/tr_tr\/insan-kaynaklari\/","title":{"rendered":"\u0130nsan Kaynaklar\u0131"},"content":{"rendered":"\t\t<div data-elementor-type=\"wp-page\" data-elementor-id=\"24614\" class=\"elementor elementor-24614\" data-elementor-post-type=\"page\">\n\t\t\t\t<div class=\"wd-negative-gap elementor-element elementor-element-323b94d1 e-flex e-con-boxed e-con e-parent\" data-id=\"323b94d1\" data-element_type=\"container\">\n\t\t\t\t\t<div class=\"e-con-inner\">\n\t\t<div class=\"elementor-element elementor-element-54217fe e-con-full e-flex e-con e-child\" data-id=\"54217fe\" data-element_type=\"container\">\n\t\t\t\t<div class=\"elementor-element elementor-element-56657f6d elementor-widget__width-initial wd-width-100 elementor-widget elementor-widget-wd_title\" data-id=\"56657f6d\" data-element_type=\"widget\" data-widget_type=\"wd_title.default\">\n\t\t\t\t<div class=\"elementor-widget-container\">\n\t\t\t\t\t\t\t<div class=\"title-wrapper wd-set-mb reset-last-child wd-title-color-primary wd-title-style-default wd-title-size-large text-left\">\n\n\t\t\t\t\t\t\t\t\t\t\t<div class=\"title-subtitle subtitle-color-primary subtitle-style-default wd-fontsize-xs\">\n\t\t\t\t\t\u0130NSAN KAYNAKLARI\t\t\t\t<\/div>\n\t\t\t\n\t\t\t<div class=\"liner-continer\">\n\t\t\t\t<h4 class=\"woodmart-title-container title wd-fontsize-xxl\">Neden ekibimize kat\u0131lmal\u0131s\u0131n\u0131z?<\/h4> \n\t\t\t\t\t\t\t<\/div>\n\n\t\t\t\t\t<\/div>\n\t\t\t\t\t\t<\/div>\n\t\t\t\t<\/div>\n\t\t\t\t<div class=\"elementor-element elementor-element-71431b1c elementor-widget elementor-widget-wd_text_block\" data-id=\"71431b1c\" data-element_type=\"widget\" data-widget_type=\"wd_text_block.default\">\n\t\t\t\t<div class=\"elementor-widget-container\">\n\t\t\t\t\t\t\t<div class=\"wd-text-block reset-last-child text-left\">\n\t\t\t\n\t\t\t<p>Burada \u00f6\u011frenme, uygulama ve geli\u015fme \u00f6zg\u00fcrl\u00fc\u011f\u00fcne sahipsiniz.<br \/>Gelene\u011fe meydan okursunuz, geli\u015fmek i\u00e7in de\u011fi\u015firsiniz.<br \/>Etkinle\u015ftirici bir ortam<br \/>Bilgi ve \u00f6\u011frenmeye \u00f6rg\u00fctsel odaklanma<br \/>Hayata ve i\u015fe kar\u015f\u0131 proaktif tutumlar<br \/>Sonu\u00e7 odakl\u0131 \u00e7al\u0131\u015fma k\u00fclt\u00fcr\u00fc<br \/>Sahiplik temelli \u00e7al\u0131\u015fma yakla\u015f\u0131m\u0131<br \/>Kendi hedeflerinizi belirleyin ve onlara ula\u015f\u0131n.<\/p><p>\u0130nsan kaynaklar\u0131 birimimize ba\u015fvurunuzu h\u0131zl\u0131ca yapabilir, ekibimizde siz de yerinizi alabilirsiniz\u2026<\/p><p>Ekibimize kat\u0131lmak i\u00e7in a\u015fa\u011f\u0131da bulunan \u2018HEMEN BA\u015eVUR\u2019 linkinden,\u00a0ba\u015fvuru formunu doldurarak da ekibe kat\u0131l\u0131m isteklerinizi ve \u00f6zge\u00e7mi\u015finizi h\u0131zl\u0131ca g\u00f6nderebilirsiniz\u2026<\/p><p>Formda belirtilen alanlar\u0131 do\u011fru bilgiler ile doldurduktan sonra \u201cDosya Se\u00e7\u201d k\u0131sm\u0131ndan \u00f6zge\u00e7mi\u015finizi se\u00e7ip G\u00f6nder butonu ile bize ula\u015ft\u0131rabilirsiniz.<\/p>\n\t\t\t\t\t<\/div>\n\t\t\t\t\t\t<\/div>\n\t\t\t\t<\/div>\n\t\t<div class=\"elementor-element elementor-element-26077014 e-con-full e-flex e-con e-child\" data-id=\"26077014\" data-element_type=\"container\">\n\t\t\t\t<div class=\"elementor-element elementor-element-8ea7a2b elementor-widget elementor-widget-wd_popup\" data-id=\"8ea7a2b\" data-element_type=\"widget\" data-widget_type=\"wd_popup.default\">\n\t\t\t\t<div class=\"elementor-widget-container\">\n\t\t\t\t\t\t\t\t\t<div class=\"wd-button-wrapper text-center\" >\n\t\t\t<a class=\"btn btn-style-default btn-shape-rectangle btn-size-default wd-open-popup btn-color-primary btn-icon-pos-right\"  href=\"#popup-65d279d42c0d6\">\n\t\t\t\t<span class=\"wd-btn-text\" data-elementor-setting-key=\"text\">\n\t\t\t\t\tHEMEN BA\u015eVUR\t\t\t\t<\/span>\n\n\t\t\t\t\t\t\t<\/a>\n\t\t<\/div>\n\t\t\t\t\t\t\t<div id=\"popup-65d279d42c0d6\" class=\"wd-popup wd-popup-element wd-entry-content mfp-hide\" style=\"--wd-popup-width:800px;\">\n\t\t\t\t\t\t\t<link rel=\"stylesheet\" id=\"elementor-post-808-css\" href=\"https:\/\/atceenerji.com\/wp-content\/uploads\/elementor\/css\/post-808.css?ver=1774694213\" type=\"text\/css\" media=\"all\">\n\t\t\t\t\t<div data-elementor-type=\"wp-post\" data-elementor-id=\"808\" class=\"elementor elementor-808\" data-elementor-post-type=\"cms_block\">\n\t\t\t\t<div class=\"wd-negative-gap elementor-element elementor-element-5c87614 e-flex e-con-boxed e-con e-parent\" data-id=\"5c87614\" data-element_type=\"container\">\n\t\t\t\t\t<div class=\"e-con-inner\">\n\t\t<div class=\"elementor-element elementor-element-dbf8cad e-con-full e-flex e-con e-child\" data-id=\"dbf8cad\" data-element_type=\"container\">\n\t\t\t\t<div class=\"elementor-element elementor-element-e09cd2c wd-width-100 elementor-widget elementor-widget-wd_title\" data-id=\"e09cd2c\" data-element_type=\"widget\" data-widget_type=\"wd_title.default\">\n\t\t\t\t<div class=\"elementor-widget-container\">\n\t\t\t\t\t\t\t<div class=\"title-wrapper wd-set-mb reset-last-child wd-title-color-default wd-title-style-default wd-title-size-default text-left\">\n\n\t\t\t\n\t\t\t<div class=\"liner-continer\">\n\t\t\t\t<h4 class=\"woodmart-title-container title wd-fontsize-l\">\u0130\u015e BA\u015eVURU FORMU<\/h4> \n\t\t\t\t\t\t\t<\/div>\n\n\t\t\t\t\t<\/div>\n\t\t\t\t\t\t<\/div>\n\t\t\t\t<\/div>\n\t\t\t\t<div class=\"elementor-element elementor-element-94e5aea elementor-widget elementor-widget-wpforms\" data-id=\"94e5aea\" data-element_type=\"widget\" data-widget_type=\"wpforms.default\">\n\t\t\t\t<div class=\"elementor-widget-container\">\n\t\t\t\t\t<div class=\"wpforms-container wpforms-container-full wpforms-render-modern\" id=\"wpforms-25705\"><form id=\"wpforms-form-25705\" class=\"wpforms-validate wpforms-form wpforms-ajax-form\" data-formid=\"25705\" method=\"post\" enctype=\"multipart\/form-data\" action=\"\/tr_tr\/wp-json\/wp\/v2\/pages\/24614?wpforms_form_id=25705\" data-token=\"86f32007ff5606f030ed87ce149361c4\" data-token-time=\"1777599814\"><noscript class=\"wpforms-error-noscript\">Bu formu bitirebilmek i\u00e7in taray\u0131c\u0131n\u0131zda JavaScript&#039;i etkinle\u015ftirin.<\/noscript><div id=\"wpforms-error-noscript\" style=\"display: none;\">Bu formu bitirebilmek i\u00e7in taray\u0131c\u0131n\u0131zda JavaScript&#039;i etkinle\u015ftirin.<\/div><div class=\"wpforms-field-container\"><div id=\"wpforms-25705-field_1-container\" class=\"wpforms-field wpforms-field-name\" data-field-id=\"1\"><fieldset><legend class=\"wpforms-field-label\">Ad\u0131n\u0131z Soyad\u0131n\u0131z <span class=\"wpforms-required-label\" aria-hidden=\"true\">*<\/span><\/legend><div class=\"wpforms-field-row wpforms-field-large\"><div class=\"wpforms-field-row-block wpforms-first wpforms-one-half\"><input type=\"text\" id=\"wpforms-25705-field_1\" class=\"wpforms-field-name-first wpforms-field-required\" name=\"wpforms[fields][1][first]\" aria-errormessage=\"wpforms-25705-field_1-error\" required><label for=\"wpforms-25705-field_1\" class=\"wpforms-field-sublabel after\">Ad<\/label><\/div><div class=\"wpforms-field-row-block wpforms-one-half\"><input type=\"text\" id=\"wpforms-25705-field_1-last\" class=\"wpforms-field-name-last wpforms-field-required\" name=\"wpforms[fields][1][last]\" aria-errormessage=\"wpforms-25705-field_1-last-error\" required><label for=\"wpforms-25705-field_1-last\" class=\"wpforms-field-sublabel after\">Soyad<\/label><\/div><\/div><\/fieldset><\/div><div id=\"wpforms-25705-field_2-container\" class=\"wpforms-field wpforms-field-email wpforms-one-half wpforms-first\" data-field-id=\"2\"><label class=\"wpforms-field-label\" for=\"wpforms-25705-field_2\">E-posta <span class=\"wpforms-required-label\" aria-hidden=\"true\">*<\/span><\/label><input type=\"email\" id=\"wpforms-25705-field_2\" class=\"wpforms-field-large wpforms-field-required\" name=\"wpforms[fields][2]\" spellcheck=\"false\" aria-errormessage=\"wpforms-25705-field_2-error\" required><\/div><div id=\"wpforms-25705-field_5-container\" class=\"wpforms-field wpforms-field-text wpforms-one-half\" data-field-id=\"5\"><label class=\"wpforms-field-label\" for=\"wpforms-25705-field_5\">Ya\u015fad\u0131\u011f\u0131n\u0131z \u015eehir - \u0130l\u00e7e<\/label><input type=\"text\" id=\"wpforms-25705-field_5\" class=\"wpforms-field-large\" name=\"wpforms[fields][5]\" aria-errormessage=\"wpforms-25705-field_5-error\" ><\/div><div id=\"wpforms-25705-field_6-container\" class=\"wpforms-field wpforms-field-text wpforms-one-half wpforms-first\" data-field-id=\"6\"><label class=\"wpforms-field-label\" for=\"wpforms-25705-field_6\">Ba\u015fvurdu\u011funuz Pozisyon\/Bran\u015f<\/label><input type=\"text\" id=\"wpforms-25705-field_6\" class=\"wpforms-field-large\" name=\"wpforms[fields][6]\" aria-errormessage=\"wpforms-25705-field_6-error\" ><\/div><div id=\"wpforms-25705-field_7-container\" class=\"wpforms-field wpforms-field-select wpforms-one-half wpforms-field-select-style-classic\" data-field-id=\"7\"><label class=\"wpforms-field-label\" for=\"wpforms-25705-field_7\">E\u011fitim Durumunuz<\/label><select id=\"wpforms-25705-field_7\" class=\"wpforms-field-large\" name=\"wpforms[fields][7]\"><option value=\"Lise\"  class=\"choice-1 depth-1\"  >Lise<\/option><option value=\"\u00d6n Lisans\"  class=\"choice-2 depth-1\"  >\u00d6n Lisans<\/option><option value=\"Lisans\"  class=\"choice-3 depth-1\"  >Lisans<\/option><option value=\"Y\u00fcksek Lisans\"  class=\"choice-4 depth-1\"  >Y\u00fcksek Lisans<\/option><\/select><\/div><div id=\"wpforms-25705-field_10-container\" class=\"wpforms-field wpforms-field-textarea\" data-field-id=\"10\"><label class=\"wpforms-field-label\" for=\"wpforms-25705-field_10\">Deneyim<\/label><textarea id=\"wpforms-25705-field_10\" class=\"wpforms-field-medium\" name=\"wpforms[fields][10]\" aria-errormessage=\"wpforms-25705-field_10-error\" ><\/textarea><\/div><div id=\"wpforms-25705-field_11-container\" class=\"wpforms-field wpforms-field-checkbox\" data-field-id=\"11\"><fieldset><legend class=\"wpforms-field-label wpforms-label-hide\" aria-hidden=\"false\">Onay kutusu <span class=\"wpforms-required-label\" aria-hidden=\"true\">*<\/span><\/legend><ul id=\"wpforms-25705-field_11\" class=\"wpforms-field-required\"><li class=\"choice-1 depth-1\"><input type=\"checkbox\" id=\"wpforms-25705-field_11_1\" name=\"wpforms[fields][11][]\" value=\"Bu formda vermi\u015f oldu\u011fum ki\u015fisel verilerimin ATCE Enerji taraf\u0131ndan KVKK Ayd\u0131nlatma Metninde belirtilen \u015fekilde ve ama\u00e7larda i\u015flenmesine r\u0131za veriyorum\" aria-errormessage=\"wpforms-25705-field_11_1-error\" required ><label class=\"wpforms-field-label-inline\" for=\"wpforms-25705-field_11_1\">Bu formda vermi\u015f oldu\u011fum ki\u015fisel verilerimin ATCE Enerji taraf\u0131ndan KVKK Ayd\u0131nlatma Metninde belirtilen \u015fekilde ve ama\u00e7larda i\u015flenmesine r\u0131za veriyorum<\/label><\/li><\/ul><\/fieldset><\/div><\/div><!-- .wpforms-field-container --><div class=\"wpforms-submit-container\" ><input type=\"hidden\" name=\"wpforms[id]\" value=\"25705\"><input type=\"hidden\" name=\"page_title\" value=\"\"><input type=\"hidden\" name=\"page_url\" value=\"https:\/\/atceenerji.com\/tr_tr\/wp-json\/wp\/v2\/pages\/24614\"><input type=\"hidden\" name=\"url_referer\" value=\"\"><button type=\"submit\" name=\"wpforms[submit]\" id=\"wpforms-submit-25705\" class=\"wpforms-submit\" data-alt-text=\"G\u00f6nderiliyor...\" data-submit-text=\"G\u00f6nder\" aria-live=\"assertive\" value=\"wpforms-submit\">G\u00f6nder<\/button><img decoding=\"async\" src=\"https:\/\/atceenerji.com\/wp-content\/plugins\/wpforms-lite\/assets\/images\/submit-spin.svg\" class=\"wpforms-submit-spinner\" style=\"display: none;\" width=\"26\" height=\"26\" alt=\"Y\u00fckleniyor\"><\/div><\/form><\/div>  <!-- .wpforms-container -->\t\t\t\t<\/div>\n\t\t\t\t<\/div>\n\t\t\t\t<\/div>\n\t\t\t\t\t<\/div>\n\t\t\t\t<\/div>\n\t\t\t\t<\/div>\n\t\t\t\t\t<\/div>\n\t\t\t\t\t\t\t\t<\/div>\n\t\t\t\t<\/div>\n\t\t\t\t<div class=\"elementor-element elementor-element-79f8e9a5 elementor-widget__width-auto elementor-hidden-phone elementor-widget elementor-widget-wd_social_buttons\" data-id=\"79f8e9a5\" data-element_type=\"widget\" data-widget_type=\"wd_social_buttons.default\">\n\t\t\t\t<div class=\"elementor-widget-container\">\n\t\t\t\t\t\t\t\t<div\n\t\t\t\t\t\tclass=\" wd-social-icons wd-style-colored-alt wd-size-small social-share wd-shape-circle color-scheme-dark text-left\">\n\t\t\t\t\n\t\t\t\t\n\t\t\t\t\t\t\t\t\t<a rel=\"noopener noreferrer nofollow\" href=\"https:\/\/www.facebook.com\/sharer\/sharer.php?u=https:\/\/atceenerji.com\/tr_tr\/insan-kaynaklari\/\" target=\"_blank\" class=\" wd-social-icon social-facebook\" aria-label=\"Facebook social link\">\n\t\t\t\t\t\t<span class=\"wd-icon\"><\/span>\n\t\t\t\t\t\t\t\t\t\t\t<\/a>\n\t\t\t\t\n\t\t\t\t\t\t\t\t\t<a rel=\"noopener noreferrer nofollow\" href=\"https:\/\/x.com\/share?url=https:\/\/atceenerji.com\/tr_tr\/insan-kaynaklari\/\" target=\"_blank\" class=\" wd-social-icon social-twitter\" aria-label=\"X social link\">\n\t\t\t\t\t\t<span class=\"wd-icon\"><\/span>\n\t\t\t\t\t\t\t\t\t\t\t<\/a>\n\t\t\t\t\n\t\t\t\t\n\t\t\t\t\n\t\t\t\t\n\t\t\t\t\n\t\t\t\t\n\t\t\t\t\n\t\t\t\t\n\t\t\t\t\t\t\t\t\t<a rel=\"noopener noreferrer nofollow\" href=\"https:\/\/www.linkedin.com\/shareArticle?mini=true&url=https:\/\/atceenerji.com\/tr_tr\/insan-kaynaklari\/\" target=\"_blank\" class=\" wd-social-icon social-linkedin\" aria-label=\"Linkedin social link\">\n\t\t\t\t\t\t<span class=\"wd-icon\"><\/span>\n\t\t\t\t\t\t\t\t\t\t\t<\/a>\n\t\t\t\t\n\t\t\t\t\n\t\t\t\t\n\t\t\t\t\n\t\t\t\t\n\t\t\t\t\n\t\t\t\t\n\t\t\t\t\n\t\t\t\t\n\t\t\t\t\t\t\t\t\t<a rel=\"noopener noreferrer nofollow\" href=\"https:\/\/api.whatsapp.com\/send?text=https%3A%2F%2Fatceenerji.com%2Ftr_tr%2Finsan-kaynaklari%2F\" target=\"_blank\" class=\"wd-hide-md  wd-social-icon social-whatsapp\" aria-label=\"WhatsApp social link\">\n\t\t\t\t\t\t<span class=\"wd-icon\"><\/span>\n\t\t\t\t\t\t\t\t\t\t\t<\/a>\n\n\t\t\t\t\t<a rel=\"noopener noreferrer nofollow\" href=\"whatsapp:\/\/send?text=https%3A%2F%2Fatceenerji.com%2Ftr_tr%2Finsan-kaynaklari%2F\" target=\"_blank\" class=\"wd-hide-lg  wd-social-icon social-whatsapp\" aria-label=\"WhatsApp social link\">\n\t\t\t\t\t\t<span class=\"wd-icon\"><\/span>\n\t\t\t\t\t\t\t\t\t\t\t<\/a>\n\t\t\t\t\n\t\t\t\t\n\t\t\t\t\n\t\t\t\t\n\t\t\t\t\n\t\t\t\t\n\t\t\t\t\t\t\t\t\t<a rel=\"noopener noreferrer nofollow\" href=\"https:\/\/telegram.me\/share\/url?url=https:\/\/atceenerji.com\/tr_tr\/insan-kaynaklari\/\" target=\"_blank\" class=\" wd-social-icon social-tg\" aria-label=\"Telegram social link\">\n\t\t\t\t\t\t<span class=\"wd-icon\"><\/span>\n\t\t\t\t\t\t\t\t\t\t\t<\/a>\n\t\t\t\t\n\t\t\t\t\n\t\t\t<\/div>\n\n\t\t\t\t\t\t<\/div>\n\t\t\t\t<\/div>\n\t\t\t\t<\/div>\n\t\t\t\t<\/div>\n\t\t<div class=\"elementor-element elementor-element-56653a46 e-con-full e-flex e-con e-child\" data-id=\"56653a46\" data-element_type=\"container\">\n\t\t\t\t<div class=\"elementor-element elementor-element-17289631 elementor-widget elementor-widget-wd_image_or_svg\" data-id=\"17289631\" data-element_type=\"widget\" data-widget_type=\"wd_image_or_svg.default\">\n\t\t\t\t<div class=\"elementor-widget-container\">\n\t\t\t\t\t\n\t\t<div class=\"wd-image text-left\">\n\t\t\t\t\t\t\t\t<img fetchpriority=\"high\" decoding=\"async\" width=\"1536\" height=\"1536\" src=\"https:\/\/atceenerji.com\/wp-content\/uploads\/2024\/02\/gettyimages-1359838986-edit-1536x1536-1.webp\" class=\"attachment-full size-full\" alt=\"\" srcset=\"https:\/\/atceenerji.com\/wp-content\/uploads\/2024\/02\/gettyimages-1359838986-edit-1536x1536-1.webp 1536w, https:\/\/atceenerji.com\/wp-content\/uploads\/2024\/02\/gettyimages-1359838986-edit-1536x1536-1-430x430.webp 430w, https:\/\/atceenerji.com\/wp-content\/uploads\/2024\/02\/gettyimages-1359838986-edit-1536x1536-1-150x150.webp 150w, https:\/\/atceenerji.com\/wp-content\/uploads\/2024\/02\/gettyimages-1359838986-edit-1536x1536-1-700x700.webp 700w, https:\/\/atceenerji.com\/wp-content\/uploads\/2024\/02\/gettyimages-1359838986-edit-1536x1536-1-300x300.webp 300w, https:\/\/atceenerji.com\/wp-content\/uploads\/2024\/02\/gettyimages-1359838986-edit-1536x1536-1-800x800.webp 800w, https:\/\/atceenerji.com\/wp-content\/uploads\/2024\/02\/gettyimages-1359838986-edit-1536x1536-1-768x768.webp 768w, https:\/\/atceenerji.com\/wp-content\/uploads\/2024\/02\/gettyimages-1359838986-edit-1536x1536-1-860x860.webp 860w\" sizes=\"(max-width: 1536px) 100vw, 1536px\" \/>\t\t\t\t\t<\/div>\n\n\t\t\t\t\t\t<\/div>\n\t\t\t\t<\/div>\n\t\t\t\t<\/div>\n\t\t\t\t\t<\/div>\n\t\t\t\t<\/div>\n\t\t\t\t<\/div>\n\t\t","protected":false},"excerpt":{"rendered":"<p>\u0130NSAN KAYNAKLARI Neden ekibimize kat\u0131lmal\u0131s\u0131n\u0131z? Burada \u00f6\u011frenme, uygulama ve geli\u015fme \u00f6zg\u00fcrl\u00fc\u011f\u00fcne sahipsiniz.Gelene\u011fe meydan okursunuz, geli\u015fmek i\u00e7in de\u011fi\u015firsiniz.Etkinle\u015ftirici bir ortamBilgi ve<\/p>\n","protected":false},"author":1,"featured_media":0,"parent":0,"menu_order":0,"comment_status":"closed","ping_status":"closed","template":"","meta":{"footnotes":""},"class_list":["post-24614","page","type-page","status-publish","hentry"],"aioseo_notices":[],"_links":{"self":[{"href":"https:\/\/atceenerji.com\/tr_tr\/wp-json\/wp\/v2\/pages\/24614","targetHints":{"allow":["GET"]}}],"collection":[{"href":"https:\/\/atceenerji.com\/tr_tr\/wp-json\/wp\/v2\/pages"}],"about":[{"href":"https:\/\/atceenerji.com\/tr_tr\/wp-json\/wp\/v2\/types\/page"}],"author":[{"embeddable":true,"href":"https:\/\/atceenerji.com\/tr_tr\/wp-json\/wp\/v2\/users\/1"}],"replies":[{"embeddable":true,"href":"https:\/\/atceenerji.com\/tr_tr\/wp-json\/wp\/v2\/comments?post=24614"}],"version-history":[{"count":0,"href":"https:\/\/atceenerji.com\/tr_tr\/wp-json\/wp\/v2\/pages\/24614\/revisions"}],"wp:attachment":[{"href":"https:\/\/atceenerji.com\/tr_tr\/wp-json\/wp\/v2\/media?parent=24614"}],"curies":[{"name":"wp","href":"https:\/\/api.w.org\/{rel}","templated":true}]}}