{"id":45,"date":"2021-08-26T12:21:44","date_gmt":"2021-08-26T12:21:44","guid":{"rendered":"http:\/\/dummy.xtemos.com\/woodmart2\/elementor\/?page_id=45"},"modified":"2024-04-06T22:08:59","modified_gmt":"2024-04-06T19:08:59","slug":"uretim","status":"publish","type":"page","link":"https:\/\/atceenerji.com\/en\/production\/","title":{"rendered":"Production"},"content":{"rendered":"<div data-elementor-type=\"wp-page\" data-elementor-id=\"45\" class=\"elementor elementor-45\" data-elementor-post-type=\"page\">\n\t\t\t\t<div class=\"wd-negative-gap elementor-element elementor-element-1b451750 e-flex e-con-boxed e-con e-parent\" data-id=\"1b451750\" data-element_type=\"container\">\n\t\t\t\t\t<div class=\"e-con-inner\">\n\t\t\t\t<div class=\"elementor-element elementor-element-547db4b5 color-scheme-inherit text-left elementor-widget elementor-widget-text-editor\" data-id=\"547db4b5\" data-element_type=\"widget\" data-widget_type=\"text-editor.default\">\n\t\t\t\t<div class=\"elementor-widget-container\">\n\t\t\t\t\t\t\t\t\t\t\t\t\t\t\t\t\t<\/div>\n\t\t\t\t<\/div>\n\t\t\t\t\t<\/div>\n\t\t\t\t<\/div>\n\t\t\t\t<section class=\"wd-negative-gap elementor-section elementor-top-section elementor-element elementor-element-47e31a04 elementor-section-boxed elementor-section-height-default elementor-section-height-default\" data-id=\"47e31a04\" data-element_type=\"section\">\n\t\t\t\t\t\t<div class=\"elementor-container elementor-column-gap-default\">\n\t\t\t\t\t<div class=\"elementor-column elementor-col-100 elementor-top-column elementor-element elementor-element-1214ee60\" data-id=\"1214ee60\" data-element_type=\"column\">\n\t\t\t<div class=\"elementor-widget-wrap elementor-element-populated\">\n\t\t\t\t\t\t<div class=\"elementor-element elementor-element-67ecce1a wd-width-100 elementor-widget elementor-widget-wd_title\" data-id=\"67ecce1a\" data-element_type=\"widget\" data-widget_type=\"wd_title.default\">\n\t\t\t\t<div class=\"elementor-widget-container\">\n\t\t\t\t\t\t\t<div class=\"title-wrapper wd-set-mb reset-last-child wd-title-color-primary wd-title-style-bordered wd-title-size-default text-center\">\n\n\t\t\t\t\t\t\t\t\t\t\t<div class=\"title-subtitle subtitle-color-primary subtitle-style-default wd-fontsize-xs\">\n\t\t\t\t\tPRODUCTION OF ELECTRIC BOARDS\t\t\t\t<\/div>\n\t\t\t\n\t\t\t<div class=\"liner-continer\">\n\t\t\t\t<h4 class=\"woodmart-title-container title wd-fontsize-l\">Production Process<\/h4> \n\t\t\t\t\t\t\t<\/div>\n\n\t\t\t\t\t<\/div>\n\t\t\t\t\t\t<\/div>\n\t\t\t\t<\/div>\n\t\t\t\t<div class=\"elementor-element elementor-element-a3ec65b elementor-widget elementor-widget-wd_timeline\" data-id=\"a3ec65b\" data-element_type=\"widget\" data-widget_type=\"wd_timeline.default\">\n\t\t\t\t<div class=\"elementor-widget-container\">\n\t\t\t\t\t\t\t<div class=\"wd-timeline-wrapper wd-item-shadow wd-line-dashed\">\n\t\t\t<div class=\"woodmart-timeline-line\">\n\t\t\t\t<span class=\"line-dot dot-start\"><\/span>\n\t\t\t\t<span class=\"line-dot dot-end\"><\/span>\n\t\t\t<\/div>\n\n\t\t\t<div class=\"wd-timeline\">\n\t\t\t\t\t\t\t\t\t\t\t\t\t\t\t\t\t\t\t\t<div class=\"wd-timeline-breakpoint elementor-repeater-item-72517f7\">\n\t\t\t\t\t\t\t<span class=\"woodmart-timeline-breakpoint-title\">\n\t\t\t\t\t\t\t\tPLANNING AND DESIGN\t\t\t\t\t\t\t<\/span>\n\t\t\t\t\t\t<\/div>\n\t\t\t\t\t\t\t\t\t\t\t\t\t\t\t\t\t\t\t\t\t\t\t\t\t<div class=\"wd-timeline-item wd-item-position-left elementor-repeater-item-aef73d4\">\n\t\t\t\t\t\t\t<div class=\"woodmart-timeline-dot\"><\/div>\n\n\t\t\t\t\t\t\t<div class=\"timeline-col timeline-col-primary\">\n\t\t\t\t\t\t\t\t<span class=\"timeline-arrow\"><\/span>\n\t\t\t\t\t\t\t\t\n\t\t\t\t\t\t\t\t\n\t\t\t\t\t\t\t\t<div class=\"wd-timeline-content wd-set-mb reset-last-child\">\n\t\t\t\t\t\t\t\t\t<h3 style=\"font-size: 28px;\">ELECTRIC BOARD DESIGN<\/h3>\n<p style=\"font-weight: 300;\">ATCE ENERJ\u0130 boards are designed and projected in line with the demands and needs of our customers by using the e-plan board design program in our project unit consisting of expert electrical engineers in the field during the proposal phase.\nAfter the necessary revisions are made and approval is received from our customers, the projects that are turned into orders are directed to our mechanical project design unit consisting of our mechatronics, mechanical and civil engineers to prepare them for production. \nHere, the carcass drawings detailed through the Solid Works program are translated into the machine language that will enable them to be processed in our CNC Punch machines and thus made ready for production.<\/p>\n<p>\u00a0<\/p>\t\t\t\t\t\t\t\t<\/div>\n\t\t\t\t\t\t\t<\/div>\n\n\t\t\t\t\t\t\t<div class=\"timeline-col timeline-col-secondary\">\n\t\t\t\t\t\t\t\t<span class=\"timeline-arrow\"><\/span>\n\t\t\t\t\t\t\t\t\t\t\t\t\t\t\t\t\t<div class=\"wd-timeline-image\">\n\t\t\t\t\t\t\t\t\t\t<img fetchpriority=\"high\" decoding=\"async\" width=\"1600\" height=\"1068\" src=\"https:\/\/atceenerji.com\/wp-content\/uploads\/2024\/02\/tasarim.jpeg\" class=\"attachment-full size-full\" alt=\"\" srcset=\"https:\/\/atceenerji.com\/wp-content\/uploads\/2024\/02\/tasarim.jpeg 1600w, https:\/\/atceenerji.com\/wp-content\/uploads\/2024\/02\/tasarim-400x267.jpeg 400w, https:\/\/atceenerji.com\/wp-content\/uploads\/2024\/02\/tasarim-1199x800.jpeg 1199w, https:\/\/atceenerji.com\/wp-content\/uploads\/2024\/02\/tasarim-768x513.jpeg 768w, https:\/\/atceenerji.com\/wp-content\/uploads\/2024\/02\/tasarim-1536x1025.jpeg 1536w, https:\/\/atceenerji.com\/wp-content\/uploads\/2024\/02\/tasarim-860x574.jpeg 860w, https:\/\/atceenerji.com\/wp-content\/uploads\/2024\/02\/tasarim-430x287.jpeg 430w, https:\/\/atceenerji.com\/wp-content\/uploads\/2024\/02\/tasarim-700x467.jpeg 700w, https:\/\/atceenerji.com\/wp-content\/uploads\/2024\/02\/tasarim-150x100.jpeg 150w\" sizes=\"(max-width: 1600px) 100vw, 1600px\" \/>\t\t\t\t\t\t\t\t\t<\/div>\n\t\t\t\t\t\t\t\t\n\t\t\t\t\t\t\t\t\n\t\t\t\t\t\t\t\t<div class=\"wd-timeline-content wd-set-mb reset-last-child\">\n\t\t\t\t\t\t\t\t\t\t\t\t\t\t\t\t\t<\/div>\n\t\t\t\t\t\t\t<\/div>\n\t\t\t\t\t\t<\/div>\n\t\t\t\t\t\t\t\t\t\t\t\t\t\t\t\t\t\t\t\t\t\t\t\t\t<div class=\"wd-timeline-breakpoint elementor-repeater-item-56f3cbd\">\n\t\t\t\t\t\t\t<span class=\"woodmart-timeline-breakpoint-title\">\n\t\t\t\t\t\t\t\tMONTAGE OF CARCASS\t\t\t\t\t\t\t<\/span>\n\t\t\t\t\t\t<\/div>\n\t\t\t\t\t\t\t\t\t\t\t\t\t\t\t\t\t\t\t\t\t\t\t\t\t<div class=\"wd-timeline-item wd-item-position-right elementor-repeater-item-f40ab6a\">\n\t\t\t\t\t\t\t<div class=\"woodmart-timeline-dot\"><\/div>\n\n\t\t\t\t\t\t\t<div class=\"timeline-col timeline-col-primary\">\n\t\t\t\t\t\t\t\t<span class=\"timeline-arrow\"><\/span>\n\t\t\t\t\t\t\t\t\n\t\t\t\t\t\t\t\t\n\t\t\t\t\t\t\t\t<div class=\"wd-timeline-content wd-set-mb reset-last-child\">\n\t\t\t\t\t\t\t\t\t<h3 style=\"font-size: 28px;\">MECHANICAL PRODUCTION<\/h3>\n<p style=\"font-weight: 300;\">Our board carcasses are produced by our technicians and craftsmen with vocational training certificates in the mechanical department of our factory. \nAfter the sheets with quality certificates selected in thickness and specifications suitable for the project are processed in punch machines, they undergo micro, folding, laser welding (only when necessary for the project) and electrostatic painting processes respectively, with intermediate controls at every stage. All processed parts are assembled in accordance with the project and carcass installation is realized. The carcasses with final control are shipped to the electrical department.<\/p>\n<p>\u00a0<\/p>\t\t\t\t\t\t\t\t<\/div>\n\t\t\t\t\t\t\t<\/div>\n\n\t\t\t\t\t\t\t<div class=\"timeline-col timeline-col-secondary\">\n\t\t\t\t\t\t\t\t<span class=\"timeline-arrow\"><\/span>\n\t\t\t\t\t\t\t\t\t\t\t\t\t\t\t\t\t<div class=\"wd-timeline-image\">\n\t\t\t\t\t\t\t\t\t\t<img decoding=\"async\" width=\"1600\" height=\"1018\" src=\"https:\/\/atceenerji.com\/wp-content\/uploads\/2024\/02\/mekanil-uretim.jpeg\" class=\"attachment-full size-full\" alt=\"\" srcset=\"https:\/\/atceenerji.com\/wp-content\/uploads\/2024\/02\/mekanil-uretim.jpeg 1600w, https:\/\/atceenerji.com\/wp-content\/uploads\/2024\/02\/mekanil-uretim-400x255.jpeg 400w, https:\/\/atceenerji.com\/wp-content\/uploads\/2024\/02\/mekanil-uretim-1257x800.jpeg 1257w, https:\/\/atceenerji.com\/wp-content\/uploads\/2024\/02\/mekanil-uretim-768x489.jpeg 768w, https:\/\/atceenerji.com\/wp-content\/uploads\/2024\/02\/mekanil-uretim-1536x977.jpeg 1536w, https:\/\/atceenerji.com\/wp-content\/uploads\/2024\/02\/mekanil-uretim-860x547.jpeg 860w, https:\/\/atceenerji.com\/wp-content\/uploads\/2024\/02\/mekanil-uretim-430x274.jpeg 430w, https:\/\/atceenerji.com\/wp-content\/uploads\/2024\/02\/mekanil-uretim-700x445.jpeg 700w, https:\/\/atceenerji.com\/wp-content\/uploads\/2024\/02\/mekanil-uretim-150x95.jpeg 150w\" sizes=\"(max-width: 1600px) 100vw, 1600px\" \/>\t\t\t\t\t\t\t\t\t<\/div>\n\t\t\t\t\t\t\t\t\n\t\t\t\t\t\t\t\t\n\t\t\t\t\t\t\t\t<div class=\"wd-timeline-content wd-set-mb reset-last-child\">\n\t\t\t\t\t\t\t\t\t\t\t\t\t\t\t\t\t<\/div>\n\t\t\t\t\t\t\t<\/div>\n\t\t\t\t\t\t<\/div>\n\t\t\t\t\t\t\t\t\t\t\t\t\t\t\t\t\t\t\t\t\t\t\t\t\t<div class=\"wd-timeline-breakpoint elementor-repeater-item-85d82fc\">\n\t\t\t\t\t\t\t<span class=\"woodmart-timeline-breakpoint-title\">\n\t\t\t\t\t\t\t\tELECTRICAL MONTAGE AND CABLING\t\t\t\t\t\t\t<\/span>\n\t\t\t\t\t\t<\/div>\n\t\t\t\t\t\t\t\t\t\t\t\t\t\t\t\t\t\t\t\t\t\t\t\t\t<div class=\"wd-timeline-item wd-item-position-left elementor-repeater-item-d06a9fb\">\n\t\t\t\t\t\t\t<div class=\"woodmart-timeline-dot\"><\/div>\n\n\t\t\t\t\t\t\t<div class=\"timeline-col timeline-col-primary\">\n\t\t\t\t\t\t\t\t<span class=\"timeline-arrow\"><\/span>\n\t\t\t\t\t\t\t\t\n\t\t\t\t\t\t\t\t\n\t\t\t\t\t\t\t\t<div class=\"wd-timeline-content wd-set-mb reset-last-child\">\n\t\t\t\t\t\t\t\t\t<h3 style=\"font-size: 28px;\">ELECTRICAL PRODUCTION<\/h3>\n<p style=\"font-weight: 300;\">In the electrical department, the installation of switchgear and consumables and cabling operations are carried out by our electrical technicians and technicians using the three-line and single-line diagrams prepared by our project unit through the e-plan program. \nFor the cabling process, the ferrule and luging processes of the cables are carried out in the ferrule machine, while the copper busbars are processed in the busbar processing machine and then tinned in the tin facility in our factory. \nAll the materials we use are selected from brands with quality certificates by obtaining the approval of our customers during the project design phase.<\/p>\n<p>\u00a0<\/p>\t\t\t\t\t\t\t\t<\/div>\n\t\t\t\t\t\t\t<\/div>\n\n\t\t\t\t\t\t\t<div class=\"timeline-col timeline-col-secondary\">\n\t\t\t\t\t\t\t\t<span class=\"timeline-arrow\"><\/span>\n\t\t\t\t\t\t\t\t\t\t\t\t\t\t\t\t\t<div class=\"wd-timeline-image\">\n\t\t\t\t\t\t\t\t\t\t<img decoding=\"async\" width=\"1600\" height=\"900\" src=\"https:\/\/atceenerji.com\/wp-content\/uploads\/2024\/02\/elektri-uretim.jpeg\" class=\"attachment-full size-full\" alt=\"\" srcset=\"https:\/\/atceenerji.com\/wp-content\/uploads\/2024\/02\/elektri-uretim.jpeg 1600w, https:\/\/atceenerji.com\/wp-content\/uploads\/2024\/02\/elektri-uretim-400x225.jpeg 400w, https:\/\/atceenerji.com\/wp-content\/uploads\/2024\/02\/elektri-uretim-1300x731.jpeg 1300w, https:\/\/atceenerji.com\/wp-content\/uploads\/2024\/02\/elektri-uretim-768x432.jpeg 768w, https:\/\/atceenerji.com\/wp-content\/uploads\/2024\/02\/elektri-uretim-1536x864.jpeg 1536w, https:\/\/atceenerji.com\/wp-content\/uploads\/2024\/02\/elektri-uretim-860x484.jpeg 860w, https:\/\/atceenerji.com\/wp-content\/uploads\/2024\/02\/elektri-uretim-430x242.jpeg 430w, https:\/\/atceenerji.com\/wp-content\/uploads\/2024\/02\/elektri-uretim-700x394.jpeg 700w, https:\/\/atceenerji.com\/wp-content\/uploads\/2024\/02\/elektri-uretim-150x84.jpeg 150w\" sizes=\"(max-width: 1600px) 100vw, 1600px\" \/>\t\t\t\t\t\t\t\t\t<\/div>\n\t\t\t\t\t\t\t\t\n\t\t\t\t\t\t\t\t\n\t\t\t\t\t\t\t\t<div class=\"wd-timeline-content wd-set-mb reset-last-child\">\n\t\t\t\t\t\t\t\t\t\t\t\t\t\t\t\t\t<\/div>\n\t\t\t\t\t\t\t<\/div>\n\t\t\t\t\t\t<\/div>\n\t\t\t\t\t\t\t\t\t\t\t\t\t\t\t\t\t\t\t\t\t\t\t\t\t<div class=\"wd-timeline-breakpoint elementor-repeater-item-be949da\">\n\t\t\t\t\t\t\t<span class=\"woodmart-timeline-breakpoint-title\">\n\t\t\t\t\t\t\t\tTESTING AND QUALITY CONTROL\t\t\t\t\t\t\t<\/span>\n\t\t\t\t\t\t<\/div>\n\t\t\t\t\t\t\t\t\t\t\t\t\t\t\t\t\t\t\t\t\t\t\t\t\t<div class=\"wd-timeline-item wd-item-position-right elementor-repeater-item-1c75539\">\n\t\t\t\t\t\t\t<div class=\"woodmart-timeline-dot\"><\/div>\n\n\t\t\t\t\t\t\t<div class=\"timeline-col timeline-col-primary\">\n\t\t\t\t\t\t\t\t<span class=\"timeline-arrow\"><\/span>\n\t\t\t\t\t\t\t\t\n\t\t\t\t\t\t\t\t\n\t\t\t\t\t\t\t\t<div class=\"wd-timeline-content wd-set-mb reset-last-child\">\n\t\t\t\t\t\t\t\t\t<h3 style=\"font-size: 28px;\">ELECTRICAL BOARD QUALITY CONTROL<\/h3>\n<p style=\"font-weight: 300;\">The board, whose electrical montage is completed, is tested by our electrical control engineer with calibrated electrical test equipment.\nMulti-stage tests consisting of routine verification tests, Insulation(Dielectric) test and function control tests in accordance with TS EN 61439-1-2 Standard are applied to all boards after each manufacturing. In line with the demands of our customers, all tests are repeated in the presence of an independent controller during factory acceptance.<\/p>\n<p>\u00a0<\/p>\t\t\t\t\t\t\t\t<\/div>\n\t\t\t\t\t\t\t<\/div>\n\n\t\t\t\t\t\t\t<div class=\"timeline-col timeline-col-secondary\">\n\t\t\t\t\t\t\t\t<span class=\"timeline-arrow\"><\/span>\n\t\t\t\t\t\t\t\t\t\t\t\t\t\t\t\t\t<div class=\"wd-timeline-image\">\n\t\t\t\t\t\t\t\t\t\t<img loading=\"lazy\" decoding=\"async\" width=\"1600\" height=\"773\" src=\"https:\/\/atceenerji.com\/wp-content\/uploads\/2024\/02\/test.jpeg\" class=\"attachment-full size-full\" alt=\"\" srcset=\"https:\/\/atceenerji.com\/wp-content\/uploads\/2024\/02\/test.jpeg 1600w, https:\/\/atceenerji.com\/wp-content\/uploads\/2024\/02\/test-400x193.jpeg 400w, https:\/\/atceenerji.com\/wp-content\/uploads\/2024\/02\/test-1300x628.jpeg 1300w, https:\/\/atceenerji.com\/wp-content\/uploads\/2024\/02\/test-768x371.jpeg 768w, https:\/\/atceenerji.com\/wp-content\/uploads\/2024\/02\/test-1536x742.jpeg 1536w, https:\/\/atceenerji.com\/wp-content\/uploads\/2024\/02\/test-860x415.jpeg 860w, https:\/\/atceenerji.com\/wp-content\/uploads\/2024\/02\/test-430x208.jpeg 430w, https:\/\/atceenerji.com\/wp-content\/uploads\/2024\/02\/test-700x338.jpeg 700w, https:\/\/atceenerji.com\/wp-content\/uploads\/2024\/02\/test-150x72.jpeg 150w\" sizes=\"(max-width: 1600px) 100vw, 1600px\" \/>\t\t\t\t\t\t\t\t\t<\/div>\n\t\t\t\t\t\t\t\t\n\t\t\t\t\t\t\t\t\n\t\t\t\t\t\t\t\t<div class=\"wd-timeline-content wd-set-mb reset-last-child\">\n\t\t\t\t\t\t\t\t\t\t\t\t\t\t\t\t\t<\/div>\n\t\t\t\t\t\t\t<\/div>\n\t\t\t\t\t\t<\/div>\n\t\t\t\t\t\t\t\t\t\t\t\t\t\t\t\t\t\t\t\t\t\t\t\t\t<div class=\"wd-timeline-breakpoint elementor-repeater-item-dabd9e8\">\n\t\t\t\t\t\t\t<span class=\"woodmart-timeline-breakpoint-title\">\n\t\t\t\t\t\t\t\tPACKAGING AND SHIPMENT\t\t\t\t\t\t\t<\/span>\n\t\t\t\t\t\t<\/div>\n\t\t\t\t\t\t\t\t\t\t\t\t\t\t\t\t\t\t\t\t\t\t\t\t\t<div class=\"wd-timeline-item wd-item-position-left elementor-repeater-item-cf38703\">\n\t\t\t\t\t\t\t<div class=\"woodmart-timeline-dot\"><\/div>\n\n\t\t\t\t\t\t\t<div class=\"timeline-col timeline-col-primary\">\n\t\t\t\t\t\t\t\t<span class=\"timeline-arrow\"><\/span>\n\t\t\t\t\t\t\t\t\n\t\t\t\t\t\t\t\t\n\t\t\t\t\t\t\t\t<div class=\"wd-timeline-content wd-set-mb reset-last-child\">\n\t\t\t\t\t\t\t\t\t<h3 style=\"font-size: 28px;\">ELECTRIC BOARD SHIPMENT<\/h3>\n<p style=\"font-weight: 300;\">Our logistics unit offers reliable, fast and economical transportation solutions to our customers before shipment. \nOur boards, whose testing processes are completed, are packaged and made ready for shipment in accordance with the procedure after passing the final control process before the package. \nOur boards are loaded safely and undamaged and all these processes are documented with photos and videos.\nIn addition, in order for our customers not to have any problems during the delivery of the boards, shipment instructions, relevant photos and videos are sent to our customers by e-mail.<\/p>\n<p>\u00a0<\/p>\t\t\t\t\t\t\t\t<\/div>\n\t\t\t\t\t\t\t<\/div>\n\n\t\t\t\t\t\t\t<div class=\"timeline-col timeline-col-secondary\">\n\t\t\t\t\t\t\t\t<span class=\"timeline-arrow\"><\/span>\n\t\t\t\t\t\t\t\t\t\t\t\t\t\t\t\t\t<div class=\"wd-timeline-image\">\n\t\t\t\t\t\t\t\t\t\t<img loading=\"lazy\" decoding=\"async\" width=\"1600\" height=\"937\" src=\"https:\/\/atceenerji.com\/wp-content\/uploads\/2024\/02\/sevkiyat.jpeg\" class=\"attachment-full size-full\" alt=\"\" srcset=\"https:\/\/atceenerji.com\/wp-content\/uploads\/2024\/02\/sevkiyat.jpeg 1600w, https:\/\/atceenerji.com\/wp-content\/uploads\/2024\/02\/sevkiyat-400x234.jpeg 400w, https:\/\/atceenerji.com\/wp-content\/uploads\/2024\/02\/sevkiyat-1300x761.jpeg 1300w, https:\/\/atceenerji.com\/wp-content\/uploads\/2024\/02\/sevkiyat-768x450.jpeg 768w, https:\/\/atceenerji.com\/wp-content\/uploads\/2024\/02\/sevkiyat-1536x900.jpeg 1536w, https:\/\/atceenerji.com\/wp-content\/uploads\/2024\/02\/sevkiyat-860x504.jpeg 860w, https:\/\/atceenerji.com\/wp-content\/uploads\/2024\/02\/sevkiyat-430x252.jpeg 430w, https:\/\/atceenerji.com\/wp-content\/uploads\/2024\/02\/sevkiyat-700x410.jpeg 700w, https:\/\/atceenerji.com\/wp-content\/uploads\/2024\/02\/sevkiyat-150x88.jpeg 150w\" sizes=\"(max-width: 1600px) 100vw, 1600px\" \/>\t\t\t\t\t\t\t\t\t<\/div>\n\t\t\t\t\t\t\t\t\n\t\t\t\t\t\t\t\t\n\t\t\t\t\t\t\t\t<div class=\"wd-timeline-content wd-set-mb reset-last-child\">\n\t\t\t\t\t\t\t\t\t\t\t\t\t\t\t\t\t<\/div>\n\t\t\t\t\t\t\t<\/div>\n\t\t\t\t\t\t<\/div>\n\t\t\t\t\t\t\t\t\t\t\t\t<\/div>\n\t\t<\/div>\n\t\t\t\t\t\t<\/div>\n\t\t\t\t<\/div>\n\t\t\t\t\t<\/div>\n\t\t<\/div>\n\t\t\t\t\t<\/div>\n\t\t<\/section>\n\t\t\t\t<\/div>","protected":false},"excerpt":{"rendered":"<p>ELEKTR\u0130K PANOLARI \u00dcRET\u0130M\u0130 \u00dcretim s\u00fcreci PLANLAMA VE TASARIM ELEKTR\u0130K PANOSU TASARIMI ATCE Enerji Pano ve Tablolar\u0131, teklif a\u015famas\u0131nda alan\u0131nda uzman<\/p>","protected":false},"author":1,"featured_media":0,"parent":0,"menu_order":0,"comment_status":"closed","ping_status":"closed","template":"","meta":{"footnotes":""},"class_list":["post-45","page","type-page","status-publish","hentry"],"aioseo_notices":[],"_links":{"self":[{"href":"https:\/\/atceenerji.com\/en\/wp-json\/wp\/v2\/pages\/45","targetHints":{"allow":["GET"]}}],"collection":[{"href":"https:\/\/atceenerji.com\/en\/wp-json\/wp\/v2\/pages"}],"about":[{"href":"https:\/\/atceenerji.com\/en\/wp-json\/wp\/v2\/types\/page"}],"author":[{"embeddable":true,"href":"https:\/\/atceenerji.com\/en\/wp-json\/wp\/v2\/users\/1"}],"replies":[{"embeddable":true,"href":"https:\/\/atceenerji.com\/en\/wp-json\/wp\/v2\/comments?post=45"}],"version-history":[{"count":0,"href":"https:\/\/atceenerji.com\/en\/wp-json\/wp\/v2\/pages\/45\/revisions"}],"wp:attachment":[{"href":"https:\/\/atceenerji.com\/en\/wp-json\/wp\/v2\/media?parent=45"}],"curies":[{"name":"wp","href":"https:\/\/api.w.org\/{rel}","templated":true}]}}