{"id":38,"date":"2021-08-26T12:19:34","date_gmt":"2021-08-26T12:19:34","guid":{"rendered":"http:\/\/dummy.xtemos.com\/woodmart2\/elementor\/?page_id=38"},"modified":"2025-01-09T22:35:56","modified_gmt":"2025-01-09T19:35:56","slug":"haberler","status":"publish","type":"page","link":"https:\/\/atceenerji.com\/en\/news\/","title":{"rendered":"News"},"content":{"rendered":"<div data-elementor-type=\"wp-page\" data-elementor-id=\"38\" class=\"elementor elementor-38\" data-elementor-post-type=\"page\">\n\t\t\t\t<div class=\"elementor-element elementor-element-7e6f2c4 e-flex e-con-boxed e-con e-parent\" data-id=\"7e6f2c4\" data-element_type=\"container\">\n\t\t\t\t\t<div class=\"e-con-inner\">\n\t\t<div class=\"elementor-element elementor-element-1178457 e-con-full e-flex e-con e-child\" data-id=\"1178457\" data-element_type=\"container\">\n\t\t\t\t<div class=\"elementor-element elementor-element-800b74e wd-width-100 elementor-widget elementor-widget-wd_blog\" data-id=\"800b74e\" data-element_type=\"widget\" data-widget_type=\"wd_blog.default\">\n\t\t\t\t<div class=\"elementor-widget-container\">\n\t\t\t\t\t\t\t\t\t\t\t\t<div class=\"wd-blog-element\">\n\t\t\t\t\t\t\t\t\t\t\t\n\t\t\t\t\t<div class=\"wd-posts wd-blog-holder wd-grid-g\" id=\"69f4827102fee\" data-paged=\"1\" data-atts=\"{&quot;post_type&quot;:&quot;post&quot;,&quot;items_per_page&quot;:6,&quot;include&quot;:null,&quot;taxonomies&quot;:[&quot;17&quot;,&quot;1&quot;,&quot;16&quot;,&quot;18&quot;],&quot;offset&quot;:&quot;&quot;,&quot;orderby&quot;:&quot;&quot;,&quot;order&quot;:&quot;DESC&quot;,&quot;meta_key&quot;:null,&quot;exclude&quot;:&quot;&quot;,&quot;element_title&quot;:&quot;&quot;,&quot;element_title_tag&quot;:&quot;h4&quot;,&quot;parts_media&quot;:true,&quot;parts_title&quot;:&quot;1&quot;,&quot;parts_meta&quot;:&quot;&quot;,&quot;parts_text&quot;:&quot;1&quot;,&quot;parts_btn&quot;:&quot;&quot;,&quot;parts_published_date&quot;:&quot;1&quot;,&quot;img_size&quot;:&quot;full&quot;,&quot;blog_design&quot;:&quot;meta-image&quot;,&quot;blog_carousel_design&quot;:null,&quot;blog_masonry&quot;:null,&quot;blog_columns&quot;:{&quot;unit&quot;:&quot;px&quot;,&quot;size&quot;:2,&quot;sizes&quot;:[]},&quot;blog_columns_tablet&quot;:{&quot;size&quot;:&quot;&quot;},&quot;blog_columns_mobile&quot;:{&quot;size&quot;:&quot;&quot;},&quot;blog_spacing&quot;:&quot;20&quot;,&quot;blog_spacing_tablet&quot;:&quot;&quot;,&quot;blog_spacing_mobile&quot;:&quot;&quot;,&quot;pagination&quot;:&quot;infinit&quot;,&quot;speed&quot;:null,&quot;slides_per_view&quot;:null,&quot;slides_per_view_tablet&quot;:{&quot;size&quot;:&quot;&quot;},&quot;slides_per_view_mobile&quot;:{&quot;size&quot;:&quot;&quot;},&quot;wrap&quot;:null,&quot;autoplay&quot;:null,&quot;hide_pagination_control&quot;:null,&quot;hide_prev_next_buttons&quot;:null,&quot;scroll_per_page&quot;:null,&quot;lazy_loading&quot;:&quot;yes&quot;,&quot;scroll_carousel_init&quot;:null,&quot;ajax_page&quot;:&quot;&quot;,&quot;custom_sizes&quot;:false,&quot;elementor&quot;:true}\" data-source=\"shortcode\" style=\"--wd-col-lg:2;--wd-col-md:2;--wd-col-sm:1;--wd-gap-lg:20px;--wd-gap-sm:10px;\">\n\t\t\t\n\t\t\t\t\t\t\t\t\t\t\t\t\t\t\n<article id=\"post-27507\" class=\"wd-post blog-design-meta-image blog-post-loop blog-style-flat wd-col post-27507 post type-post status-publish format-standard has-post-thumbnail hentry category-basin\">\n\t\n\t<div class=\"wd-post-thumb color-scheme-light\">\n\t\t\t\t\t<div class=\"wd-post-img\">\n\t\t\t\t<img fetchpriority=\"high\" decoding=\"async\" width=\"1172\" height=\"678\" src=\"https:\/\/atceenerji.com\/wp-content\/uploads\/2026\/03\/HANNOVER-FUAR-DAVETIYE-web-icin.png\" class=\"attachment-full size-full\" alt=\"\" srcset=\"https:\/\/atceenerji.com\/wp-content\/uploads\/2026\/03\/HANNOVER-FUAR-DAVETIYE-web-icin.png 1172w, https:\/\/atceenerji.com\/wp-content\/uploads\/2026\/03\/HANNOVER-FUAR-DAVETIYE-web-icin-400x231.png 400w, https:\/\/atceenerji.com\/wp-content\/uploads\/2026\/03\/HANNOVER-FUAR-DAVETIYE-web-icin-768x444.png 768w, https:\/\/atceenerji.com\/wp-content\/uploads\/2026\/03\/HANNOVER-FUAR-DAVETIYE-web-icin-18x10.png 18w, https:\/\/atceenerji.com\/wp-content\/uploads\/2026\/03\/HANNOVER-FUAR-DAVETIYE-web-icin-430x249.png 430w, https:\/\/atceenerji.com\/wp-content\/uploads\/2026\/03\/HANNOVER-FUAR-DAVETIYE-web-icin-700x405.png 700w, https:\/\/atceenerji.com\/wp-content\/uploads\/2026\/03\/HANNOVER-FUAR-DAVETIYE-web-icin-150x87.png 150w\" sizes=\"(max-width: 1172px) 100vw, 1172px\" \/>\t\t\t<\/div>\n\t\t\n\t\t\t\t<a class=\"wd-post-link wd-fill\" href=\"https:\/\/atceenerji.com\/en\/hannover-messede-yerimizi-aliyoruz\/\" rel=\"bookmark\" aria-label=\"Link on post Hannover Messe\u2019de yerimizi al\u0131yoruz.\"><\/a>\n\n\t\t\t<\/div>\n\n\t<div class=\"wd-post-content\">\n\t\t<div class=\"wd-post-meta wd-post-entry-meta\">\n\t\t\t\n\t\t\t\n\t\t\t\t\t\t\t<div class=\"wd-post-date wd-style-default\">\n\t\t\t\t\t<time class=\"published\" datetime=\"2026-03-25T15:45:15+03:00\">\n\t\t\t\t\t\t25 Mar 2026\t\t\t\t\t<\/time>\n\t\t\t\t<\/div>\n\n\t\t\t\t<div class=\"wd-modified-date\">\n\t\t\t\t\t\t\t<time class=\"updated\" datetime=\"2026-03-25T15:45:15+03:00\">\n\t\t\t25 March 2026\t\t<\/time>\n\t\t\t\t\t\t<\/div>\n\t\t\t\t\t<\/div>\n\n\t\t\t\t\t<h3 class=\"wd-post-title wd-entities-title title post-title\">\n\t\t\t\t<a href=\"https:\/\/atceenerji.com\/en\/hannover-messede-yerimizi-aliyoruz\/\" rel=\"bookmark\">\n\t\t\t\t\tHannover Messe\u2019de yerimizi al\u0131yoruz.\t\t\t\t<\/a>\n\t\t\t<\/h3>\n\t\t\n\t\t\t\t\t<div class=\"wd-post-excerpt\">\n\t\t\t\t\t\t\t\t\tATCE Enerji olarak, 20\u201324 Nisan 2026 tarihlerinde Almanya\u2019n\u0131n Hannover \u015fehrinde d\u00fczenlenecek Hannover Messe\u2019de yerimizi al\u0131yoruz.\r\n\r\nSa...\t\t\t\t\t\t\t<\/div>\n\t\t\n\t\t\t<\/div>\n\n\t<\/article>\n\t\t\t\t\t\t\t\t\t\t\t\t\t\t\n<article id=\"post-27250\" class=\"wd-post blog-design-meta-image blog-post-loop blog-style-flat wd-col post-27250 post type-post status-publish format-standard has-post-thumbnail hentry category-basin\">\n\t\n\t<div class=\"wd-post-thumb color-scheme-light\">\n\t\t\t\t\t<div class=\"wd-post-img\">\n\t\t\t\t<img decoding=\"async\" width=\"586\" height=\"391\" src=\"https:\/\/atceenerji.com\/wp-content\/uploads\/2025\/09\/7-e1758691977445.jpg\" class=\"attachment-full size-full\" alt=\"\" \/>\t\t\t<\/div>\n\t\t\n\t\t\t\t<a class=\"wd-post-link wd-fill\" href=\"https:\/\/atceenerji.com\/en\/cevre-sehircilik-ve-iklim-degisikligi-bakanligi-elazig-il-mudurlugu-teknik-ekibini-fabrikamizda-agirladik\/\" rel=\"bookmark\" aria-label=\"Link on post \u00c7evre, \u015eehircilik ve \u0130klim De\u011fi\u015fikli\u011fi Bakanl\u0131\u011f\u0131 Elaz\u0131\u011f \u0130l M\u00fcd\u00fcrl\u00fc\u011f\u00fc teknik ekibini fabrikam\u0131zda a\u011f\u0131rlad\u0131k.\"><\/a>\n\n\t\t\t<\/div>\n\n\t<div class=\"wd-post-content\">\n\t\t<div class=\"wd-post-meta wd-post-entry-meta\">\n\t\t\t\n\t\t\t\n\t\t\t\t\t\t\t<div class=\"wd-post-date wd-style-default\">\n\t\t\t\t\t<time class=\"published\" datetime=\"2025-09-24T08:33:15+03:00\">\n\t\t\t\t\t\t24 Sep 2025\t\t\t\t\t<\/time>\n\t\t\t\t<\/div>\n\n\t\t\t\t<div class=\"wd-modified-date\">\n\t\t\t\t\t\t\t<time class=\"updated\" datetime=\"2025-09-24T08:35:00+03:00\">\n\t\t\t24 September 2025\t\t<\/time>\n\t\t\t\t\t\t<\/div>\n\t\t\t\t\t<\/div>\n\n\t\t\t\t\t<h3 class=\"wd-post-title wd-entities-title title post-title\">\n\t\t\t\t<a href=\"https:\/\/atceenerji.com\/en\/cevre-sehircilik-ve-iklim-degisikligi-bakanligi-elazig-il-mudurlugu-teknik-ekibini-fabrikamizda-agirladik\/\" rel=\"bookmark\">\n\t\t\t\t\t\u00c7evre, \u015eehircilik ve \u0130klim De\u011fi\u015fikli\u011fi Bakanl\u0131\u011f\u0131 Elaz\u0131\u011f \u0130l M\u00fcd\u00fcrl\u00fc\u011f\u00fc teknik ekibini fabrikam\u0131zda a\u011f\u0131rlad\u0131k.\t\t\t\t<\/a>\n\t\t\t<\/h3>\n\t\t\n\t\t\t\t\t<div class=\"wd-post-excerpt\">\n\t\t\t\t\t\t\t\t\t\u0130l M\u00fcd\u00fcr\u00fc Sn. Fatih \u00d6nalan, Yap\u0131m \u0130\u015fleri M\u00fcd\u00fcr\u00fc Sn. Yunus Orta\u00e7 ve beraberlerindeki teknik heyete ziyaretleri i\u00e7in te\u015fekk\u00fcr ederiz.\r\n\r\n...\t\t\t\t\t\t\t<\/div>\n\t\t\n\t\t\t<\/div>\n\n\t<\/article>\n\t\t\t\t\t\t\t\t\t\t\t\t\t\t\n<article id=\"post-27247\" class=\"wd-post blog-design-meta-image blog-post-loop blog-style-flat wd-col post-27247 post type-post status-publish format-standard has-post-thumbnail hentry category-basin\">\n\t\n\t<div class=\"wd-post-thumb color-scheme-light\">\n\t\t\t\t\t<div class=\"wd-post-img\">\n\t\t\t\t<img decoding=\"async\" width=\"586\" height=\"339\" src=\"https:\/\/atceenerji.com\/wp-content\/uploads\/2025\/09\/MARKA-TESCIL.png\" class=\"attachment-full size-full\" alt=\"\" srcset=\"https:\/\/atceenerji.com\/wp-content\/uploads\/2025\/09\/MARKA-TESCIL.png 586w, https:\/\/atceenerji.com\/wp-content\/uploads\/2025\/09\/MARKA-TESCIL-400x231.png 400w, https:\/\/atceenerji.com\/wp-content\/uploads\/2025\/09\/MARKA-TESCIL-18x10.png 18w, https:\/\/atceenerji.com\/wp-content\/uploads\/2025\/09\/MARKA-TESCIL-430x249.png 430w, https:\/\/atceenerji.com\/wp-content\/uploads\/2025\/09\/MARKA-TESCIL-150x87.png 150w\" sizes=\"(max-width: 586px) 100vw, 586px\" \/>\t\t\t<\/div>\n\t\t\n\t\t\t\t<a class=\"wd-post-link wd-fill\" href=\"https:\/\/atceenerji.com\/en\/atce-enerjinin-avrupa-birligi-marka-tescili-onaylandi\/\" rel=\"bookmark\" aria-label=\"Link on post ATCE Enerji\u2019nin Avrupa Birli\u011fi Marka Tescili Onayland\u0131!\"><\/a>\n\n\t\t\t<\/div>\n\n\t<div class=\"wd-post-content\">\n\t\t<div class=\"wd-post-meta wd-post-entry-meta\">\n\t\t\t\n\t\t\t\n\t\t\t\t\t\t\t<div class=\"wd-post-date wd-style-default\">\n\t\t\t\t\t<time class=\"published\" datetime=\"2025-09-24T08:15:00+03:00\">\n\t\t\t\t\t\t24 Sep 2025\t\t\t\t\t<\/time>\n\t\t\t\t<\/div>\n\n\t\t\t\t<div class=\"wd-modified-date\">\n\t\t\t\t\t\t\t<time class=\"updated\" datetime=\"2025-09-24T08:15:00+03:00\">\n\t\t\t24 September 2025\t\t<\/time>\n\t\t\t\t\t\t<\/div>\n\t\t\t\t\t<\/div>\n\n\t\t\t\t\t<h3 class=\"wd-post-title wd-entities-title title post-title\">\n\t\t\t\t<a href=\"https:\/\/atceenerji.com\/en\/atce-enerjinin-avrupa-birligi-marka-tescili-onaylandi\/\" rel=\"bookmark\">\n\t\t\t\t\tATCE Enerji\u2019nin Avrupa Birli\u011fi Marka Tescili Onayland\u0131!\t\t\t\t<\/a>\n\t\t\t<\/h3>\n\t\t\n\t\t\t\t\t<div class=\"wd-post-excerpt\">\n\t\t\t\t\t\t\t\t\tATCE ENERJ\u0130 markam\u0131z, EUIPO taraf\u0131ndan Avrupa Birli\u011fi genelinde tescil edilerek yasal koruma alt\u0131na al\u0131nm\u0131\u015ft\u0131r.\r\n\r\nBu geli\u015fme, uluslara...\t\t\t\t\t\t\t<\/div>\n\t\t\n\t\t\t<\/div>\n\n\t<\/article>\n\t\t\t\t\t\t\t\t\t\t\t\t\t\t\n<article id=\"post-27242\" class=\"wd-post blog-design-meta-image blog-post-loop blog-style-flat wd-col post-27242 post type-post status-publish format-standard has-post-thumbnail hentry category-basin\">\n\t\n\t<div class=\"wd-post-thumb color-scheme-light\">\n\t\t\t\t\t<div class=\"wd-post-img\">\n\t\t\t\t<img loading=\"lazy\" decoding=\"async\" width=\"586\" height=\"339\" src=\"https:\/\/atceenerji.com\/wp-content\/uploads\/2025\/09\/Basliksiz-1.jpg\" class=\"attachment-full size-full\" alt=\"\" srcset=\"https:\/\/atceenerji.com\/wp-content\/uploads\/2025\/09\/Basliksiz-1.jpg 586w, https:\/\/atceenerji.com\/wp-content\/uploads\/2025\/09\/Basliksiz-1-400x231.jpg 400w, https:\/\/atceenerji.com\/wp-content\/uploads\/2025\/09\/Basliksiz-1-18x10.jpg 18w, https:\/\/atceenerji.com\/wp-content\/uploads\/2025\/09\/Basliksiz-1-430x249.jpg 430w, https:\/\/atceenerji.com\/wp-content\/uploads\/2025\/09\/Basliksiz-1-150x87.jpg 150w\" sizes=\"(max-width: 586px) 100vw, 586px\" \/>\t\t\t<\/div>\n\t\t\n\t\t\t\t<a class=\"wd-post-link wd-fill\" href=\"https:\/\/atceenerji.com\/en\/%e2%9a%a1-inonu-universitesi-turgut-ozal-tip-merkezinde-yuksek-gerilim-tesisati-modernizasyonu-ve-scada-kurulumu-yapim-isini-ustlenmis-bulunuyoruz\/\" rel=\"bookmark\" aria-label=\"Link on post \u26a1 \u0130n\u00f6n\u00fc \u00dcniversitesi Turgut \u00d6zal T\u0131p Merkezi\u2019nde y\u00fcksek gerilim tesisat\u0131 modernizasyonu ve SCADA kurulumu yap\u0131m i\u015fini \u00fcstlenmi\u015f bulunuyoruz.\"><\/a>\n\n\t\t\t<\/div>\n\n\t<div class=\"wd-post-content\">\n\t\t<div class=\"wd-post-meta wd-post-entry-meta\">\n\t\t\t\n\t\t\t\n\t\t\t\t\t\t\t<div class=\"wd-post-date wd-style-default\">\n\t\t\t\t\t<time class=\"published\" datetime=\"2025-09-23T16:24:18+03:00\">\n\t\t\t\t\t\t23 Sep 2025\t\t\t\t\t<\/time>\n\t\t\t\t<\/div>\n\n\t\t\t\t<div class=\"wd-modified-date\">\n\t\t\t\t\t\t\t<time class=\"updated\" datetime=\"2025-09-23T16:34:01+03:00\">\n\t\t\t23 September 2025\t\t<\/time>\n\t\t\t\t\t\t<\/div>\n\t\t\t\t\t<\/div>\n\n\t\t\t\t\t<h3 class=\"wd-post-title wd-entities-title title post-title\">\n\t\t\t\t<a href=\"https:\/\/atceenerji.com\/en\/%e2%9a%a1-inonu-universitesi-turgut-ozal-tip-merkezinde-yuksek-gerilim-tesisati-modernizasyonu-ve-scada-kurulumu-yapim-isini-ustlenmis-bulunuyoruz\/\" rel=\"bookmark\">\n\t\t\t\t\t\u26a1 \u0130n\u00f6n\u00fc \u00dcniversitesi Turgut \u00d6zal T\u0131p Merkezi\u2019nde y\u00fcksek gerilim tesisat\u0131 modernizasyonu ve SCADA kurulumu yap\u0131m i\u015fini \u00fcstlenmi\u015f bulunuyoruz.\t\t\t\t<\/a>\n\t\t\t<\/h3>\n\t\t\n\t\t\t\t\t<div class=\"wd-post-excerpt\">\n\t\t\t\t\t\t\t\t\tATCE Enerji olarak;\r\n\u2022 Y\u00fcksek gerilim altyap\u0131s\u0131nda g\u00fcvenli, kesintisiz ve modern \u00e7\u00f6z\u00fcmler,\r\n\u2022 SCADA sistemiyle ak\u0131ll\u0131, merkezi ve dijit...\t\t\t\t\t\t\t<\/div>\n\t\t\n\t\t\t<\/div>\n\n\t<\/article>\n\t\t\t\t\t\t\t\t\t\t\t\t\t\t\n<article id=\"post-27056\" class=\"wd-post blog-design-meta-image blog-post-loop blog-style-flat wd-col post-27056 post type-post status-publish format-standard has-post-thumbnail hentry category-genel\">\n\t\n\t<div class=\"wd-post-thumb color-scheme-light\">\n\t\t\t\t\t<div class=\"wd-post-img\">\n\t\t\t\t<img loading=\"lazy\" decoding=\"async\" width=\"586\" height=\"339\" src=\"https:\/\/atceenerji.com\/wp-content\/uploads\/2025\/06\/atce-federal-elektrik-bulusmasi.jpg\" class=\"attachment-full size-full\" alt=\"\" srcset=\"https:\/\/atceenerji.com\/wp-content\/uploads\/2025\/06\/atce-federal-elektrik-bulusmasi.jpg 586w, https:\/\/atceenerji.com\/wp-content\/uploads\/2025\/06\/atce-federal-elektrik-bulusmasi-400x231.jpg 400w, https:\/\/atceenerji.com\/wp-content\/uploads\/2025\/06\/atce-federal-elektrik-bulusmasi-18x10.jpg 18w, https:\/\/atceenerji.com\/wp-content\/uploads\/2025\/06\/atce-federal-elektrik-bulusmasi-430x249.jpg 430w, https:\/\/atceenerji.com\/wp-content\/uploads\/2025\/06\/atce-federal-elektrik-bulusmasi-150x87.jpg 150w\" sizes=\"(max-width: 586px) 100vw, 586px\" \/>\t\t\t<\/div>\n\t\t\n\t\t\t\t<a class=\"wd-post-link wd-fill\" href=\"https:\/\/atceenerji.com\/en\/federal-elektrik-ile-teknik-egitim-bulusmasi\/\" rel=\"bookmark\" aria-label=\"Link on post Federal Elektrik ile Teknik E\u011fitim Bulu\u015fmas\u0131\"><\/a>\n\n\t\t\t<\/div>\n\n\t<div class=\"wd-post-content\">\n\t\t<div class=\"wd-post-meta wd-post-entry-meta\">\n\t\t\t\n\t\t\t\n\t\t\t\t\t\t\t<div class=\"wd-post-date wd-style-default\">\n\t\t\t\t\t<time class=\"published\" datetime=\"2025-06-25T17:34:08+03:00\">\n\t\t\t\t\t\t25 Jun 2025\t\t\t\t\t<\/time>\n\t\t\t\t<\/div>\n\n\t\t\t\t<div class=\"wd-modified-date\">\n\t\t\t\t\t\t\t<time class=\"updated\" datetime=\"2025-06-25T17:34:08+03:00\">\n\t\t\t25 June 2025\t\t<\/time>\n\t\t\t\t\t\t<\/div>\n\t\t\t\t\t<\/div>\n\n\t\t\t\t\t<h3 class=\"wd-post-title wd-entities-title title post-title\">\n\t\t\t\t<a href=\"https:\/\/atceenerji.com\/en\/federal-elektrik-ile-teknik-egitim-bulusmasi\/\" rel=\"bookmark\">\n\t\t\t\t\tFederal Elektrik ile Teknik E\u011fitim Bulu\u015fmas\u0131\t\t\t\t<\/a>\n\t\t\t<\/h3>\n\t\t\n\t\t\t\t\t<div class=\"wd-post-excerpt\">\n\t\t\t\t\t\t\t\t\tATCE Enerji olarak, teknik bilgi birikimimizi art\u0131rmak ve proje ekibimizi daha da donan\u0131ml\u0131 hale getirmek i\u00e7in sekt\u00f6r\u00fcn \u00f6nde gelen firm...\t\t\t\t\t\t\t<\/div>\n\t\t\n\t\t\t<\/div>\n\n\t<\/article>\n\t\t\t\t\t\t\t\t\t\t\t\t\t\t\n<article id=\"post-27053\" class=\"wd-post blog-design-meta-image blog-post-loop blog-style-flat wd-col post-27053 post type-post status-publish format-standard has-post-thumbnail hentry category-genel\">\n\t\n\t<div class=\"wd-post-thumb color-scheme-light\">\n\t\t\t\t\t<div class=\"wd-post-img\">\n\t\t\t\t<img loading=\"lazy\" decoding=\"async\" width=\"586\" height=\"339\" src=\"https:\/\/atceenerji.com\/wp-content\/uploads\/2025\/06\/atce-siemens-teknik-egitim.jpg\" class=\"attachment-full size-full\" alt=\"\" srcset=\"https:\/\/atceenerji.com\/wp-content\/uploads\/2025\/06\/atce-siemens-teknik-egitim.jpg 586w, https:\/\/atceenerji.com\/wp-content\/uploads\/2025\/06\/atce-siemens-teknik-egitim-400x231.jpg 400w, https:\/\/atceenerji.com\/wp-content\/uploads\/2025\/06\/atce-siemens-teknik-egitim-18x10.jpg 18w, https:\/\/atceenerji.com\/wp-content\/uploads\/2025\/06\/atce-siemens-teknik-egitim-430x249.jpg 430w, https:\/\/atceenerji.com\/wp-content\/uploads\/2025\/06\/atce-siemens-teknik-egitim-150x87.jpg 150w\" sizes=\"(max-width: 586px) 100vw, 586px\" \/>\t\t\t<\/div>\n\t\t\n\t\t\t\t<a class=\"wd-post-link wd-fill\" href=\"https:\/\/atceenerji.com\/en\/siemens-ile-teknik-egitim-bulusmasi\/\" rel=\"bookmark\" aria-label=\"Link on post SIEMENS ile Teknik E\u011fitim Bulu\u015fmas\u0131\"><\/a>\n\n\t\t\t<\/div>\n\n\t<div class=\"wd-post-content\">\n\t\t<div class=\"wd-post-meta wd-post-entry-meta\">\n\t\t\t\n\t\t\t\n\t\t\t\t\t\t\t<div class=\"wd-post-date wd-style-default\">\n\t\t\t\t\t<time class=\"published\" datetime=\"2025-06-25T17:31:33+03:00\">\n\t\t\t\t\t\t25 Jun 2025\t\t\t\t\t<\/time>\n\t\t\t\t<\/div>\n\n\t\t\t\t<div class=\"wd-modified-date\">\n\t\t\t\t\t\t\t<time class=\"updated\" datetime=\"2025-06-25T17:31:33+03:00\">\n\t\t\t25 June 2025\t\t<\/time>\n\t\t\t\t\t\t<\/div>\n\t\t\t\t\t<\/div>\n\n\t\t\t\t\t<h3 class=\"wd-post-title wd-entities-title title post-title\">\n\t\t\t\t<a href=\"https:\/\/atceenerji.com\/en\/siemens-ile-teknik-egitim-bulusmasi\/\" rel=\"bookmark\">\n\t\t\t\t\tSIEMENS ile Teknik E\u011fitim Bulu\u015fmas\u0131\t\t\t\t<\/a>\n\t\t\t<\/h3>\n\t\t\n\t\t\t\t\t<div class=\"wd-post-excerpt\">\n\t\t\t\t\t\t\t\t\tSiemens B\u00f6lge Sorumlusu Say\u0131n Hakan Salman\u2019a,\r\n\u015falt malzeme se\u00e7imi \u00fczerine ger\u00e7ekle\u015ftirdi\u011fi kapsaml\u0131 ve de\u011ferli e\u011fitim i\u00e7in te\u015fekk\u00fcr ed...\t\t\t\t\t\t\t<\/div>\n\t\t\n\t\t\t<\/div>\n\n\t<\/article>\n\t\t\t\t\n\t\t\t\t\t\t\t\t<\/div>\n\t\t\t\n\t\t\t\t\t\t\t<div class=\"wd-loop-footer blog-footer\">\n\t\t\t\t\t\t\t\t\t\t\t\t\t\t\t\t\t\t\t\t\t\t\t\t\t\t\t\t\t\t\t\t\t\t\t\t\t\t\t\t\t\t\t\t\t\t\t\t<a href=\"#\" data-holder-id=\"69f4827102fee\" rel=\"nofollow noopener\" class=\"btn wd-load-more wd-blog-load-more load-on-scroll\"><span class=\"load-more-label\">Load more posts<\/span><\/a>\n\t\t\t\t\t\t<div class=\"btn wd-load-more wd-load-more-loader\"><span class=\"load-more-loading\">Loading...<\/span><\/div>\n\t\t\t\t\t\t\t\t\t<\/div>\n\t\t\t\t\t\t\t\t\t\t<\/div>\n\t\t\t\t\t\t\t\t\t\t<\/div>\n\t\t\t\t<\/div>\n\t\t\t\t<\/div>\n\t\t\t\t\t<\/div>\n\t\t\t\t<\/div>\n\t\t\t\t<\/div>","protected":false},"excerpt":{"rendered":"<p>13 Mart 2024 26 A\u011fu 2021 \u0130hracat Hamlemiz Ba\u015far\u0131ya Ula\u015ft\u0131 Yurt d\u0131\u015f\u0131 taahh\u00fct projeleri ve \u0130hracat Hamlemizle Avrupa&#8217;da s\u00fcre\u00e7lerini ba\u015flatt\u0131\u011f\u0131m\u0131z<\/p>","protected":false},"author":1,"featured_media":0,"parent":0,"menu_order":0,"comment_status":"closed","ping_status":"closed","template":"elementor_header_footer","meta":{"footnotes":""},"class_list":["post-38","page","type-page","status-publish","hentry"],"aioseo_notices":[],"_links":{"self":[{"href":"https:\/\/atceenerji.com\/en\/wp-json\/wp\/v2\/pages\/38","targetHints":{"allow":["GET"]}}],"collection":[{"href":"https:\/\/atceenerji.com\/en\/wp-json\/wp\/v2\/pages"}],"about":[{"href":"https:\/\/atceenerji.com\/en\/wp-json\/wp\/v2\/types\/page"}],"author":[{"embeddable":true,"href":"https:\/\/atceenerji.com\/en\/wp-json\/wp\/v2\/users\/1"}],"replies":[{"embeddable":true,"href":"https:\/\/atceenerji.com\/en\/wp-json\/wp\/v2\/comments?post=38"}],"version-history":[{"count":30,"href":"https:\/\/atceenerji.com\/en\/wp-json\/wp\/v2\/pages\/38\/revisions"}],"predecessor-version":[{"id":27045,"href":"https:\/\/atceenerji.com\/en\/wp-json\/wp\/v2\/pages\/38\/revisions\/27045"}],"wp:attachment":[{"href":"https:\/\/atceenerji.com\/en\/wp-json\/wp\/v2\/media?parent=38"}],"curies":[{"name":"wp","href":"https:\/\/api.w.org\/{rel}","templated":true}]}}