{"id":27495,"date":"2026-03-25T15:15:51","date_gmt":"2026-03-25T12:15:51","guid":{"rendered":"https:\/\/atceenerji.com\/?page_id=27495"},"modified":"2026-03-25T15:29:11","modified_gmt":"2026-03-25T12:29:11","slug":"tanitim-filmi","status":"publish","type":"page","link":"https:\/\/atceenerji.com\/en\/tanitim-filmi\/","title":{"rendered":"Catalogs"},"content":{"rendered":"<div data-elementor-type=\"wp-page\" data-elementor-id=\"27495\" class=\"elementor elementor-27495\" data-elementor-post-type=\"page\">\n\t\t\t\t<div class=\"wd-negative-gap elementor-element elementor-element-4f8a8bd1 e-flex e-con-boxed e-con e-parent\" data-id=\"4f8a8bd1\" data-element_type=\"container\">\n\t\t\t\t\t<div class=\"e-con-inner\">\n\t\t<div class=\"elementor-element elementor-element-13fbc7c0 e-con-full e-flex e-con e-child\" data-id=\"13fbc7c0\" data-element_type=\"container\">\n\t\t\t\t<div class=\"elementor-element elementor-element-43ac9e10 wd-width-100 elementor-widget elementor-widget-wd_title\" data-id=\"43ac9e10\" data-element_type=\"widget\" data-widget_type=\"wd_title.default\">\n\t\t\t\t<div class=\"elementor-widget-container\">\n\t\t\t\t\t\t\t<div class=\"title-wrapper wd-set-mb reset-last-child wd-title-color-default wd-title-style-default wd-title-size-default text-center\">\n\n\t\t\t\n\t\t\t<div class=\"liner-continer\">\n\t\t\t\t<h4 class=\"woodmart-title-container title wd-fontsize-l\">Tan\u0131t\u0131m Filmi<\/h4> \n\t\t\t\t\t\t\t<\/div>\n\n\t\t\t\t\t<\/div>\n\t\t\t\t\t\t<\/div>\n\t\t\t\t<\/div>\n\t\t\t\t<\/div>\n\t\t<div class=\"elementor-element elementor-element-53b1c2b4 e-con-full e-flex e-con e-child\" data-id=\"53b1c2b4\" data-element_type=\"container\">\n\t\t<div class=\"elementor-element elementor-element-6623bbb2 e-con-full e-flex e-con e-child\" data-id=\"6623bbb2\" data-element_type=\"container\">\n\t\t\t\t<div class=\"elementor-element elementor-element-cefcdee elementor-widget elementor-widget-video\" data-id=\"cefcdee\" data-element_type=\"widget\" data-settings=\"{&quot;video_type&quot;:&quot;hosted&quot;,&quot;autoplay&quot;:&quot;yes&quot;,&quot;play_on_mobile&quot;:&quot;yes&quot;,&quot;mute&quot;:&quot;yes&quot;,&quot;controls&quot;:&quot;yes&quot;}\" data-widget_type=\"video.default\">\n\t\t\t\t<div class=\"elementor-widget-container\">\n\t\t\t\t\t\t\t<div class=\"e-hosted-video elementor-wrapper elementor-open-inline\">\n\t\t\t\t\t<video class=\"elementor-video\" src=\"https:\/\/atceenerji.com\/wp-content\/uploads\/2026\/03\/ATCE-KURUMSAL-TANITIM-FILMI-WEB-ICIN.mp4\" autoplay=\"\" controls=\"\" muted=\"muted\" playsinline=\"\" controlslist=\"nodownload\"><\/video>\n\t\t\t\t<\/div>\n\t\t\t\t\t\t<\/div>\n\t\t\t\t<\/div>\n\t\t\t\t<\/div>\n\t\t\t\t<\/div>\n\t\t\t\t\t<\/div>\n\t\t\t\t<\/div>\n\t\t\t\t<\/div>","protected":false},"excerpt":{"rendered":"<p>Kataloglar 2024 T\u00fcrk\u00e7e Kurumsal Katalog \u0130ND\u0130R 2024 English Corporate Catalog \u0130ND\u0130R 2024 \u0420\u043e\u0441\u0441\u0438\u0439\u0441\u043a\u0438\u0439 \u043a\u043e\u0440\u043f\u043e\u0440\u0430\u0442\u0438\u0432\u043d\u044b\u0439 \u043a\u0430\u0442\u0430\u043b\u043e\u0433 \u0130ND\u0130R 2024 Catalogue Corporatif Fran\u00e7ais<\/p>","protected":false},"author":4,"featured_media":0,"parent":0,"menu_order":0,"comment_status":"closed","ping_status":"closed","template":"","meta":{"footnotes":""},"class_list":["post-27495","page","type-page","status-publish","hentry"],"aioseo_notices":[],"_links":{"self":[{"href":"https:\/\/atceenerji.com\/en\/wp-json\/wp\/v2\/pages\/27495","targetHints":{"allow":["GET"]}}],"collection":[{"href":"https:\/\/atceenerji.com\/en\/wp-json\/wp\/v2\/pages"}],"about":[{"href":"https:\/\/atceenerji.com\/en\/wp-json\/wp\/v2\/types\/page"}],"author":[{"embeddable":true,"href":"https:\/\/atceenerji.com\/en\/wp-json\/wp\/v2\/users\/4"}],"replies":[{"embeddable":true,"href":"https:\/\/atceenerji.com\/en\/wp-json\/wp\/v2\/comments?post=27495"}],"version-history":[{"count":8,"href":"https:\/\/atceenerji.com\/en\/wp-json\/wp\/v2\/pages\/27495\/revisions"}],"predecessor-version":[{"id":27505,"href":"https:\/\/atceenerji.com\/en\/wp-json\/wp\/v2\/pages\/27495\/revisions\/27505"}],"wp:attachment":[{"href":"https:\/\/atceenerji.com\/en\/wp-json\/wp\/v2\/media?parent=27495"}],"curies":[{"name":"wp","href":"https:\/\/api.w.org\/{rel}","templated":true}]}}