{"id":25399,"date":"2024-02-24T15:10:56","date_gmt":"2024-02-24T12:10:56","guid":{"rendered":"http:\/\/atceenerji.com\/?post_type=product&#038;p=25399"},"modified":"2024-03-19T20:04:12","modified_gmt":"2024-03-19T17:04:12","slug":"equipped-external-type-switchboards","status":"publish","type":"product","link":"http:\/\/atceenerji.com\/tr_tr\/urunler\/es-serisi\/eso-serisi\/equipped-external-type-switchboards\/","title":{"rendered":"DONATILI HAR\u0130C\u0130 T\u0130P KURUM PANOLARI"},"content":{"rendered":"","protected":false},"excerpt":{"rendered":"<p>ESO serisi, kurum tipi harici tip panolardan olu\u015fmaktad\u0131r. \u00dcr\u00fcnler TE\u0130A\u0218, TEDA\u0218 MYD \u015eartnamelerine ba\u011fl\u0131 kalarak t\u00fcm kablolar\u0131 numaral\u0131, cihazlar\u0131 tak\u0131lm\u0131\u015f ve etiketlenmi\u015f vaziyette donat\u0131l\u0131 olarak \u00fcretilmektedir.<\/p>\n<link rel=\"stylesheet\" id=\"elementor-post-25400-css\" href=\"http:\/\/atceenerji.com\/wp-content\/uploads\/elementor\/css\/post-25400.css?ver=1774680518\" type=\"text\/css\" media=\"all\">\n<div data-elementor-type=\"wp-post\" data-elementor-id=\"25400\" class=\"elementor elementor-25400\" data-elementor-post-type=\"cms_block\">\n<div class=\"wd-negative-gap elementor-element elementor-element-1f68cc5 ozellik e-flex e-con-boxed e-con e-parent\" data-id=\"1f68cc5\" data-element_type=\"container\">\n<div class=\"e-con-inner\">\n<div class=\"elementor-element elementor-element-2222dc1 elementor-widget elementor-widget-wd_text_block\" data-id=\"2222dc1\" data-element_type=\"widget\" data-widget_type=\"wd_text_block.default\">\n<div class=\"elementor-widget-container\">\n<div class=\"wd-text-block reset-last-child text-left\">\n<table style=\"display: flex;\">\n<tbody>\n<tr>\n<td><img decoding=\"async\" class=\" wd-lazy-fade alignnone wp-image-25112\" src=\"http:\/\/atceenerji.com\/wp-content\/themes\/woodmart\/images\/lazy.svg\" data-src=\"http:\/\/atceenerji.com\/wp-content\/uploads\/2021\/08\/saglam-ve-ergonomik-250x300.png\" alt=\"\" width=\"58\" height=\"70\" srcset=\"\" data-srcset=\"https:\/\/atceenerji.com\/wp-content\/uploads\/2021\/08\/saglam-ve-ergonomik-250x300.png 250w, https:\/\/atceenerji.com\/wp-content\/uploads\/2021\/08\/saglam-ve-ergonomik-150x180.png 150w, https:\/\/atceenerji.com\/wp-content\/uploads\/2021\/08\/saglam-ve-ergonomik-58x70.png 58w, https:\/\/atceenerji.com\/wp-content\/uploads\/2021\/08\/saglam-ve-ergonomik.png 300w\" sizes=\"(max-width: 58px) 100vw, 58px\" \/><\/td>\n<td><img decoding=\"async\" class=\" wd-lazy-fade alignnone wp-image-25113\" src=\"http:\/\/atceenerji.com\/wp-content\/themes\/woodmart\/images\/lazy.svg\" data-src=\"http:\/\/atceenerji.com\/wp-content\/uploads\/2021\/08\/ihtiyaca-gore-projelendirme.png\" alt=\"\" width=\"72\" height=\"70\" srcset=\"\" data-srcset=\"https:\/\/atceenerji.com\/wp-content\/uploads\/2021\/08\/ihtiyaca-gore-projelendirme.png 300w, https:\/\/atceenerji.com\/wp-content\/uploads\/2021\/08\/ihtiyaca-gore-projelendirme-150x147.png 150w, https:\/\/atceenerji.com\/wp-content\/uploads\/2021\/08\/ihtiyaca-gore-projelendirme-72x70.png 72w\" sizes=\"(max-width: 72px) 100vw, 72px\" \/><\/td>\n<td><img decoding=\"async\" class=\" wd-lazy-fade alignnone wp-image-25402\" src=\"http:\/\/atceenerji.com\/wp-content\/themes\/woodmart\/images\/lazy.svg\" data-src=\"http:\/\/atceenerji.com\/wp-content\/uploads\/2024\/02\/sartnameye-uygun-278x300.png\" alt=\"\" width=\"65\" height=\"70\" srcset=\"\" data-srcset=\"https:\/\/atceenerji.com\/wp-content\/uploads\/2024\/02\/sartnameye-uygun-278x300.png 278w, https:\/\/atceenerji.com\/wp-content\/uploads\/2024\/02\/sartnameye-uygun-150x162.png 150w, https:\/\/atceenerji.com\/wp-content\/uploads\/2024\/02\/sartnameye-uygun.png 300w\" sizes=\"(max-width: 65px) 100vw, 65px\" \/><\/td>\n<\/tr>\n<tr>\n<td><img loading=\"lazy\" decoding=\"async\" class=\" wd-lazy-fade alignnone wp-image-25115\" src=\"http:\/\/atceenerji.com\/wp-content\/themes\/woodmart\/images\/lazy.svg\" data-src=\"http:\/\/atceenerji.com\/wp-content\/uploads\/2021\/08\/elektrostatik-boyali.png\" alt=\"\" width=\"75\" height=\"70\" srcset=\"\" data-srcset=\"https:\/\/atceenerji.com\/wp-content\/uploads\/2021\/08\/elektrostatik-boyali.png 300w, https:\/\/atceenerji.com\/wp-content\/uploads\/2021\/08\/elektrostatik-boyali-150x141.png 150w, https:\/\/atceenerji.com\/wp-content\/uploads\/2021\/08\/elektrostatik-boyali-75x70.png 75w\" sizes=\"(max-width: 75px) 100vw, 75px\" \/><\/td>\n<td><img loading=\"lazy\" decoding=\"async\" class=\" wd-lazy-fade alignnone wp-image-25116\" src=\"http:\/\/atceenerji.com\/wp-content\/themes\/woodmart\/images\/lazy.svg\" data-src=\"http:\/\/atceenerji.com\/wp-content\/uploads\/2021\/08\/yuksek-verimli.png\" alt=\"\" width=\"75\" height=\"70\" srcset=\"\" data-srcset=\"https:\/\/atceenerji.com\/wp-content\/uploads\/2021\/08\/yuksek-verimli.png 300w, https:\/\/atceenerji.com\/wp-content\/uploads\/2021\/08\/yuksek-verimli-150x141.png 150w, https:\/\/atceenerji.com\/wp-content\/uploads\/2021\/08\/yuksek-verimli-75x70.png 75w\" sizes=\"(max-width: 75px) 100vw, 75px\" \/><\/td>\n<td>\u00a0<\/td>\n<\/tr>\n<\/tbody>\n<\/table><\/div>\n<\/p><\/div>\n<\/p><\/div>\n<\/p><\/div>\n<\/p><\/div>\n<\/p><\/div>\n","protected":false},"featured_media":25385,"template":"","meta":[],"product_brand":[],"product_cat":[32,103],"product_tag":[],"class_list":{"0":"post-25399","1":"product","2":"type-product","3":"status-publish","4":"has-post-thumbnail","6":"product_cat-es-serisi","7":"product_cat-eso-serisi","9":"first","10":"instock","11":"shipping-taxable","12":"product-type-simple"},"aioseo_notices":[],"_links":{"self":[{"href":"http:\/\/atceenerji.com\/tr_tr\/wp-json\/wp\/v2\/product\/25399","targetHints":{"allow":["GET"]}}],"collection":[{"href":"http:\/\/atceenerji.com\/tr_tr\/wp-json\/wp\/v2\/product"}],"about":[{"href":"http:\/\/atceenerji.com\/tr_tr\/wp-json\/wp\/v2\/types\/product"}],"version-history":[{"count":0,"href":"http:\/\/atceenerji.com\/tr_tr\/wp-json\/wp\/v2\/product\/25399\/revisions"}],"wp:featuredmedia":[{"embeddable":true,"href":"http:\/\/atceenerji.com\/tr_tr\/wp-json\/wp\/v2\/media\/25385"}],"wp:attachment":[{"href":"http:\/\/atceenerji.com\/tr_tr\/wp-json\/wp\/v2\/media?parent=25399"}],"wp:term":[{"taxonomy":"product_brand","embeddable":true,"href":"http:\/\/atceenerji.com\/tr_tr\/wp-json\/wp\/v2\/product_brand?post=25399"},{"taxonomy":"product_cat","embeddable":true,"href":"http:\/\/atceenerji.com\/tr_tr\/wp-json\/wp\/v2\/product_cat?post=25399"},{"taxonomy":"product_tag","embeddable":true,"href":"http:\/\/atceenerji.com\/tr_tr\/wp-json\/wp\/v2\/product_tag?post=25399"}],"curies":[{"name":"wp","href":"https:\/\/api.w.org\/{rel}","templated":true}]}}